{"id":14650,"date":"2024-12-30T16:36:53","date_gmt":"2024-12-30T16:36:53","guid":{"rendered":"https:\/\/www.cpip.gov.co\/?page_id=14650"},"modified":"2025-03-04T16:20:51","modified_gmt":"2025-03-04T16:20:51","slug":"informes-de-visitas-de-inspeccion","status":"publish","type":"page","link":"https:\/\/www.cpip.gov.co\/index.php\/informes-de-visitas-de-inspeccion\/","title":{"rendered":"Informes de Visitas de Inspecci\u00f3n"},"content":{"rendered":"\t\t<div data-elementor-type=\"wp-page\" data-elementor-id=\"14650\" class=\"elementor elementor-14650\">\n\t\t\t\t\t\t<section class=\"elementor-section elementor-top-section elementor-element elementor-element-ec69dca elementor-section-boxed elementor-section-height-default elementor-section-height-default\" data-id=\"ec69dca\" data-element_type=\"section\" data-e-type=\"section\">\n\t\t\t\t\t\t<div class=\"elementor-container elementor-column-gap-default\">\n\t\t\t\t\t<div class=\"elementor-column elementor-col-100 elementor-top-column elementor-element elementor-element-fc9c189\" data-id=\"fc9c189\" data-element_type=\"column\" data-e-type=\"column\">\n\t\t\t<div class=\"elementor-widget-wrap elementor-element-populated\">\n\t\t\t\t\t\t<div class=\"elementor-element elementor-element-8dd2176 elementor-widget elementor-widget-text-editor\" data-id=\"8dd2176\" data-element_type=\"widget\" data-e-type=\"widget\" data-widget_type=\"text-editor.default\">\n\t\t\t\t<div class=\"elementor-widget-container\">\n\t\t\t\t\t\t\t\t\t<p>\u00a0<\/p><p><strong><span style=\"text-decoration: underline;\"><a href=\"https:\/\/www.cpip.gov.co\/wp-content\/uploads\/2024\/12\/INFORME-VISITAS-DE-INSPECCION-2022.docx.pdf\">Visitas de Inspecci\u00f3n 2022<\/a><\/span><\/strong><\/p><p><strong><span style=\"text-decoration: underline;\"><a href=\"https:\/\/www.cpip.gov.co\/wp-content\/uploads\/2024\/12\/240130-INFORME-FINAL-VISITAS-DE-INSPECCION-2023-CPIP-Rev-AV.pdf\">Visitas de Inspecci\u00f3n 2023<\/a><\/span><\/strong><\/p><p><a href=\"https:\/\/www.cpip.gov.co\/wp-content\/uploads\/2025\/03\/250206-INFORME-VISITAS-DE-INSPECCION-2024-FINAL-DIC.pdf\"><strong><span style=\"text-decoration: underline;\">Visitas de Inspecci\u00f3n 2024<\/span><\/strong><\/a><\/p>\t\t\t\t\t\t\t\t<\/div>\n\t\t\t\t<\/div>\n\t\t\t\t\t<\/div>\n\t\t<\/div>\n\t\t\t\t\t<\/div>\n\t\t<\/section>\n\t\t\t\t<\/div>\n\t\t","protected":false},"excerpt":{"rendered":"<p>\u00a0 Visitas de Inspecci\u00f3n 2022 Visitas de Inspecci\u00f3n 2023 Visitas de Inspecci\u00f3n 2024<\/p>\n","protected":false},"author":1,"featured_media":0,"parent":0,"menu_order":0,"comment_status":"closed","ping_status":"closed","template":"","meta":{"footnotes":""},"class_list":["post-14650","page","type-page","status-publish","hentry"],"yoast_head":"<!-- This site is optimized with the Yoast SEO plugin v27.4 - https:\/\/yoast.com\/product\/yoast-seo-wordpress\/ -->\n<title>Informes de Visitas de Inspecci\u00f3n - CPIP - Consejo Profesional de Ingenier&iacute;a de Petr&oacute;leos<\/title>\n<meta name=\"robots\" content=\"index, follow, max-snippet:-1, max-image-preview:large, max-video-preview:-1\" \/>\n<link rel=\"canonical\" href=\"https:\/\/www.cpip.gov.co\/index.php\/informes-de-visitas-de-inspeccion\/\" \/>\n<meta property=\"og:locale\" content=\"es_ES\" \/>\n<meta property=\"og:type\" content=\"article\" \/>\n<meta property=\"og:title\" content=\"Informes de Visitas de Inspecci\u00f3n - CPIP - Consejo Profesional de Ingenier&iacute;a de Petr&oacute;leos\" \/>\n<meta property=\"og:description\" content=\"\u00a0 Visitas de Inspecci\u00f3n 2022 Visitas de Inspecci\u00f3n 2023 Visitas de Inspecci\u00f3n 2024\" \/>\n<meta property=\"og:url\" content=\"https:\/\/www.cpip.gov.co\/index.php\/informes-de-visitas-de-inspeccion\/\" \/>\n<meta property=\"og:site_name\" content=\"CPIP - Consejo Profesional de Ingenier&iacute;a de Petr&oacute;leos\" \/>\n<meta property=\"article:modified_time\" content=\"2025-03-04T16:20:51+00:00\" \/>\n<meta name=\"twitter:card\" content=\"summary_large_image\" \/>\n<meta name=\"twitter:label1\" content=\"Tiempo de lectura\" \/>\n\t<meta name=\"twitter:data1\" content=\"1 minuto\" \/>\n<script type=\"application\/ld+json\" class=\"yoast-schema-graph\">{\"@context\":\"https:\\\/\\\/schema.org\",\"@graph\":[{\"@type\":\"WebPage\",\"@id\":\"https:\\\/\\\/www.cpip.gov.co\\\/index.php\\\/informes-de-visitas-de-inspeccion\\\/\",\"url\":\"https:\\\/\\\/www.cpip.gov.co\\\/index.php\\\/informes-de-visitas-de-inspeccion\\\/\",\"name\":\"Informes de Visitas de Inspecci\u00f3n - CPIP - Consejo Profesional de Ingenier&iacute;a de Petr&oacute;leos\",\"isPartOf\":{\"@id\":\"https:\\\/\\\/www.cpip.gov.co\\\/#website\"},\"datePublished\":\"2024-12-30T16:36:53+00:00\",\"dateModified\":\"2025-03-04T16:20:51+00:00\",\"breadcrumb\":{\"@id\":\"https:\\\/\\\/www.cpip.gov.co\\\/index.php\\\/informes-de-visitas-de-inspeccion\\\/#breadcrumb\"},\"inLanguage\":\"es-CO\",\"potentialAction\":[{\"@type\":\"ReadAction\",\"target\":[\"https:\\\/\\\/www.cpip.gov.co\\\/index.php\\\/informes-de-visitas-de-inspeccion\\\/\"]}]},{\"@type\":\"BreadcrumbList\",\"@id\":\"https:\\\/\\\/www.cpip.gov.co\\\/index.php\\\/informes-de-visitas-de-inspeccion\\\/#breadcrumb\",\"itemListElement\":[{\"@type\":\"ListItem\",\"position\":1,\"name\":\"Home\",\"item\":\"https:\\\/\\\/www.cpip.gov.co\\\/\"},{\"@type\":\"ListItem\",\"position\":2,\"name\":\"Informes de Visitas de Inspecci\u00f3n\"}]},{\"@type\":\"WebSite\",\"@id\":\"https:\\\/\\\/www.cpip.gov.co\\\/#website\",\"url\":\"https:\\\/\\\/www.cpip.gov.co\\\/\",\"name\":\"CPIP - Consejo Profesional de Ingenier&iacute;a de Petr&oacute;leos\",\"description\":\"Entidad Gubernamental encargada de ejecutar la Inspecci&oacute;n y Vigilancia del Ejercico Legal de la Ingenieria de Petr&oacute;leos en Colombia.\",\"publisher\":{\"@id\":\"https:\\\/\\\/www.cpip.gov.co\\\/#organization\"},\"potentialAction\":[{\"@type\":\"SearchAction\",\"target\":{\"@type\":\"EntryPoint\",\"urlTemplate\":\"https:\\\/\\\/www.cpip.gov.co\\\/?s={search_term_string}\"},\"query-input\":{\"@type\":\"PropertyValueSpecification\",\"valueRequired\":true,\"valueName\":\"search_term_string\"}}],\"inLanguage\":\"es-CO\"},{\"@type\":\"Organization\",\"@id\":\"https:\\\/\\\/www.cpip.gov.co\\\/#organization\",\"name\":\"CPIP - Consejo Profesional de Ingenier&iacute;a de Petr&oacute;leos\",\"url\":\"https:\\\/\\\/www.cpip.gov.co\\\/\",\"logo\":{\"@type\":\"ImageObject\",\"inLanguage\":\"es-CO\",\"@id\":\"https:\\\/\\\/www.cpip.gov.co\\\/#\\\/schema\\\/logo\\\/image\\\/\",\"url\":\"https:\\\/\\\/www.cpip.gov.co\\\/wp-content\\\/uploads\\\/2024\\\/06\\\/cropped-cpip-1.png\",\"contentUrl\":\"https:\\\/\\\/www.cpip.gov.co\\\/wp-content\\\/uploads\\\/2024\\\/06\\\/cropped-cpip-1.png\",\"width\":1354,\"height\":399,\"caption\":\"CPIP - Consejo Profesional de Ingenier&iacute;a de Petr&oacute;leos\"},\"image\":{\"@id\":\"https:\\\/\\\/www.cpip.gov.co\\\/#\\\/schema\\\/logo\\\/image\\\/\"}}]}<\/script>\n<!-- \/ Yoast SEO plugin. -->","yoast_head_json":{"title":"Informes de Visitas de Inspecci\u00f3n - CPIP - Consejo Profesional de Ingenier&iacute;a de Petr&oacute;leos","robots":{"index":"index","follow":"follow","max-snippet":"max-snippet:-1","max-image-preview":"max-image-preview:large","max-video-preview":"max-video-preview:-1"},"canonical":"https:\/\/www.cpip.gov.co\/index.php\/informes-de-visitas-de-inspeccion\/","og_locale":"es_ES","og_type":"article","og_title":"Informes de Visitas de Inspecci\u00f3n - CPIP - Consejo Profesional de Ingenier&iacute;a de Petr&oacute;leos","og_description":"\u00a0 Visitas de Inspecci\u00f3n 2022 Visitas de Inspecci\u00f3n 2023 Visitas de Inspecci\u00f3n 2024","og_url":"https:\/\/www.cpip.gov.co\/index.php\/informes-de-visitas-de-inspeccion\/","og_site_name":"CPIP - Consejo Profesional de Ingenier&iacute;a de Petr&oacute;leos","article_modified_time":"2025-03-04T16:20:51+00:00","twitter_card":"summary_large_image","twitter_misc":{"Tiempo de lectura":"1 minuto"},"schema":{"@context":"https:\/\/schema.org","@graph":[{"@type":"WebPage","@id":"https:\/\/www.cpip.gov.co\/index.php\/informes-de-visitas-de-inspeccion\/","url":"https:\/\/www.cpip.gov.co\/index.php\/informes-de-visitas-de-inspeccion\/","name":"Informes de Visitas de Inspecci\u00f3n - CPIP - Consejo Profesional de Ingenier&iacute;a de Petr&oacute;leos","isPartOf":{"@id":"https:\/\/www.cpip.gov.co\/#website"},"datePublished":"2024-12-30T16:36:53+00:00","dateModified":"2025-03-04T16:20:51+00:00","breadcrumb":{"@id":"https:\/\/www.cpip.gov.co\/index.php\/informes-de-visitas-de-inspeccion\/#breadcrumb"},"inLanguage":"es-CO","potentialAction":[{"@type":"ReadAction","target":["https:\/\/www.cpip.gov.co\/index.php\/informes-de-visitas-de-inspeccion\/"]}]},{"@type":"BreadcrumbList","@id":"https:\/\/www.cpip.gov.co\/index.php\/informes-de-visitas-de-inspeccion\/#breadcrumb","itemListElement":[{"@type":"ListItem","position":1,"name":"Home","item":"https:\/\/www.cpip.gov.co\/"},{"@type":"ListItem","position":2,"name":"Informes de Visitas de Inspecci\u00f3n"}]},{"@type":"WebSite","@id":"https:\/\/www.cpip.gov.co\/#website","url":"https:\/\/www.cpip.gov.co\/","name":"CPIP - Consejo Profesional de Ingenier&iacute;a de Petr&oacute;leos","description":"Entidad Gubernamental encargada de ejecutar la Inspecci&oacute;n y Vigilancia del Ejercico Legal de la Ingenieria de Petr&oacute;leos en Colombia.","publisher":{"@id":"https:\/\/www.cpip.gov.co\/#organization"},"potentialAction":[{"@type":"SearchAction","target":{"@type":"EntryPoint","urlTemplate":"https:\/\/www.cpip.gov.co\/?s={search_term_string}"},"query-input":{"@type":"PropertyValueSpecification","valueRequired":true,"valueName":"search_term_string"}}],"inLanguage":"es-CO"},{"@type":"Organization","@id":"https:\/\/www.cpip.gov.co\/#organization","name":"CPIP - Consejo Profesional de Ingenier&iacute;a de Petr&oacute;leos","url":"https:\/\/www.cpip.gov.co\/","logo":{"@type":"ImageObject","inLanguage":"es-CO","@id":"https:\/\/www.cpip.gov.co\/#\/schema\/logo\/image\/","url":"https:\/\/www.cpip.gov.co\/wp-content\/uploads\/2024\/06\/cropped-cpip-1.png","contentUrl":"https:\/\/www.cpip.gov.co\/wp-content\/uploads\/2024\/06\/cropped-cpip-1.png","width":1354,"height":399,"caption":"CPIP - Consejo Profesional de Ingenier&iacute;a de Petr&oacute;leos"},"image":{"@id":"https:\/\/www.cpip.gov.co\/#\/schema\/logo\/image\/"}}]}},"_links":{"self":[{"href":"https:\/\/www.cpip.gov.co\/index.php\/wp-json\/wp\/v2\/pages\/14650","targetHints":{"allow":["GET"]}}],"collection":[{"href":"https:\/\/www.cpip.gov.co\/index.php\/wp-json\/wp\/v2\/pages"}],"about":[{"href":"https:\/\/www.cpip.gov.co\/index.php\/wp-json\/wp\/v2\/types\/page"}],"author":[{"embeddable":true,"href":"https:\/\/www.cpip.gov.co\/index.php\/wp-json\/wp\/v2\/users\/1"}],"replies":[{"embeddable":true,"href":"https:\/\/www.cpip.gov.co\/index.php\/wp-json\/wp\/v2\/comments?post=14650"}],"version-history":[{"count":20,"href":"https:\/\/www.cpip.gov.co\/index.php\/wp-json\/wp\/v2\/pages\/14650\/revisions"}],"predecessor-version":[{"id":15060,"href":"https:\/\/www.cpip.gov.co\/index.php\/wp-json\/wp\/v2\/pages\/14650\/revisions\/15060"}],"wp:attachment":[{"href":"https:\/\/www.cpip.gov.co\/index.php\/wp-json\/wp\/v2\/media?parent=14650"}],"curies":[{"name":"wp","href":"https:\/\/api.w.org\/{rel}","templated":true}]}}