{"id":15461,"date":"2025-06-06T18:40:50","date_gmt":"2025-06-06T18:40:50","guid":{"rendered":"https:\/\/www.cpip.gov.co\/?page_id=15461"},"modified":"2025-09-22T14:22:57","modified_gmt":"2025-09-22T14:22:57","slug":"autogestion-del-ejercicio-profesional-empresarial","status":"publish","type":"page","link":"https:\/\/www.cpip.gov.co\/index.php\/autogestion-del-ejercicio-profesional-empresarial\/","title":{"rendered":"Autorreporte del Ejercicio Profesional Empresarial"},"content":{"rendered":"\t\t<div data-elementor-type=\"wp-page\" data-elementor-id=\"15461\" class=\"elementor elementor-15461\">\n\t\t\t\t\t\t<section class=\"elementor-section elementor-top-section elementor-element elementor-element-685a0a0 elementor-section-boxed elementor-section-height-default elementor-section-height-default\" data-id=\"685a0a0\" data-element_type=\"section\" data-e-type=\"section\">\n\t\t\t\t\t\t<div class=\"elementor-container elementor-column-gap-default\">\n\t\t\t\t\t<div class=\"elementor-column elementor-col-100 elementor-top-column elementor-element elementor-element-88399da\" data-id=\"88399da\" data-element_type=\"column\" data-e-type=\"column\">\n\t\t\t<div class=\"elementor-widget-wrap elementor-element-populated\">\n\t\t\t\t\t\t<div class=\"elementor-element elementor-element-e9bb356 elementor-widget elementor-widget-heading\" data-id=\"e9bb356\" data-element_type=\"widget\" data-e-type=\"widget\" data-widget_type=\"heading.default\">\n\t\t\t\t<div class=\"elementor-widget-container\">\n\t\t\t\t\t<h2 class=\"elementor-heading-title elementor-size-default\">Autorreporte del Ejercicio Profesional Empresarial<\/h2>\t\t\t\t<\/div>\n\t\t\t\t<\/div>\n\t\t\t\t\t<\/div>\n\t\t<\/div>\n\t\t\t\t\t<\/div>\n\t\t<\/section>\n\t\t\t\t<section class=\"elementor-section elementor-top-section elementor-element elementor-element-e9889f5 elementor-section-boxed elementor-section-height-default elementor-section-height-default\" data-id=\"e9889f5\" data-element_type=\"section\" data-e-type=\"section\">\n\t\t\t\t\t\t<div class=\"elementor-container elementor-column-gap-default\">\n\t\t\t\t\t<div class=\"elementor-column elementor-col-50 elementor-top-column elementor-element elementor-element-018da28\" data-id=\"018da28\" data-element_type=\"column\" data-e-type=\"column\">\n\t\t\t<div class=\"elementor-widget-wrap elementor-element-populated\">\n\t\t\t\t\t\t<div class=\"elementor-element elementor-element-aa91ca0 elementor-widget elementor-widget-text-editor\" data-id=\"aa91ca0\" data-element_type=\"widget\" data-e-type=\"widget\" data-widget_type=\"text-editor.default\">\n\t\t\t\t<div class=\"elementor-widget-container\">\n\t\t\t\t\t\t\t\t\t<ul><li><strong>Paso 1:<\/strong><span class=\"gmail_default\">Lea todas las instrucciones y a<\/span>seg\u00farese de que la informaci\u00f3n corresponda a profesionales de Ingenier\u00eda de Petr\u00f3leos.<\/li><li><strong>Paso 2:<\/strong> Descargue el formato Excel\u00a0<a href=\"https:\/\/www.cpip.gov.co\/wp-content\/uploads\/2025\/06\/GJ-FOR-020-Reporte-ingenieros-de-petroleos.xlsx\"><span style=\"text-decoration: underline;\"><strong>GJ-FOR-020<\/strong><\/span><\/a>\u00a0y compl\u00e9telo \u00edntegramente, respetando el orden de las columnas y evitando el uso de caracteres especiales o puntos<span class=\"gmail_default\">\u00a0entre otros. Utilice\u00a0 documento de<\/span>\u00a0identificaci\u00f3n<span class=\"gmail_default\">\u00a0v\u00e1lidos<\/span>. Este es el \u00fanico formato vigente; no se aceptar\u00e1n otros.<\/li><li><strong>Paso 3:<\/strong> Abra el v\u00ednculo del autorreporte CPIP 2025 haciendo clic en:<br \/><a href=\"https:\/\/forms.gle\/jM3CEk2rC8fyHDcH6\" target=\"_blank\" rel=\"noopener\" data-saferedirecturl=\"https:\/\/www.google.com\/url?q=https:\/\/forms.gle\/1gCfQWuPG7FJ7nWHA&amp;source=gmail&amp;ust=1749820414041000&amp;usg=AOvVaw1_JLGjsQJN09Tu3Go3T1_w\">https:\/\/forms.gle\/<wbr \/>1gCfQWuPG7FJ7nWHA<\/a><span class=\"gmail_default\">\u00a0<\/span>y siga las instrucciones que se indican.<\/li><li><strong>Paso 4:<\/strong> Al diligenciar el autorreporte, adjunte el archivo\u00a0<strong>GJ-FOR-020<\/strong>\u00a0completo.<\/li><li><strong>Paso 5:<\/strong> Finalmente, haga clic en\u00a0<strong>Enviar<\/strong>\u00a0para cerrar el proceso.<\/li><\/ul><p>.<\/p>\t\t\t\t\t\t\t\t<\/div>\n\t\t\t\t<\/div>\n\t\t\t\t\t<\/div>\n\t\t<\/div>\n\t\t\t\t<div class=\"elementor-column elementor-col-50 elementor-top-column elementor-element elementor-element-ea862be\" data-id=\"ea862be\" data-element_type=\"column\" data-e-type=\"column\">\n\t\t\t<div class=\"elementor-widget-wrap elementor-element-populated\">\n\t\t\t\t\t\t<div class=\"elementor-element elementor-element-f446850 elementor-widget elementor-widget-image\" data-id=\"f446850\" data-element_type=\"widget\" data-e-type=\"widget\" data-widget_type=\"image.default\">\n\t\t\t\t<div class=\"elementor-widget-container\">\n\t\t\t\t\t\t\t\t\t\t\t\t\t\t\t<img decoding=\"async\" src=\"https:\/\/www.cpip.gov.co\/wp-content\/uploads\/elementor\/thumbs\/image-9-r727bb27nb33p7u9z2goqo2apayqnrp125gmoloqzk.png\" title=\"image (9)\" alt=\"image (9)\" loading=\"lazy\" \/>\t\t\t\t\t\t\t\t\t\t\t\t\t\t\t<\/div>\n\t\t\t\t<\/div>\n\t\t\t\t\t<\/div>\n\t\t<\/div>\n\t\t\t\t\t<\/div>\n\t\t<\/section>\n\t\t\t\t<section class=\"elementor-section elementor-top-section elementor-element elementor-element-644da2c elementor-section-boxed elementor-section-height-default elementor-section-height-default\" data-id=\"644da2c\" data-element_type=\"section\" data-e-type=\"section\">\n\t\t\t\t\t\t<div class=\"elementor-container elementor-column-gap-default\">\n\t\t\t\t\t<div class=\"elementor-column elementor-col-100 elementor-top-column elementor-element elementor-element-41299c6\" data-id=\"41299c6\" data-element_type=\"column\" data-e-type=\"column\">\n\t\t\t<div class=\"elementor-widget-wrap\">\n\t\t\t\t\t\t\t<\/div>\n\t\t<\/div>\n\t\t\t\t\t<\/div>\n\t\t<\/section>\n\t\t\t\t<\/div>\n\t\t","protected":false},"excerpt":{"rendered":"<p>Autorreporte del Ejercicio Profesional Empresarial Paso 1:Lea todas las instrucciones y aseg\u00farese de que la informaci\u00f3n corresponda a profesionales de Ingenier\u00eda de Petr\u00f3leos. Paso 2:&hellip;<\/p>\n","protected":false},"author":1,"featured_media":0,"parent":0,"menu_order":0,"comment_status":"closed","ping_status":"closed","template":"","meta":{"footnotes":""},"class_list":["post-15461","page","type-page","status-publish","hentry"],"yoast_head":"<!-- This site is optimized with the Yoast SEO plugin v27.3 - https:\/\/yoast.com\/product\/yoast-seo-wordpress\/ -->\n<title>Autorreporte del Ejercicio Profesional Empresarial - CPIP - Consejo Profesional de Ingenier&iacute;a de Petr&oacute;leos<\/title>\n<meta name=\"robots\" content=\"index, follow, max-snippet:-1, max-image-preview:large, max-video-preview:-1\" \/>\n<link rel=\"canonical\" href=\"https:\/\/www.cpip.gov.co\/index.php\/autogestion-del-ejercicio-profesional-empresarial\/\" \/>\n<meta property=\"og:locale\" content=\"es_ES\" \/>\n<meta property=\"og:type\" content=\"article\" \/>\n<meta property=\"og:title\" content=\"Autorreporte del Ejercicio Profesional Empresarial - CPIP - Consejo Profesional de Ingenier&iacute;a de Petr&oacute;leos\" \/>\n<meta property=\"og:description\" content=\"Autorreporte del Ejercicio Profesional Empresarial Paso 1:Lea todas las instrucciones y aseg\u00farese de que la informaci\u00f3n corresponda a profesionales de Ingenier\u00eda de Petr\u00f3leos. Paso 2:&hellip;\" \/>\n<meta property=\"og:url\" content=\"https:\/\/www.cpip.gov.co\/index.php\/autogestion-del-ejercicio-profesional-empresarial\/\" \/>\n<meta property=\"og:site_name\" content=\"CPIP - Consejo Profesional de Ingenier&iacute;a de Petr&oacute;leos\" \/>\n<meta property=\"article:modified_time\" content=\"2025-09-22T14:22:57+00:00\" \/>\n<meta property=\"og:image\" content=\"https:\/\/www.cpip.gov.co\/wp-content\/uploads\/elementor\/thumbs\/image-9-r727bb27nb33p7u9z2goqo2apayqnrp125gmoloqzk.png\" \/>\n<meta name=\"twitter:card\" content=\"summary_large_image\" \/>\n<meta name=\"twitter:label1\" content=\"Tiempo de lectura\" \/>\n\t<meta name=\"twitter:data1\" content=\"1 minuto\" \/>\n<script type=\"application\/ld+json\" class=\"yoast-schema-graph\">{\"@context\":\"https:\\\/\\\/schema.org\",\"@graph\":[{\"@type\":\"WebPage\",\"@id\":\"https:\\\/\\\/www.cpip.gov.co\\\/index.php\\\/autogestion-del-ejercicio-profesional-empresarial\\\/\",\"url\":\"https:\\\/\\\/www.cpip.gov.co\\\/index.php\\\/autogestion-del-ejercicio-profesional-empresarial\\\/\",\"name\":\"Autorreporte del Ejercicio Profesional Empresarial - CPIP - Consejo Profesional de Ingenier&iacute;a de Petr&oacute;leos\",\"isPartOf\":{\"@id\":\"https:\\\/\\\/www.cpip.gov.co\\\/#website\"},\"primaryImageOfPage\":{\"@id\":\"https:\\\/\\\/www.cpip.gov.co\\\/index.php\\\/autogestion-del-ejercicio-profesional-empresarial\\\/#primaryimage\"},\"image\":{\"@id\":\"https:\\\/\\\/www.cpip.gov.co\\\/index.php\\\/autogestion-del-ejercicio-profesional-empresarial\\\/#primaryimage\"},\"thumbnailUrl\":\"https:\\\/\\\/www.cpip.gov.co\\\/wp-content\\\/uploads\\\/elementor\\\/thumbs\\\/image-9-r727bb27nb33p7u9z2goqo2apayqnrp125gmoloqzk.png\",\"datePublished\":\"2025-06-06T18:40:50+00:00\",\"dateModified\":\"2025-09-22T14:22:57+00:00\",\"breadcrumb\":{\"@id\":\"https:\\\/\\\/www.cpip.gov.co\\\/index.php\\\/autogestion-del-ejercicio-profesional-empresarial\\\/#breadcrumb\"},\"inLanguage\":\"es-CO\",\"potentialAction\":[{\"@type\":\"ReadAction\",\"target\":[\"https:\\\/\\\/www.cpip.gov.co\\\/index.php\\\/autogestion-del-ejercicio-profesional-empresarial\\\/\"]}]},{\"@type\":\"ImageObject\",\"inLanguage\":\"es-CO\",\"@id\":\"https:\\\/\\\/www.cpip.gov.co\\\/index.php\\\/autogestion-del-ejercicio-profesional-empresarial\\\/#primaryimage\",\"url\":\"https:\\\/\\\/www.cpip.gov.co\\\/wp-content\\\/uploads\\\/elementor\\\/thumbs\\\/image-9-r727bb27nb33p7u9z2goqo2apayqnrp125gmoloqzk.png\",\"contentUrl\":\"https:\\\/\\\/www.cpip.gov.co\\\/wp-content\\\/uploads\\\/elementor\\\/thumbs\\\/image-9-r727bb27nb33p7u9z2goqo2apayqnrp125gmoloqzk.png\"},{\"@type\":\"BreadcrumbList\",\"@id\":\"https:\\\/\\\/www.cpip.gov.co\\\/index.php\\\/autogestion-del-ejercicio-profesional-empresarial\\\/#breadcrumb\",\"itemListElement\":[{\"@type\":\"ListItem\",\"position\":1,\"name\":\"Home\",\"item\":\"https:\\\/\\\/www.cpip.gov.co\\\/\"},{\"@type\":\"ListItem\",\"position\":2,\"name\":\"Autorreporte del Ejercicio Profesional Empresarial\"}]},{\"@type\":\"WebSite\",\"@id\":\"https:\\\/\\\/www.cpip.gov.co\\\/#website\",\"url\":\"https:\\\/\\\/www.cpip.gov.co\\\/\",\"name\":\"CPIP - Consejo Profesional de Ingenier&iacute;a de Petr&oacute;leos\",\"description\":\"Entidad Gubernamental encargada de ejecutar la Inspecci&oacute;n y Vigilancia del Ejercico Legal de la Ingenieria de Petr&oacute;leos en Colombia.\",\"publisher\":{\"@id\":\"https:\\\/\\\/www.cpip.gov.co\\\/#organization\"},\"potentialAction\":[{\"@type\":\"SearchAction\",\"target\":{\"@type\":\"EntryPoint\",\"urlTemplate\":\"https:\\\/\\\/www.cpip.gov.co\\\/?s={search_term_string}\"},\"query-input\":{\"@type\":\"PropertyValueSpecification\",\"valueRequired\":true,\"valueName\":\"search_term_string\"}}],\"inLanguage\":\"es-CO\"},{\"@type\":\"Organization\",\"@id\":\"https:\\\/\\\/www.cpip.gov.co\\\/#organization\",\"name\":\"CPIP - Consejo Profesional de Ingenier&iacute;a de Petr&oacute;leos\",\"url\":\"https:\\\/\\\/www.cpip.gov.co\\\/\",\"logo\":{\"@type\":\"ImageObject\",\"inLanguage\":\"es-CO\",\"@id\":\"https:\\\/\\\/www.cpip.gov.co\\\/#\\\/schema\\\/logo\\\/image\\\/\",\"url\":\"https:\\\/\\\/www.cpip.gov.co\\\/wp-content\\\/uploads\\\/2024\\\/06\\\/cropped-cpip-1.png\",\"contentUrl\":\"https:\\\/\\\/www.cpip.gov.co\\\/wp-content\\\/uploads\\\/2024\\\/06\\\/cropped-cpip-1.png\",\"width\":1354,\"height\":399,\"caption\":\"CPIP - Consejo Profesional de Ingenier&iacute;a de Petr&oacute;leos\"},\"image\":{\"@id\":\"https:\\\/\\\/www.cpip.gov.co\\\/#\\\/schema\\\/logo\\\/image\\\/\"}}]}<\/script>\n<!-- \/ Yoast SEO plugin. -->","yoast_head_json":{"title":"Autorreporte del Ejercicio Profesional Empresarial - CPIP - Consejo Profesional de Ingenier&iacute;a de Petr&oacute;leos","robots":{"index":"index","follow":"follow","max-snippet":"max-snippet:-1","max-image-preview":"max-image-preview:large","max-video-preview":"max-video-preview:-1"},"canonical":"https:\/\/www.cpip.gov.co\/index.php\/autogestion-del-ejercicio-profesional-empresarial\/","og_locale":"es_ES","og_type":"article","og_title":"Autorreporte del Ejercicio Profesional Empresarial - CPIP - Consejo Profesional de Ingenier&iacute;a de Petr&oacute;leos","og_description":"Autorreporte del Ejercicio Profesional Empresarial Paso 1:Lea todas las instrucciones y aseg\u00farese de que la informaci\u00f3n corresponda a profesionales de Ingenier\u00eda de Petr\u00f3leos. Paso 2:&hellip;","og_url":"https:\/\/www.cpip.gov.co\/index.php\/autogestion-del-ejercicio-profesional-empresarial\/","og_site_name":"CPIP - Consejo Profesional de Ingenier&iacute;a de Petr&oacute;leos","article_modified_time":"2025-09-22T14:22:57+00:00","og_image":[{"url":"https:\/\/www.cpip.gov.co\/wp-content\/uploads\/elementor\/thumbs\/image-9-r727bb27nb33p7u9z2goqo2apayqnrp125gmoloqzk.png","type":"","width":"","height":""}],"twitter_card":"summary_large_image","twitter_misc":{"Tiempo de lectura":"1 minuto"},"schema":{"@context":"https:\/\/schema.org","@graph":[{"@type":"WebPage","@id":"https:\/\/www.cpip.gov.co\/index.php\/autogestion-del-ejercicio-profesional-empresarial\/","url":"https:\/\/www.cpip.gov.co\/index.php\/autogestion-del-ejercicio-profesional-empresarial\/","name":"Autorreporte del Ejercicio Profesional Empresarial - CPIP - Consejo Profesional de Ingenier&iacute;a de Petr&oacute;leos","isPartOf":{"@id":"https:\/\/www.cpip.gov.co\/#website"},"primaryImageOfPage":{"@id":"https:\/\/www.cpip.gov.co\/index.php\/autogestion-del-ejercicio-profesional-empresarial\/#primaryimage"},"image":{"@id":"https:\/\/www.cpip.gov.co\/index.php\/autogestion-del-ejercicio-profesional-empresarial\/#primaryimage"},"thumbnailUrl":"https:\/\/www.cpip.gov.co\/wp-content\/uploads\/elementor\/thumbs\/image-9-r727bb27nb33p7u9z2goqo2apayqnrp125gmoloqzk.png","datePublished":"2025-06-06T18:40:50+00:00","dateModified":"2025-09-22T14:22:57+00:00","breadcrumb":{"@id":"https:\/\/www.cpip.gov.co\/index.php\/autogestion-del-ejercicio-profesional-empresarial\/#breadcrumb"},"inLanguage":"es-CO","potentialAction":[{"@type":"ReadAction","target":["https:\/\/www.cpip.gov.co\/index.php\/autogestion-del-ejercicio-profesional-empresarial\/"]}]},{"@type":"ImageObject","inLanguage":"es-CO","@id":"https:\/\/www.cpip.gov.co\/index.php\/autogestion-del-ejercicio-profesional-empresarial\/#primaryimage","url":"https:\/\/www.cpip.gov.co\/wp-content\/uploads\/elementor\/thumbs\/image-9-r727bb27nb33p7u9z2goqo2apayqnrp125gmoloqzk.png","contentUrl":"https:\/\/www.cpip.gov.co\/wp-content\/uploads\/elementor\/thumbs\/image-9-r727bb27nb33p7u9z2goqo2apayqnrp125gmoloqzk.png"},{"@type":"BreadcrumbList","@id":"https:\/\/www.cpip.gov.co\/index.php\/autogestion-del-ejercicio-profesional-empresarial\/#breadcrumb","itemListElement":[{"@type":"ListItem","position":1,"name":"Home","item":"https:\/\/www.cpip.gov.co\/"},{"@type":"ListItem","position":2,"name":"Autorreporte del Ejercicio Profesional Empresarial"}]},{"@type":"WebSite","@id":"https:\/\/www.cpip.gov.co\/#website","url":"https:\/\/www.cpip.gov.co\/","name":"CPIP - Consejo Profesional de Ingenier&iacute;a de Petr&oacute;leos","description":"Entidad Gubernamental encargada de ejecutar la Inspecci&oacute;n y Vigilancia del Ejercico Legal de la Ingenieria de Petr&oacute;leos en Colombia.","publisher":{"@id":"https:\/\/www.cpip.gov.co\/#organization"},"potentialAction":[{"@type":"SearchAction","target":{"@type":"EntryPoint","urlTemplate":"https:\/\/www.cpip.gov.co\/?s={search_term_string}"},"query-input":{"@type":"PropertyValueSpecification","valueRequired":true,"valueName":"search_term_string"}}],"inLanguage":"es-CO"},{"@type":"Organization","@id":"https:\/\/www.cpip.gov.co\/#organization","name":"CPIP - Consejo Profesional de Ingenier&iacute;a de Petr&oacute;leos","url":"https:\/\/www.cpip.gov.co\/","logo":{"@type":"ImageObject","inLanguage":"es-CO","@id":"https:\/\/www.cpip.gov.co\/#\/schema\/logo\/image\/","url":"https:\/\/www.cpip.gov.co\/wp-content\/uploads\/2024\/06\/cropped-cpip-1.png","contentUrl":"https:\/\/www.cpip.gov.co\/wp-content\/uploads\/2024\/06\/cropped-cpip-1.png","width":1354,"height":399,"caption":"CPIP - Consejo Profesional de Ingenier&iacute;a de Petr&oacute;leos"},"image":{"@id":"https:\/\/www.cpip.gov.co\/#\/schema\/logo\/image\/"}}]}},"_links":{"self":[{"href":"https:\/\/www.cpip.gov.co\/index.php\/wp-json\/wp\/v2\/pages\/15461","targetHints":{"allow":["GET"]}}],"collection":[{"href":"https:\/\/www.cpip.gov.co\/index.php\/wp-json\/wp\/v2\/pages"}],"about":[{"href":"https:\/\/www.cpip.gov.co\/index.php\/wp-json\/wp\/v2\/types\/page"}],"author":[{"embeddable":true,"href":"https:\/\/www.cpip.gov.co\/index.php\/wp-json\/wp\/v2\/users\/1"}],"replies":[{"embeddable":true,"href":"https:\/\/www.cpip.gov.co\/index.php\/wp-json\/wp\/v2\/comments?post=15461"}],"version-history":[{"count":26,"href":"https:\/\/www.cpip.gov.co\/index.php\/wp-json\/wp\/v2\/pages\/15461\/revisions"}],"predecessor-version":[{"id":15973,"href":"https:\/\/www.cpip.gov.co\/index.php\/wp-json\/wp\/v2\/pages\/15461\/revisions\/15973"}],"wp:attachment":[{"href":"https:\/\/www.cpip.gov.co\/index.php\/wp-json\/wp\/v2\/media?parent=15461"}],"curies":[{"name":"wp","href":"https:\/\/api.w.org\/{rel}","templated":true}]}}