{"id":15753,"date":"2025-08-28T19:45:58","date_gmt":"2025-08-28T19:45:58","guid":{"rendered":"https:\/\/www.cpip.gov.co\/?page_id=15753"},"modified":"2025-12-23T15:05:39","modified_gmt":"2025-12-23T15:05:39","slug":"comisiones","status":"publish","type":"page","link":"https:\/\/www.cpip.gov.co\/index.php\/comisiones\/","title":{"rendered":"Comisiones"},"content":{"rendered":"\t\t<div data-elementor-type=\"wp-page\" data-elementor-id=\"15753\" class=\"elementor elementor-15753\">\n\t\t\t\t\t\t<section class=\"elementor-section elementor-top-section elementor-element elementor-element-b59defa elementor-section-boxed elementor-section-height-default elementor-section-height-default\" data-id=\"b59defa\" data-element_type=\"section\" data-e-type=\"section\">\n\t\t\t\t\t\t<div class=\"elementor-container elementor-column-gap-default\">\n\t\t\t\t\t<div class=\"elementor-column elementor-col-100 elementor-top-column elementor-element elementor-element-9a60abe\" data-id=\"9a60abe\" data-element_type=\"column\" data-e-type=\"column\">\n\t\t\t<div class=\"elementor-widget-wrap elementor-element-populated\">\n\t\t\t\t\t\t<div class=\"elementor-element elementor-element-4a3de4b elementor-widget elementor-widget-heading\" data-id=\"4a3de4b\" data-element_type=\"widget\" data-e-type=\"widget\" data-widget_type=\"heading.default\">\n\t\t\t\t<div class=\"elementor-widget-container\">\n\t\t\t\t\t<h2 class=\"elementor-heading-title elementor-size-default\">COMISIONES<\/h2>\t\t\t\t<\/div>\n\t\t\t\t<\/div>\n\t\t\t\t\t<\/div>\n\t\t<\/div>\n\t\t\t\t\t<\/div>\n\t\t<\/section>\n\t\t\t\t<section class=\"elementor-section elementor-top-section elementor-element elementor-element-2f66f0d elementor-section-boxed elementor-section-height-default elementor-section-height-default\" data-id=\"2f66f0d\" data-element_type=\"section\" data-e-type=\"section\">\n\t\t\t\t\t\t<div class=\"elementor-container elementor-column-gap-default\">\n\t\t\t\t\t<div class=\"elementor-column elementor-col-100 elementor-top-column elementor-element elementor-element-6f3f44a\" data-id=\"6f3f44a\" data-element_type=\"column\" data-e-type=\"column\">\n\t\t\t<div class=\"elementor-widget-wrap elementor-element-populated\">\n\t\t\t\t\t\t<div class=\"elementor-element elementor-element-c651c54 elementor-widget elementor-widget-spacer\" data-id=\"c651c54\" data-element_type=\"widget\" data-e-type=\"widget\" data-widget_type=\"spacer.default\">\n\t\t\t\t<div class=\"elementor-widget-container\">\n\t\t\t\t\t\t\t<div class=\"elementor-spacer\">\n\t\t\t<div class=\"elementor-spacer-inner\"><\/div>\n\t\t<\/div>\n\t\t\t\t\t\t<\/div>\n\t\t\t\t<\/div>\n\t\t\t\t\t<\/div>\n\t\t<\/div>\n\t\t\t\t\t<\/div>\n\t\t<\/section>\n\t\t\t\t<section class=\"elementor-section elementor-top-section elementor-element elementor-element-59386ae elementor-section-boxed elementor-section-height-default elementor-section-height-default\" data-id=\"59386ae\" data-element_type=\"section\" data-e-type=\"section\">\n\t\t\t\t\t\t<div class=\"elementor-container elementor-column-gap-default\">\n\t\t\t\t\t<div class=\"elementor-column elementor-col-33 elementor-top-column elementor-element elementor-element-cc4a368\" data-id=\"cc4a368\" data-element_type=\"column\" data-e-type=\"column\" data-settings=\"{&quot;background_background&quot;:&quot;gradient&quot;}\">\n\t\t\t<div class=\"elementor-widget-wrap elementor-element-populated\">\n\t\t\t\t\t\t<div class=\"elementor-element elementor-element-e5a9971 elementor-widget elementor-widget-heading\" data-id=\"e5a9971\" data-element_type=\"widget\" data-e-type=\"widget\" data-widget_type=\"heading.default\">\n\t\t\t\t<div class=\"elementor-widget-container\">\n\t\t\t\t\t<h2 class=\"elementor-heading-title elementor-size-default\"><a href=\"https:\/\/www.cpip.gov.co\/index.php\/caep\/\">COMISI\u00d3N DE APOYO AL EJERCICIO PROFESIONAL - CAEP<\/a><\/h2>\t\t\t\t<\/div>\n\t\t\t\t<\/div>\n\t\t\t\t\t<\/div>\n\t\t<\/div>\n\t\t\t\t<div class=\"elementor-column elementor-col-33 elementor-top-column elementor-element elementor-element-3920673\" data-id=\"3920673\" data-element_type=\"column\" data-e-type=\"column\" data-settings=\"{&quot;background_background&quot;:&quot;gradient&quot;}\">\n\t\t\t<div class=\"elementor-widget-wrap elementor-element-populated\">\n\t\t\t\t\t\t<div class=\"elementor-element elementor-element-7ffb86a elementor-widget elementor-widget-heading\" data-id=\"7ffb86a\" data-element_type=\"widget\" data-e-type=\"widget\" data-widget_type=\"heading.default\">\n\t\t\t\t<div class=\"elementor-widget-container\">\n\t\t\t\t\t<h2 class=\"elementor-heading-title elementor-size-default\"><a href=\"https:\/\/www.cpip.gov.co\/index.php\/comision-de-innovacion-y-sostenibilidad\/\">COMISI\u00d3N DE INNOVACI\u00d3N Y SOSTENIBILIDAD - CIS<\/a><\/h2>\t\t\t\t<\/div>\n\t\t\t\t<\/div>\n\t\t\t\t\t<\/div>\n\t\t<\/div>\n\t\t\t\t<div class=\"elementor-column elementor-col-33 elementor-top-column elementor-element elementor-element-92caa77\" data-id=\"92caa77\" data-element_type=\"column\" data-e-type=\"column\" data-settings=\"{&quot;background_background&quot;:&quot;gradient&quot;}\">\n\t\t\t<div class=\"elementor-widget-wrap elementor-element-populated\">\n\t\t\t\t\t\t<div class=\"elementor-element elementor-element-dedfbb2 elementor-widget elementor-widget-heading\" data-id=\"dedfbb2\" data-element_type=\"widget\" data-e-type=\"widget\" data-widget_type=\"heading.default\">\n\t\t\t\t<div class=\"elementor-widget-container\">\n\t\t\t\t\t<h2 class=\"elementor-heading-title elementor-size-default\"><a href=\"https:\/\/www.cpip.gov.co\/index.php\/comision-de-internacionalizacion-y-movilidad\/\">COMISI\u00d3N DE INTERNACIONALIZACI\u00d3N Y MOVILIDAD - CIM<\/a><\/h2>\t\t\t\t<\/div>\n\t\t\t\t<\/div>\n\t\t\t\t\t<\/div>\n\t\t<\/div>\n\t\t\t\t\t<\/div>\n\t\t<\/section>\n\t\t\t\t<\/div>\n\t\t","protected":false},"excerpt":{"rendered":"<p>COMISIONES COMISI\u00d3N DE APOYO AL EJERCICIO PROFESIONAL &#8211; CAEP COMISI\u00d3N DE INNOVACI\u00d3N Y SOSTENIBILIDAD &#8211; CIS COMISI\u00d3N DE INTERNACIONALIZACI\u00d3N Y MOVILIDAD &#8211; CIM<\/p>\n","protected":false},"author":1,"featured_media":0,"parent":0,"menu_order":0,"comment_status":"closed","ping_status":"closed","template":"","meta":{"footnotes":""},"class_list":["post-15753","page","type-page","status-publish","hentry"],"yoast_head":"<!-- This site is optimized with the Yoast SEO plugin v27.3 - https:\/\/yoast.com\/product\/yoast-seo-wordpress\/ -->\n<title>Comisiones - CPIP - Consejo Profesional de Ingenier&iacute;a de Petr&oacute;leos<\/title>\n<meta name=\"robots\" content=\"index, follow, max-snippet:-1, max-image-preview:large, max-video-preview:-1\" \/>\n<link rel=\"canonical\" href=\"https:\/\/www.cpip.gov.co\/index.php\/comisiones\/\" \/>\n<meta property=\"og:locale\" content=\"es_ES\" \/>\n<meta property=\"og:type\" content=\"article\" \/>\n<meta property=\"og:title\" content=\"Comisiones - CPIP - Consejo Profesional de Ingenier&iacute;a de Petr&oacute;leos\" \/>\n<meta property=\"og:description\" content=\"COMISIONES COMISI\u00d3N DE APOYO AL EJERCICIO PROFESIONAL &#8211; CAEP COMISI\u00d3N DE INNOVACI\u00d3N Y SOSTENIBILIDAD &#8211; CIS COMISI\u00d3N DE INTERNACIONALIZACI\u00d3N Y MOVILIDAD &#8211; CIM\" \/>\n<meta property=\"og:url\" content=\"https:\/\/www.cpip.gov.co\/index.php\/comisiones\/\" \/>\n<meta property=\"og:site_name\" content=\"CPIP - Consejo Profesional de Ingenier&iacute;a de Petr&oacute;leos\" \/>\n<meta property=\"article:modified_time\" content=\"2025-12-23T15:05:39+00:00\" \/>\n<meta name=\"twitter:card\" content=\"summary_large_image\" \/>\n<meta name=\"twitter:label1\" content=\"Tiempo de lectura\" \/>\n\t<meta name=\"twitter:data1\" content=\"1 minuto\" \/>\n<script type=\"application\/ld+json\" class=\"yoast-schema-graph\">{\"@context\":\"https:\\\/\\\/schema.org\",\"@graph\":[{\"@type\":\"WebPage\",\"@id\":\"https:\\\/\\\/www.cpip.gov.co\\\/index.php\\\/comisiones\\\/\",\"url\":\"https:\\\/\\\/www.cpip.gov.co\\\/index.php\\\/comisiones\\\/\",\"name\":\"Comisiones - CPIP - Consejo Profesional de Ingenier&iacute;a de Petr&oacute;leos\",\"isPartOf\":{\"@id\":\"https:\\\/\\\/www.cpip.gov.co\\\/#website\"},\"datePublished\":\"2025-08-28T19:45:58+00:00\",\"dateModified\":\"2025-12-23T15:05:39+00:00\",\"breadcrumb\":{\"@id\":\"https:\\\/\\\/www.cpip.gov.co\\\/index.php\\\/comisiones\\\/#breadcrumb\"},\"inLanguage\":\"es-CO\",\"potentialAction\":[{\"@type\":\"ReadAction\",\"target\":[\"https:\\\/\\\/www.cpip.gov.co\\\/index.php\\\/comisiones\\\/\"]}]},{\"@type\":\"BreadcrumbList\",\"@id\":\"https:\\\/\\\/www.cpip.gov.co\\\/index.php\\\/comisiones\\\/#breadcrumb\",\"itemListElement\":[{\"@type\":\"ListItem\",\"position\":1,\"name\":\"Home\",\"item\":\"https:\\\/\\\/www.cpip.gov.co\\\/\"},{\"@type\":\"ListItem\",\"position\":2,\"name\":\"Comisiones\"}]},{\"@type\":\"WebSite\",\"@id\":\"https:\\\/\\\/www.cpip.gov.co\\\/#website\",\"url\":\"https:\\\/\\\/www.cpip.gov.co\\\/\",\"name\":\"CPIP - Consejo Profesional de Ingenier&iacute;a de Petr&oacute;leos\",\"description\":\"Entidad Gubernamental encargada de ejecutar la Inspecci&oacute;n y Vigilancia del Ejercico Legal de la Ingenieria de Petr&oacute;leos en Colombia.\",\"publisher\":{\"@id\":\"https:\\\/\\\/www.cpip.gov.co\\\/#organization\"},\"potentialAction\":[{\"@type\":\"SearchAction\",\"target\":{\"@type\":\"EntryPoint\",\"urlTemplate\":\"https:\\\/\\\/www.cpip.gov.co\\\/?s={search_term_string}\"},\"query-input\":{\"@type\":\"PropertyValueSpecification\",\"valueRequired\":true,\"valueName\":\"search_term_string\"}}],\"inLanguage\":\"es-CO\"},{\"@type\":\"Organization\",\"@id\":\"https:\\\/\\\/www.cpip.gov.co\\\/#organization\",\"name\":\"CPIP - Consejo Profesional de Ingenier&iacute;a de Petr&oacute;leos\",\"url\":\"https:\\\/\\\/www.cpip.gov.co\\\/\",\"logo\":{\"@type\":\"ImageObject\",\"inLanguage\":\"es-CO\",\"@id\":\"https:\\\/\\\/www.cpip.gov.co\\\/#\\\/schema\\\/logo\\\/image\\\/\",\"url\":\"https:\\\/\\\/www.cpip.gov.co\\\/wp-content\\\/uploads\\\/2024\\\/06\\\/cropped-cpip-1.png\",\"contentUrl\":\"https:\\\/\\\/www.cpip.gov.co\\\/wp-content\\\/uploads\\\/2024\\\/06\\\/cropped-cpip-1.png\",\"width\":1354,\"height\":399,\"caption\":\"CPIP - Consejo Profesional de Ingenier&iacute;a de Petr&oacute;leos\"},\"image\":{\"@id\":\"https:\\\/\\\/www.cpip.gov.co\\\/#\\\/schema\\\/logo\\\/image\\\/\"}}]}<\/script>\n<!-- \/ Yoast SEO plugin. -->","yoast_head_json":{"title":"Comisiones - CPIP - Consejo Profesional de Ingenier&iacute;a de Petr&oacute;leos","robots":{"index":"index","follow":"follow","max-snippet":"max-snippet:-1","max-image-preview":"max-image-preview:large","max-video-preview":"max-video-preview:-1"},"canonical":"https:\/\/www.cpip.gov.co\/index.php\/comisiones\/","og_locale":"es_ES","og_type":"article","og_title":"Comisiones - CPIP - Consejo Profesional de Ingenier&iacute;a de Petr&oacute;leos","og_description":"COMISIONES COMISI\u00d3N DE APOYO AL EJERCICIO PROFESIONAL &#8211; CAEP COMISI\u00d3N DE INNOVACI\u00d3N Y SOSTENIBILIDAD &#8211; CIS COMISI\u00d3N DE INTERNACIONALIZACI\u00d3N Y MOVILIDAD &#8211; CIM","og_url":"https:\/\/www.cpip.gov.co\/index.php\/comisiones\/","og_site_name":"CPIP - Consejo Profesional de Ingenier&iacute;a de Petr&oacute;leos","article_modified_time":"2025-12-23T15:05:39+00:00","twitter_card":"summary_large_image","twitter_misc":{"Tiempo de lectura":"1 minuto"},"schema":{"@context":"https:\/\/schema.org","@graph":[{"@type":"WebPage","@id":"https:\/\/www.cpip.gov.co\/index.php\/comisiones\/","url":"https:\/\/www.cpip.gov.co\/index.php\/comisiones\/","name":"Comisiones - CPIP - Consejo Profesional de Ingenier&iacute;a de Petr&oacute;leos","isPartOf":{"@id":"https:\/\/www.cpip.gov.co\/#website"},"datePublished":"2025-08-28T19:45:58+00:00","dateModified":"2025-12-23T15:05:39+00:00","breadcrumb":{"@id":"https:\/\/www.cpip.gov.co\/index.php\/comisiones\/#breadcrumb"},"inLanguage":"es-CO","potentialAction":[{"@type":"ReadAction","target":["https:\/\/www.cpip.gov.co\/index.php\/comisiones\/"]}]},{"@type":"BreadcrumbList","@id":"https:\/\/www.cpip.gov.co\/index.php\/comisiones\/#breadcrumb","itemListElement":[{"@type":"ListItem","position":1,"name":"Home","item":"https:\/\/www.cpip.gov.co\/"},{"@type":"ListItem","position":2,"name":"Comisiones"}]},{"@type":"WebSite","@id":"https:\/\/www.cpip.gov.co\/#website","url":"https:\/\/www.cpip.gov.co\/","name":"CPIP - Consejo Profesional de Ingenier&iacute;a de Petr&oacute;leos","description":"Entidad Gubernamental encargada de ejecutar la Inspecci&oacute;n y Vigilancia del Ejercico Legal de la Ingenieria de Petr&oacute;leos en Colombia.","publisher":{"@id":"https:\/\/www.cpip.gov.co\/#organization"},"potentialAction":[{"@type":"SearchAction","target":{"@type":"EntryPoint","urlTemplate":"https:\/\/www.cpip.gov.co\/?s={search_term_string}"},"query-input":{"@type":"PropertyValueSpecification","valueRequired":true,"valueName":"search_term_string"}}],"inLanguage":"es-CO"},{"@type":"Organization","@id":"https:\/\/www.cpip.gov.co\/#organization","name":"CPIP - Consejo Profesional de Ingenier&iacute;a de Petr&oacute;leos","url":"https:\/\/www.cpip.gov.co\/","logo":{"@type":"ImageObject","inLanguage":"es-CO","@id":"https:\/\/www.cpip.gov.co\/#\/schema\/logo\/image\/","url":"https:\/\/www.cpip.gov.co\/wp-content\/uploads\/2024\/06\/cropped-cpip-1.png","contentUrl":"https:\/\/www.cpip.gov.co\/wp-content\/uploads\/2024\/06\/cropped-cpip-1.png","width":1354,"height":399,"caption":"CPIP - Consejo Profesional de Ingenier&iacute;a de Petr&oacute;leos"},"image":{"@id":"https:\/\/www.cpip.gov.co\/#\/schema\/logo\/image\/"}}]}},"_links":{"self":[{"href":"https:\/\/www.cpip.gov.co\/index.php\/wp-json\/wp\/v2\/pages\/15753","targetHints":{"allow":["GET"]}}],"collection":[{"href":"https:\/\/www.cpip.gov.co\/index.php\/wp-json\/wp\/v2\/pages"}],"about":[{"href":"https:\/\/www.cpip.gov.co\/index.php\/wp-json\/wp\/v2\/types\/page"}],"author":[{"embeddable":true,"href":"https:\/\/www.cpip.gov.co\/index.php\/wp-json\/wp\/v2\/users\/1"}],"replies":[{"embeddable":true,"href":"https:\/\/www.cpip.gov.co\/index.php\/wp-json\/wp\/v2\/comments?post=15753"}],"version-history":[{"count":73,"href":"https:\/\/www.cpip.gov.co\/index.php\/wp-json\/wp\/v2\/pages\/15753\/revisions"}],"predecessor-version":[{"id":16144,"href":"https:\/\/www.cpip.gov.co\/index.php\/wp-json\/wp\/v2\/pages\/15753\/revisions\/16144"}],"wp:attachment":[{"href":"https:\/\/www.cpip.gov.co\/index.php\/wp-json\/wp\/v2\/media?parent=15753"}],"curies":[{"name":"wp","href":"https:\/\/api.w.org\/{rel}","templated":true}]}}