{"id":15761,"date":"2025-08-28T20:12:51","date_gmt":"2025-08-28T20:12:51","guid":{"rendered":"https:\/\/www.cpip.gov.co\/?page_id=15761"},"modified":"2025-12-23T15:04:54","modified_gmt":"2025-12-23T15:04:54","slug":"comision-de-innovacion-y-sostenibilidad","status":"publish","type":"page","link":"https:\/\/www.cpip.gov.co\/index.php\/comision-de-innovacion-y-sostenibilidad\/","title":{"rendered":"Comisi\u00f3n de Innovaci\u00f3n y sostenibilidad"},"content":{"rendered":"\t\t<div data-elementor-type=\"wp-page\" data-elementor-id=\"15761\" class=\"elementor elementor-15761\">\n\t\t\t\t\t\t<section class=\"elementor-section elementor-top-section elementor-element elementor-element-f8c87cc elementor-section-boxed elementor-section-height-default elementor-section-height-default\" data-id=\"f8c87cc\" data-element_type=\"section\" data-e-type=\"section\">\n\t\t\t\t\t\t<div class=\"elementor-container elementor-column-gap-default\">\n\t\t\t\t\t<div class=\"elementor-column elementor-col-100 elementor-top-column elementor-element elementor-element-2b9edbf\" data-id=\"2b9edbf\" data-element_type=\"column\" data-e-type=\"column\">\n\t\t\t<div class=\"elementor-widget-wrap elementor-element-populated\">\n\t\t\t\t\t\t<div class=\"elementor-element elementor-element-d34ee07 elementor-widget elementor-widget-heading\" data-id=\"d34ee07\" data-element_type=\"widget\" data-e-type=\"widget\" data-widget_type=\"heading.default\">\n\t\t\t\t<div class=\"elementor-widget-container\">\n\t\t\t\t\t<h2 class=\"elementor-heading-title elementor-size-default\">COMISI\u00d3N DE INNOVACI\u00d3N Y SOSTENIBILIDAD - CIS<\/h2>\t\t\t\t<\/div>\n\t\t\t\t<\/div>\n\t\t\t\t\t<\/div>\n\t\t<\/div>\n\t\t\t\t\t<\/div>\n\t\t<\/section>\n\t\t\t\t<section class=\"elementor-section elementor-top-section elementor-element elementor-element-028798a elementor-section-boxed elementor-section-height-default elementor-section-height-default\" data-id=\"028798a\" data-element_type=\"section\" data-e-type=\"section\">\n\t\t\t\t\t\t<div class=\"elementor-container elementor-column-gap-default\">\n\t\t\t\t\t<div class=\"elementor-column elementor-col-100 elementor-top-column elementor-element elementor-element-44e7dae\" data-id=\"44e7dae\" data-element_type=\"column\" data-e-type=\"column\">\n\t\t\t<div class=\"elementor-widget-wrap elementor-element-populated\">\n\t\t\t\t\t\t<div class=\"elementor-element elementor-element-43f5279 elementor-widget elementor-widget-spacer\" data-id=\"43f5279\" data-element_type=\"widget\" data-e-type=\"widget\" data-widget_type=\"spacer.default\">\n\t\t\t\t<div class=\"elementor-widget-container\">\n\t\t\t\t\t\t\t<div class=\"elementor-spacer\">\n\t\t\t<div class=\"elementor-spacer-inner\"><\/div>\n\t\t<\/div>\n\t\t\t\t\t\t<\/div>\n\t\t\t\t<\/div>\n\t\t\t\t\t<\/div>\n\t\t<\/div>\n\t\t\t\t\t<\/div>\n\t\t<\/section>\n\t\t\t\t<section class=\"elementor-section elementor-top-section elementor-element elementor-element-9a1f110 elementor-section-boxed elementor-section-height-default elementor-section-height-default\" data-id=\"9a1f110\" data-element_type=\"section\" data-e-type=\"section\">\n\t\t\t\t\t\t<div class=\"elementor-container elementor-column-gap-default\">\n\t\t\t\t\t<div class=\"elementor-column elementor-col-100 elementor-top-column elementor-element elementor-element-46bf5f2\" data-id=\"46bf5f2\" data-element_type=\"column\" data-e-type=\"column\">\n\t\t\t<div class=\"elementor-widget-wrap elementor-element-populated\">\n\t\t\t\t\t\t<div class=\"elementor-element elementor-element-bdb0961 elementor-widget elementor-widget-text-editor\" data-id=\"bdb0961\" data-element_type=\"widget\" data-e-type=\"widget\" data-widget_type=\"text-editor.default\">\n\t\t\t\t<div class=\"elementor-widget-container\">\n\t\t\t\t\t\t\t\t\t<p><a href=\"https:\/\/www.cpip.gov.co\/wp-content\/uploads\/2025\/09\/250729-Resolucion-CPIP-Creacion-Comision-Innovacion-e-internacionalizacion.pdf\"><span style=\"text-decoration: underline;\">Resoluci\u00f3n de Creaci\u00f3n de Comisi\u00f3n de Innovaci\u00f3n e Internacionalizaci\u00f3n<\/span><\/a><\/p>\t\t\t\t\t\t\t\t<\/div>\n\t\t\t\t<\/div>\n\t\t\t\t\t<\/div>\n\t\t<\/div>\n\t\t\t\t\t<\/div>\n\t\t<\/section>\n\t\t\t\t<section class=\"elementor-section elementor-top-section elementor-element elementor-element-d2605c9 elementor-section-boxed elementor-section-height-default elementor-section-height-default\" data-id=\"d2605c9\" data-element_type=\"section\" data-e-type=\"section\">\n\t\t\t\t\t\t<div class=\"elementor-container elementor-column-gap-default\">\n\t\t\t\t\t<div class=\"elementor-column elementor-col-100 elementor-top-column elementor-element elementor-element-d93c87a\" data-id=\"d93c87a\" data-element_type=\"column\" data-e-type=\"column\">\n\t\t\t<div class=\"elementor-widget-wrap elementor-element-populated\">\n\t\t\t\t\t\t<div class=\"elementor-element elementor-element-8d87941 elementor-widget elementor-widget-spacer\" data-id=\"8d87941\" data-element_type=\"widget\" data-e-type=\"widget\" data-widget_type=\"spacer.default\">\n\t\t\t\t<div class=\"elementor-widget-container\">\n\t\t\t\t\t\t\t<div class=\"elementor-spacer\">\n\t\t\t<div class=\"elementor-spacer-inner\"><\/div>\n\t\t<\/div>\n\t\t\t\t\t\t<\/div>\n\t\t\t\t<\/div>\n\t\t\t\t\t<\/div>\n\t\t<\/div>\n\t\t\t\t\t<\/div>\n\t\t<\/section>\n\t\t\t\t<section class=\"elementor-section elementor-top-section elementor-element elementor-element-5c5c8d1 elementor-section-boxed elementor-section-height-default elementor-section-height-default\" data-id=\"5c5c8d1\" data-element_type=\"section\" data-e-type=\"section\">\n\t\t\t\t\t\t<div class=\"elementor-container elementor-column-gap-default\">\n\t\t\t\t\t<div class=\"elementor-column elementor-col-100 elementor-top-column elementor-element elementor-element-6924864\" data-id=\"6924864\" data-element_type=\"column\" data-e-type=\"column\">\n\t\t\t<div class=\"elementor-widget-wrap elementor-element-populated\">\n\t\t\t\t\t\t<div class=\"elementor-element elementor-element-9628988 elementor-widget elementor-widget-text-editor\" data-id=\"9628988\" data-element_type=\"widget\" data-e-type=\"widget\" data-widget_type=\"text-editor.default\">\n\t\t\t\t<div class=\"elementor-widget-container\">\n\t\t\t\t\t\t\t\t\t<h3 style=\"text-align: center;\"><strong>FUNCIONES Y ACTIVIDADES DE LA CIS<\/strong><\/h3><p>\u00a0<\/p><p>La Comisi\u00f3n CIS tiene un car\u00e1cter de cuerpo asesor de la junta directiva del CPIP y no de car\u00e1cter\u00a0decisorio. Se encargar\u00e1 de analizar y estructurar las mesas t\u00e9cnicas o los proyectos misionales que le encargue la Junta Directiva y de recomendar a la misma los pronunciamientos que deba hacer la entidad en ejercicio de sus funciones, en especial aquellas en favor del ejercicio profesional de los ingenieros de petr\u00f3leos.<\/p><p>Entre sus actividades principales estar\u00e1n las siguientes:<\/p><ol><li>Definir los objetivos de la comisi\u00f3n y promover la creaci\u00f3n de mesas t\u00e9cnicas de innovaci\u00f3n que impulsen el desarrollo de actividades orientadas al fortalecimiento de las competencias de los ingenieros de petr\u00f3leos.<\/li><li>Supervisar y hacer seguimiento al funcionamiento de las mesas t\u00e9cnicas, asegurando su monitoreo y control durante todas las fases: inicio, ejecuci\u00f3n y cierre de los proyectos.<\/li><li>Identificar, explorar y evaluar competencias de los ingenieros de petr\u00f3leos que puedan ser aplicadas o transferidas al estudio y desarrollo de energ\u00edas del subsuelo. Esto incluir\u00e1 la conformaci\u00f3n de mesas t\u00e9cnicas en temas como geotermia, evaluaci\u00f3n de rocas sello, hidr\u00f3geno blanco, descarbonizaci\u00f3n y optimizaci\u00f3n de la producci\u00f3n, transici\u00f3n digital entre otros.<\/li><li>Programar e implementar sesiones de capacitaci\u00f3n innovadoras dirigidas a estudiantes y profesionales de la ingenier\u00eda de petr\u00f3leos, con \u00e9nfasis en el fortalecimiento de competencias en \u00e1reas clave como descarbonizaci\u00f3n, econom\u00eda circular, seguridad energ\u00e9tica, sostenibilidad y transici\u00f3n digital.<\/li><li>Las dem\u00e1s que se generen en el desarrollo de sus actividades.<\/li><\/ol>\t\t\t\t\t\t\t\t<\/div>\n\t\t\t\t<\/div>\n\t\t\t\t\t<\/div>\n\t\t<\/div>\n\t\t\t\t\t<\/div>\n\t\t<\/section>\n\t\t\t\t<section class=\"elementor-section elementor-top-section elementor-element elementor-element-45ff12b elementor-section-boxed elementor-section-height-default elementor-section-height-default\" data-id=\"45ff12b\" data-element_type=\"section\" data-e-type=\"section\">\n\t\t\t\t\t\t<div class=\"elementor-container elementor-column-gap-default\">\n\t\t\t\t\t<div class=\"elementor-column elementor-col-33 elementor-top-column elementor-element elementor-element-3dd11c3\" data-id=\"3dd11c3\" data-element_type=\"column\" data-e-type=\"column\">\n\t\t\t<div class=\"elementor-widget-wrap elementor-element-populated\">\n\t\t\t\t\t\t<div class=\"elementor-element elementor-element-11031a5 elementor-align-center elementor-widget elementor-widget-button\" data-id=\"11031a5\" data-element_type=\"widget\" data-e-type=\"widget\" data-widget_type=\"button.default\">\n\t\t\t\t<div class=\"elementor-widget-container\">\n\t\t\t\t\t\t\t\t\t<div class=\"elementor-button-wrapper\">\n\t\t\t\t\t<a class=\"elementor-button elementor-button-link elementor-size-sm\" href=\"https:\/\/www.cpip.gov.co\/index.php\/mesa-tecnica-de-geotermia\/\">\n\t\t\t\t\t\t<span class=\"elementor-button-content-wrapper\">\n\t\t\t\t\t\t\t\t\t<span class=\"elementor-button-text\">Mesa T\u00e9cnica de Geotermia<\/span>\n\t\t\t\t\t<\/span>\n\t\t\t\t\t<\/a>\n\t\t\t\t<\/div>\n\t\t\t\t\t\t\t\t<\/div>\n\t\t\t\t<\/div>\n\t\t\t\t\t<\/div>\n\t\t<\/div>\n\t\t\t\t<div class=\"elementor-column elementor-col-33 elementor-top-column elementor-element elementor-element-37a46b7\" data-id=\"37a46b7\" data-element_type=\"column\" data-e-type=\"column\">\n\t\t\t<div class=\"elementor-widget-wrap elementor-element-populated\">\n\t\t\t\t\t\t<div class=\"elementor-element elementor-element-dc68262 elementor-align-center elementor-widget elementor-widget-button\" data-id=\"dc68262\" data-element_type=\"widget\" data-e-type=\"widget\" data-widget_type=\"button.default\">\n\t\t\t\t<div class=\"elementor-widget-container\">\n\t\t\t\t\t\t\t\t\t<div class=\"elementor-button-wrapper\">\n\t\t\t\t\t<a class=\"elementor-button elementor-button-link elementor-size-sm\" href=\"https:\/\/www.cpip.gov.co\/index.php\/mesa-tecnica-de-roca-sello\/\">\n\t\t\t\t\t\t<span class=\"elementor-button-content-wrapper\">\n\t\t\t\t\t\t\t\t\t<span class=\"elementor-button-text\">Mesa T\u00e9cnica de Roca Sello<\/span>\n\t\t\t\t\t<\/span>\n\t\t\t\t\t<\/a>\n\t\t\t\t<\/div>\n\t\t\t\t\t\t\t\t<\/div>\n\t\t\t\t<\/div>\n\t\t\t\t\t<\/div>\n\t\t<\/div>\n\t\t\t\t<div class=\"elementor-column elementor-col-33 elementor-top-column elementor-element elementor-element-9f0c795\" data-id=\"9f0c795\" data-element_type=\"column\" data-e-type=\"column\">\n\t\t\t<div class=\"elementor-widget-wrap elementor-element-populated\">\n\t\t\t\t\t\t<div class=\"elementor-element elementor-element-43de358 elementor-align-center elementor-widget elementor-widget-button\" data-id=\"43de358\" data-element_type=\"widget\" data-e-type=\"widget\" data-widget_type=\"button.default\">\n\t\t\t\t<div class=\"elementor-widget-container\">\n\t\t\t\t\t\t\t\t\t<div class=\"elementor-button-wrapper\">\n\t\t\t\t\t<a class=\"elementor-button elementor-button-link elementor-size-sm\" href=\"https:\/\/www.cpip.gov.co\/index.php\/mesa-tecnica-de-hidrogeno\/\">\n\t\t\t\t\t\t<span class=\"elementor-button-content-wrapper\">\n\t\t\t\t\t\t\t\t\t<span class=\"elementor-button-text\">Mesa T\u00e9cnica de Hidr\u00f3geno<\/span>\n\t\t\t\t\t<\/span>\n\t\t\t\t\t<\/a>\n\t\t\t\t<\/div>\n\t\t\t\t\t\t\t\t<\/div>\n\t\t\t\t<\/div>\n\t\t\t\t\t<\/div>\n\t\t<\/div>\n\t\t\t\t\t<\/div>\n\t\t<\/section>\n\t\t\t\t<section class=\"elementor-section elementor-top-section elementor-element elementor-element-2626b0a elementor-section-boxed elementor-section-height-default elementor-section-height-default\" data-id=\"2626b0a\" data-element_type=\"section\" data-e-type=\"section\">\n\t\t\t\t\t\t<div class=\"elementor-container elementor-column-gap-default\">\n\t\t\t\t\t<div class=\"elementor-column elementor-col-100 elementor-top-column elementor-element elementor-element-ca89002\" data-id=\"ca89002\" data-element_type=\"column\" data-e-type=\"column\">\n\t\t\t<div class=\"elementor-widget-wrap elementor-element-populated\">\n\t\t\t\t\t\t<div class=\"elementor-element elementor-element-43fc32f elementor-widget elementor-widget-spacer\" data-id=\"43fc32f\" data-element_type=\"widget\" data-e-type=\"widget\" data-widget_type=\"spacer.default\">\n\t\t\t\t<div class=\"elementor-widget-container\">\n\t\t\t\t\t\t\t<div class=\"elementor-spacer\">\n\t\t\t<div class=\"elementor-spacer-inner\"><\/div>\n\t\t<\/div>\n\t\t\t\t\t\t<\/div>\n\t\t\t\t<\/div>\n\t\t\t\t\t<\/div>\n\t\t<\/div>\n\t\t\t\t\t<\/div>\n\t\t<\/section>\n\t\t\t\t<section class=\"elementor-section elementor-top-section elementor-element elementor-element-602e7cc elementor-section-boxed elementor-section-height-default elementor-section-height-default\" data-id=\"602e7cc\" data-element_type=\"section\" data-e-type=\"section\">\n\t\t\t\t\t\t<div class=\"elementor-container elementor-column-gap-default\">\n\t\t\t\t\t<div class=\"elementor-column elementor-col-100 elementor-top-column elementor-element elementor-element-1d7e9de\" data-id=\"1d7e9de\" data-element_type=\"column\" data-e-type=\"column\">\n\t\t\t<div class=\"elementor-widget-wrap elementor-element-populated\">\n\t\t\t\t\t\t<div class=\"elementor-element elementor-element-62304f6 elementor-widget elementor-widget-image\" data-id=\"62304f6\" data-element_type=\"widget\" data-e-type=\"widget\" data-widget_type=\"image.default\">\n\t\t\t\t<div class=\"elementor-widget-container\">\n\t\t\t\t\t\t\t\t\t\t\t\t\t\t\t<img fetchpriority=\"high\" decoding=\"async\" width=\"576\" height=\"524\" src=\"https:\/\/www.cpip.gov.co\/wp-content\/uploads\/2025\/08\/Cis.jpg\" class=\"attachment-large size-large wp-image-15772\" alt=\"\" srcset=\"https:\/\/www.cpip.gov.co\/wp-content\/uploads\/2025\/08\/Cis.jpg 576w, https:\/\/www.cpip.gov.co\/wp-content\/uploads\/2025\/08\/Cis-300x273.jpg 300w\" sizes=\"(max-width: 576px) 100vw, 576px\" \/>\t\t\t\t\t\t\t\t\t\t\t\t\t\t\t<\/div>\n\t\t\t\t<\/div>\n\t\t\t\t\t<\/div>\n\t\t<\/div>\n\t\t\t\t\t<\/div>\n\t\t<\/section>\n\t\t\t\t<\/div>\n\t\t","protected":false},"excerpt":{"rendered":"<p>COMISI\u00d3N DE INNOVACI\u00d3N Y SOSTENIBILIDAD &#8211; CIS Resoluci\u00f3n de Creaci\u00f3n de Comisi\u00f3n de Innovaci\u00f3n e Internacionalizaci\u00f3n FUNCIONES Y ACTIVIDADES DE LA CIS \u00a0 La Comisi\u00f3n&hellip;<\/p>\n","protected":false},"author":1,"featured_media":0,"parent":0,"menu_order":0,"comment_status":"closed","ping_status":"closed","template":"","meta":{"footnotes":""},"class_list":["post-15761","page","type-page","status-publish","hentry"],"yoast_head":"<!-- This site is optimized with the Yoast SEO plugin v27.3 - https:\/\/yoast.com\/product\/yoast-seo-wordpress\/ -->\n<title>Comisi\u00f3n de Innovaci\u00f3n y sostenibilidad - CPIP - Consejo Profesional de Ingenier&iacute;a de Petr&oacute;leos<\/title>\n<meta name=\"robots\" content=\"index, follow, max-snippet:-1, max-image-preview:large, max-video-preview:-1\" \/>\n<link rel=\"canonical\" href=\"https:\/\/www.cpip.gov.co\/index.php\/comision-de-innovacion-y-sostenibilidad\/\" \/>\n<meta property=\"og:locale\" content=\"es_ES\" \/>\n<meta property=\"og:type\" content=\"article\" \/>\n<meta property=\"og:title\" content=\"Comisi\u00f3n de Innovaci\u00f3n y sostenibilidad - CPIP - Consejo Profesional de Ingenier&iacute;a de Petr&oacute;leos\" \/>\n<meta property=\"og:description\" content=\"COMISI\u00d3N DE INNOVACI\u00d3N Y SOSTENIBILIDAD &#8211; CIS Resoluci\u00f3n de Creaci\u00f3n de Comisi\u00f3n de Innovaci\u00f3n e Internacionalizaci\u00f3n FUNCIONES Y ACTIVIDADES DE LA CIS \u00a0 La Comisi\u00f3n&hellip;\" \/>\n<meta property=\"og:url\" content=\"https:\/\/www.cpip.gov.co\/index.php\/comision-de-innovacion-y-sostenibilidad\/\" \/>\n<meta property=\"og:site_name\" content=\"CPIP - Consejo Profesional de Ingenier&iacute;a de Petr&oacute;leos\" \/>\n<meta property=\"article:modified_time\" content=\"2025-12-23T15:04:54+00:00\" \/>\n<meta property=\"og:image\" content=\"https:\/\/www.cpip.gov.co\/wp-content\/uploads\/2025\/08\/Cis.jpg\" \/>\n\t<meta property=\"og:image:width\" content=\"576\" \/>\n\t<meta property=\"og:image:height\" content=\"524\" \/>\n\t<meta property=\"og:image:type\" content=\"image\/jpeg\" \/>\n<meta name=\"twitter:card\" content=\"summary_large_image\" \/>\n<meta name=\"twitter:label1\" content=\"Tiempo de lectura\" \/>\n\t<meta name=\"twitter:data1\" content=\"2 minutos\" \/>\n<script type=\"application\/ld+json\" class=\"yoast-schema-graph\">{\"@context\":\"https:\\\/\\\/schema.org\",\"@graph\":[{\"@type\":\"WebPage\",\"@id\":\"https:\\\/\\\/www.cpip.gov.co\\\/index.php\\\/comision-de-innovacion-y-sostenibilidad\\\/\",\"url\":\"https:\\\/\\\/www.cpip.gov.co\\\/index.php\\\/comision-de-innovacion-y-sostenibilidad\\\/\",\"name\":\"Comisi\u00f3n de Innovaci\u00f3n y sostenibilidad - CPIP - Consejo Profesional de Ingenier&iacute;a de Petr&oacute;leos\",\"isPartOf\":{\"@id\":\"https:\\\/\\\/www.cpip.gov.co\\\/#website\"},\"primaryImageOfPage\":{\"@id\":\"https:\\\/\\\/www.cpip.gov.co\\\/index.php\\\/comision-de-innovacion-y-sostenibilidad\\\/#primaryimage\"},\"image\":{\"@id\":\"https:\\\/\\\/www.cpip.gov.co\\\/index.php\\\/comision-de-innovacion-y-sostenibilidad\\\/#primaryimage\"},\"thumbnailUrl\":\"https:\\\/\\\/www.cpip.gov.co\\\/wp-content\\\/uploads\\\/2025\\\/08\\\/Cis.jpg\",\"datePublished\":\"2025-08-28T20:12:51+00:00\",\"dateModified\":\"2025-12-23T15:04:54+00:00\",\"breadcrumb\":{\"@id\":\"https:\\\/\\\/www.cpip.gov.co\\\/index.php\\\/comision-de-innovacion-y-sostenibilidad\\\/#breadcrumb\"},\"inLanguage\":\"es-CO\",\"potentialAction\":[{\"@type\":\"ReadAction\",\"target\":[\"https:\\\/\\\/www.cpip.gov.co\\\/index.php\\\/comision-de-innovacion-y-sostenibilidad\\\/\"]}]},{\"@type\":\"ImageObject\",\"inLanguage\":\"es-CO\",\"@id\":\"https:\\\/\\\/www.cpip.gov.co\\\/index.php\\\/comision-de-innovacion-y-sostenibilidad\\\/#primaryimage\",\"url\":\"https:\\\/\\\/www.cpip.gov.co\\\/wp-content\\\/uploads\\\/2025\\\/08\\\/Cis.jpg\",\"contentUrl\":\"https:\\\/\\\/www.cpip.gov.co\\\/wp-content\\\/uploads\\\/2025\\\/08\\\/Cis.jpg\",\"width\":576,\"height\":524},{\"@type\":\"BreadcrumbList\",\"@id\":\"https:\\\/\\\/www.cpip.gov.co\\\/index.php\\\/comision-de-innovacion-y-sostenibilidad\\\/#breadcrumb\",\"itemListElement\":[{\"@type\":\"ListItem\",\"position\":1,\"name\":\"Home\",\"item\":\"https:\\\/\\\/www.cpip.gov.co\\\/\"},{\"@type\":\"ListItem\",\"position\":2,\"name\":\"Comisi\u00f3n de Innovaci\u00f3n y sostenibilidad\"}]},{\"@type\":\"WebSite\",\"@id\":\"https:\\\/\\\/www.cpip.gov.co\\\/#website\",\"url\":\"https:\\\/\\\/www.cpip.gov.co\\\/\",\"name\":\"CPIP - Consejo Profesional de Ingenier&iacute;a de Petr&oacute;leos\",\"description\":\"Entidad Gubernamental encargada de ejecutar la Inspecci&oacute;n y Vigilancia del Ejercico Legal de la Ingenieria de Petr&oacute;leos en Colombia.\",\"publisher\":{\"@id\":\"https:\\\/\\\/www.cpip.gov.co\\\/#organization\"},\"potentialAction\":[{\"@type\":\"SearchAction\",\"target\":{\"@type\":\"EntryPoint\",\"urlTemplate\":\"https:\\\/\\\/www.cpip.gov.co\\\/?s={search_term_string}\"},\"query-input\":{\"@type\":\"PropertyValueSpecification\",\"valueRequired\":true,\"valueName\":\"search_term_string\"}}],\"inLanguage\":\"es-CO\"},{\"@type\":\"Organization\",\"@id\":\"https:\\\/\\\/www.cpip.gov.co\\\/#organization\",\"name\":\"CPIP - Consejo Profesional de Ingenier&iacute;a de Petr&oacute;leos\",\"url\":\"https:\\\/\\\/www.cpip.gov.co\\\/\",\"logo\":{\"@type\":\"ImageObject\",\"inLanguage\":\"es-CO\",\"@id\":\"https:\\\/\\\/www.cpip.gov.co\\\/#\\\/schema\\\/logo\\\/image\\\/\",\"url\":\"https:\\\/\\\/www.cpip.gov.co\\\/wp-content\\\/uploads\\\/2024\\\/06\\\/cropped-cpip-1.png\",\"contentUrl\":\"https:\\\/\\\/www.cpip.gov.co\\\/wp-content\\\/uploads\\\/2024\\\/06\\\/cropped-cpip-1.png\",\"width\":1354,\"height\":399,\"caption\":\"CPIP - Consejo Profesional de Ingenier&iacute;a de Petr&oacute;leos\"},\"image\":{\"@id\":\"https:\\\/\\\/www.cpip.gov.co\\\/#\\\/schema\\\/logo\\\/image\\\/\"}}]}<\/script>\n<!-- \/ Yoast SEO plugin. -->","yoast_head_json":{"title":"Comisi\u00f3n de Innovaci\u00f3n y sostenibilidad - CPIP - Consejo Profesional de Ingenier&iacute;a de Petr&oacute;leos","robots":{"index":"index","follow":"follow","max-snippet":"max-snippet:-1","max-image-preview":"max-image-preview:large","max-video-preview":"max-video-preview:-1"},"canonical":"https:\/\/www.cpip.gov.co\/index.php\/comision-de-innovacion-y-sostenibilidad\/","og_locale":"es_ES","og_type":"article","og_title":"Comisi\u00f3n de Innovaci\u00f3n y sostenibilidad - CPIP - Consejo Profesional de Ingenier&iacute;a de Petr&oacute;leos","og_description":"COMISI\u00d3N DE INNOVACI\u00d3N Y SOSTENIBILIDAD &#8211; CIS Resoluci\u00f3n de Creaci\u00f3n de Comisi\u00f3n de Innovaci\u00f3n e Internacionalizaci\u00f3n FUNCIONES Y ACTIVIDADES DE LA CIS \u00a0 La Comisi\u00f3n&hellip;","og_url":"https:\/\/www.cpip.gov.co\/index.php\/comision-de-innovacion-y-sostenibilidad\/","og_site_name":"CPIP - Consejo Profesional de Ingenier&iacute;a de Petr&oacute;leos","article_modified_time":"2025-12-23T15:04:54+00:00","og_image":[{"width":576,"height":524,"url":"https:\/\/www.cpip.gov.co\/wp-content\/uploads\/2025\/08\/Cis.jpg","type":"image\/jpeg"}],"twitter_card":"summary_large_image","twitter_misc":{"Tiempo de lectura":"2 minutos"},"schema":{"@context":"https:\/\/schema.org","@graph":[{"@type":"WebPage","@id":"https:\/\/www.cpip.gov.co\/index.php\/comision-de-innovacion-y-sostenibilidad\/","url":"https:\/\/www.cpip.gov.co\/index.php\/comision-de-innovacion-y-sostenibilidad\/","name":"Comisi\u00f3n de Innovaci\u00f3n y sostenibilidad - CPIP - Consejo Profesional de Ingenier&iacute;a de Petr&oacute;leos","isPartOf":{"@id":"https:\/\/www.cpip.gov.co\/#website"},"primaryImageOfPage":{"@id":"https:\/\/www.cpip.gov.co\/index.php\/comision-de-innovacion-y-sostenibilidad\/#primaryimage"},"image":{"@id":"https:\/\/www.cpip.gov.co\/index.php\/comision-de-innovacion-y-sostenibilidad\/#primaryimage"},"thumbnailUrl":"https:\/\/www.cpip.gov.co\/wp-content\/uploads\/2025\/08\/Cis.jpg","datePublished":"2025-08-28T20:12:51+00:00","dateModified":"2025-12-23T15:04:54+00:00","breadcrumb":{"@id":"https:\/\/www.cpip.gov.co\/index.php\/comision-de-innovacion-y-sostenibilidad\/#breadcrumb"},"inLanguage":"es-CO","potentialAction":[{"@type":"ReadAction","target":["https:\/\/www.cpip.gov.co\/index.php\/comision-de-innovacion-y-sostenibilidad\/"]}]},{"@type":"ImageObject","inLanguage":"es-CO","@id":"https:\/\/www.cpip.gov.co\/index.php\/comision-de-innovacion-y-sostenibilidad\/#primaryimage","url":"https:\/\/www.cpip.gov.co\/wp-content\/uploads\/2025\/08\/Cis.jpg","contentUrl":"https:\/\/www.cpip.gov.co\/wp-content\/uploads\/2025\/08\/Cis.jpg","width":576,"height":524},{"@type":"BreadcrumbList","@id":"https:\/\/www.cpip.gov.co\/index.php\/comision-de-innovacion-y-sostenibilidad\/#breadcrumb","itemListElement":[{"@type":"ListItem","position":1,"name":"Home","item":"https:\/\/www.cpip.gov.co\/"},{"@type":"ListItem","position":2,"name":"Comisi\u00f3n de Innovaci\u00f3n y sostenibilidad"}]},{"@type":"WebSite","@id":"https:\/\/www.cpip.gov.co\/#website","url":"https:\/\/www.cpip.gov.co\/","name":"CPIP - Consejo Profesional de Ingenier&iacute;a de Petr&oacute;leos","description":"Entidad Gubernamental encargada de ejecutar la Inspecci&oacute;n y Vigilancia del Ejercico Legal de la Ingenieria de Petr&oacute;leos en Colombia.","publisher":{"@id":"https:\/\/www.cpip.gov.co\/#organization"},"potentialAction":[{"@type":"SearchAction","target":{"@type":"EntryPoint","urlTemplate":"https:\/\/www.cpip.gov.co\/?s={search_term_string}"},"query-input":{"@type":"PropertyValueSpecification","valueRequired":true,"valueName":"search_term_string"}}],"inLanguage":"es-CO"},{"@type":"Organization","@id":"https:\/\/www.cpip.gov.co\/#organization","name":"CPIP - Consejo Profesional de Ingenier&iacute;a de Petr&oacute;leos","url":"https:\/\/www.cpip.gov.co\/","logo":{"@type":"ImageObject","inLanguage":"es-CO","@id":"https:\/\/www.cpip.gov.co\/#\/schema\/logo\/image\/","url":"https:\/\/www.cpip.gov.co\/wp-content\/uploads\/2024\/06\/cropped-cpip-1.png","contentUrl":"https:\/\/www.cpip.gov.co\/wp-content\/uploads\/2024\/06\/cropped-cpip-1.png","width":1354,"height":399,"caption":"CPIP - Consejo Profesional de Ingenier&iacute;a de Petr&oacute;leos"},"image":{"@id":"https:\/\/www.cpip.gov.co\/#\/schema\/logo\/image\/"}}]}},"_links":{"self":[{"href":"https:\/\/www.cpip.gov.co\/index.php\/wp-json\/wp\/v2\/pages\/15761","targetHints":{"allow":["GET"]}}],"collection":[{"href":"https:\/\/www.cpip.gov.co\/index.php\/wp-json\/wp\/v2\/pages"}],"about":[{"href":"https:\/\/www.cpip.gov.co\/index.php\/wp-json\/wp\/v2\/types\/page"}],"author":[{"embeddable":true,"href":"https:\/\/www.cpip.gov.co\/index.php\/wp-json\/wp\/v2\/users\/1"}],"replies":[{"embeddable":true,"href":"https:\/\/www.cpip.gov.co\/index.php\/wp-json\/wp\/v2\/comments?post=15761"}],"version-history":[{"count":37,"href":"https:\/\/www.cpip.gov.co\/index.php\/wp-json\/wp\/v2\/pages\/15761\/revisions"}],"predecessor-version":[{"id":16141,"href":"https:\/\/www.cpip.gov.co\/index.php\/wp-json\/wp\/v2\/pages\/15761\/revisions\/16141"}],"wp:attachment":[{"href":"https:\/\/www.cpip.gov.co\/index.php\/wp-json\/wp\/v2\/media?parent=15761"}],"curies":[{"name":"wp","href":"https:\/\/api.w.org\/{rel}","templated":true}]}}