{"id":15782,"date":"2025-08-28T20:27:57","date_gmt":"2025-08-28T20:27:57","guid":{"rendered":"https:\/\/www.cpip.gov.co\/?page_id=15782"},"modified":"2025-09-25T17:13:13","modified_gmt":"2025-09-25T17:13:13","slug":"comision-de-internacionalizacion-y-movilidad","status":"publish","type":"page","link":"https:\/\/www.cpip.gov.co\/index.php\/comision-de-internacionalizacion-y-movilidad\/","title":{"rendered":"Comisi\u00f3n de Internacionalizaci\u00f3n y movilidad"},"content":{"rendered":"\t\t<div data-elementor-type=\"wp-page\" data-elementor-id=\"15782\" class=\"elementor elementor-15782\">\n\t\t\t\t\t\t<section class=\"elementor-section elementor-top-section elementor-element elementor-element-a4be899 elementor-section-boxed elementor-section-height-default elementor-section-height-default\" data-id=\"a4be899\" data-element_type=\"section\" data-e-type=\"section\">\n\t\t\t\t\t\t<div class=\"elementor-container elementor-column-gap-default\">\n\t\t\t\t\t<div class=\"elementor-column elementor-col-100 elementor-top-column elementor-element elementor-element-aff6e91\" data-id=\"aff6e91\" data-element_type=\"column\" data-e-type=\"column\">\n\t\t\t<div class=\"elementor-widget-wrap elementor-element-populated\">\n\t\t\t\t\t\t<div class=\"elementor-element elementor-element-8f98b1b elementor-widget elementor-widget-heading\" data-id=\"8f98b1b\" data-element_type=\"widget\" data-e-type=\"widget\" data-widget_type=\"heading.default\">\n\t\t\t\t<div class=\"elementor-widget-container\">\n\t\t\t\t\t<h2 class=\"elementor-heading-title elementor-size-default\">COMISI\u00d3N DE INTERNACIONALIZACI\u00d3N Y MOVILIDAD - CIM<\/h2>\t\t\t\t<\/div>\n\t\t\t\t<\/div>\n\t\t\t\t\t<\/div>\n\t\t<\/div>\n\t\t\t\t\t<\/div>\n\t\t<\/section>\n\t\t\t\t<section class=\"elementor-section elementor-top-section elementor-element elementor-element-5f215ce elementor-section-boxed elementor-section-height-default elementor-section-height-default\" data-id=\"5f215ce\" data-element_type=\"section\" data-e-type=\"section\">\n\t\t\t\t\t\t<div class=\"elementor-container elementor-column-gap-default\">\n\t\t\t\t\t<div class=\"elementor-column elementor-col-100 elementor-top-column elementor-element elementor-element-d83ef34\" data-id=\"d83ef34\" data-element_type=\"column\" data-e-type=\"column\">\n\t\t\t<div class=\"elementor-widget-wrap elementor-element-populated\">\n\t\t\t\t\t\t<div class=\"elementor-element elementor-element-e7d6b25 elementor-widget elementor-widget-spacer\" data-id=\"e7d6b25\" data-element_type=\"widget\" data-e-type=\"widget\" data-widget_type=\"spacer.default\">\n\t\t\t\t<div class=\"elementor-widget-container\">\n\t\t\t\t\t\t\t<div class=\"elementor-spacer\">\n\t\t\t<div class=\"elementor-spacer-inner\"><\/div>\n\t\t<\/div>\n\t\t\t\t\t\t<\/div>\n\t\t\t\t<\/div>\n\t\t\t\t\t<\/div>\n\t\t<\/div>\n\t\t\t\t\t<\/div>\n\t\t<\/section>\n\t\t\t\t<section class=\"elementor-section elementor-top-section elementor-element elementor-element-fbccfdd elementor-section-boxed elementor-section-height-default elementor-section-height-default\" data-id=\"fbccfdd\" data-element_type=\"section\" data-e-type=\"section\">\n\t\t\t\t\t\t<div class=\"elementor-container elementor-column-gap-default\">\n\t\t\t\t\t<div class=\"elementor-column elementor-col-100 elementor-top-column elementor-element elementor-element-a50716e\" data-id=\"a50716e\" data-element_type=\"column\" data-e-type=\"column\">\n\t\t\t<div class=\"elementor-widget-wrap elementor-element-populated\">\n\t\t\t\t\t\t<div class=\"elementor-element elementor-element-4a97c77 elementor-widget elementor-widget-text-editor\" data-id=\"4a97c77\" data-element_type=\"widget\" data-e-type=\"widget\" data-widget_type=\"text-editor.default\">\n\t\t\t\t<div class=\"elementor-widget-container\">\n\t\t\t\t\t\t\t\t\t<p><a href=\"https:\/\/www.cpip.gov.co\/wp-content\/uploads\/2025\/09\/250729-Resolucion-CPIP-Creacion-Comision-Innovacion-e-internacionalizacion.pdf\"><span style=\"text-decoration: underline;\">Resoluci\u00f3n de Creaci\u00f3n de Comisi\u00f3n de Innovaci\u00f3n e Internacionalizaci\u00f3n<\/span><\/a><\/p>\t\t\t\t\t\t\t\t<\/div>\n\t\t\t\t<\/div>\n\t\t\t\t\t<\/div>\n\t\t<\/div>\n\t\t\t\t\t<\/div>\n\t\t<\/section>\n\t\t\t\t<section class=\"elementor-section elementor-top-section elementor-element elementor-element-226fb23 elementor-section-boxed elementor-section-height-default elementor-section-height-default\" data-id=\"226fb23\" data-element_type=\"section\" data-e-type=\"section\">\n\t\t\t\t\t\t<div class=\"elementor-container elementor-column-gap-default\">\n\t\t\t\t\t<div class=\"elementor-column elementor-col-100 elementor-top-column elementor-element elementor-element-b8e017a\" data-id=\"b8e017a\" data-element_type=\"column\" data-e-type=\"column\">\n\t\t\t<div class=\"elementor-widget-wrap elementor-element-populated\">\n\t\t\t\t\t\t<div class=\"elementor-element elementor-element-7f0329e elementor-widget elementor-widget-spacer\" data-id=\"7f0329e\" data-element_type=\"widget\" data-e-type=\"widget\" data-widget_type=\"spacer.default\">\n\t\t\t\t<div class=\"elementor-widget-container\">\n\t\t\t\t\t\t\t<div class=\"elementor-spacer\">\n\t\t\t<div class=\"elementor-spacer-inner\"><\/div>\n\t\t<\/div>\n\t\t\t\t\t\t<\/div>\n\t\t\t\t<\/div>\n\t\t\t\t\t<\/div>\n\t\t<\/div>\n\t\t\t\t\t<\/div>\n\t\t<\/section>\n\t\t\t\t<section class=\"elementor-section elementor-top-section elementor-element elementor-element-c802de1 elementor-section-boxed elementor-section-height-default elementor-section-height-default\" data-id=\"c802de1\" data-element_type=\"section\" data-e-type=\"section\">\n\t\t\t\t\t\t<div class=\"elementor-container elementor-column-gap-default\">\n\t\t\t\t\t<div class=\"elementor-column elementor-col-100 elementor-top-column elementor-element elementor-element-8979fd9\" data-id=\"8979fd9\" data-element_type=\"column\" data-e-type=\"column\">\n\t\t\t<div class=\"elementor-widget-wrap elementor-element-populated\">\n\t\t\t\t\t\t<div class=\"elementor-element elementor-element-b18b60f elementor-widget elementor-widget-text-editor\" data-id=\"b18b60f\" data-element_type=\"widget\" data-e-type=\"widget\" data-widget_type=\"text-editor.default\">\n\t\t\t\t<div class=\"elementor-widget-container\">\n\t\t\t\t\t\t\t\t\t<h3 style=\"text-align: center;\"><span style=\"color: #000000;\"><strong>FUNCIONES Y ACTIVIDADES DE LA CIM<\/strong><\/span><\/h3><p>\u00a0La Comisi\u00f3n CIM, tiene un car\u00e1cter de cuerpo asesor de la junta directiva del CPIP y no de car\u00e1cter decisorio y no decisorio. B\u00e1sicamente se encargar\u00e1 de analizar y estructurar los proyectos misionales relacionados con el fortalecimiento de la profesi\u00f3n, para que los ingenieros de Petr\u00f3leos se fortalezcan profesionalmente en t\u00e9rminos de su movilidad y mejoramiento de su competitividad a nivel global.<\/p><p>Entre sus actividades principales estar\u00e1n las siguientes:<\/p><ol><li>Visualizar acuerdo con otros consejos de Petr\u00f3leos en otros pa\u00edses con el fin de explorar o realizar convenios que faciliten la movilidad de los ingenieros de Petr\u00f3leos a nivel internacional.<\/li><li>Explorar e interactuar con grupos de inter\u00e9s internacionales relacionados con la industria del petr\u00f3leo con cursos o capacitaciones que fortalezcan las competencias de los ingenieros de petr\u00f3leos.<\/li><li>Construir una red profesional de apoyo para favorecer la movilidad del Ingeniero de petr\u00f3leos.<\/li><li>Interactuar con el ministerio de relaciones exteriores para entender las legislaciones en relaci\u00f3n con acuerdos internacionales referentes a la movilidad de los ingenieros de petr\u00f3leos.<\/li><li>Asesorar al Gobierno Nacional, cuando as\u00ed lo solicitare, en el nombramiento de comisiones especializadas de Ingenier\u00eda de Petr\u00f3leos, que deban desempe\u00f1arse dentro del pa\u00eds o fuera de \u00e9l.<\/li><li>Las dem\u00e1s que se generen en el desarrollo de sus actividades.<\/li><\/ol>\t\t\t\t\t\t\t\t<\/div>\n\t\t\t\t<\/div>\n\t\t\t\t\t<\/div>\n\t\t<\/div>\n\t\t\t\t\t<\/div>\n\t\t<\/section>\n\t\t\t\t<section class=\"elementor-section elementor-top-section elementor-element elementor-element-8fd3313 elementor-section-boxed elementor-section-height-default elementor-section-height-default\" data-id=\"8fd3313\" data-element_type=\"section\" data-e-type=\"section\">\n\t\t\t\t\t\t<div class=\"elementor-container elementor-column-gap-default\">\n\t\t\t\t\t<div class=\"elementor-column elementor-col-50 elementor-top-column elementor-element elementor-element-5e7d9bf\" data-id=\"5e7d9bf\" data-element_type=\"column\" data-e-type=\"column\">\n\t\t\t<div class=\"elementor-widget-wrap elementor-element-populated\">\n\t\t\t\t\t\t<div class=\"elementor-element elementor-element-e52a9f6 elementor-align-center elementor-widget elementor-widget-button\" data-id=\"e52a9f6\" data-element_type=\"widget\" data-e-type=\"widget\" data-widget_type=\"button.default\">\n\t\t\t\t<div class=\"elementor-widget-container\">\n\t\t\t\t\t\t\t\t\t<div class=\"elementor-button-wrapper\">\n\t\t\t\t\t<a class=\"elementor-button elementor-button-link elementor-size-sm\" href=\"#\">\n\t\t\t\t\t\t<span class=\"elementor-button-content-wrapper\">\n\t\t\t\t\t\t\t\t\t<span class=\"elementor-button-text\">Convenio Per\u00fa<\/span>\n\t\t\t\t\t<\/span>\n\t\t\t\t\t<\/a>\n\t\t\t\t<\/div>\n\t\t\t\t\t\t\t\t<\/div>\n\t\t\t\t<\/div>\n\t\t\t\t\t<\/div>\n\t\t<\/div>\n\t\t\t\t<div class=\"elementor-column elementor-col-50 elementor-top-column elementor-element elementor-element-00b5640\" data-id=\"00b5640\" data-element_type=\"column\" data-e-type=\"column\">\n\t\t\t<div class=\"elementor-widget-wrap elementor-element-populated\">\n\t\t\t\t\t\t<div class=\"elementor-element elementor-element-9a58275 elementor-align-center elementor-widget elementor-widget-button\" data-id=\"9a58275\" data-element_type=\"widget\" data-e-type=\"widget\" data-widget_type=\"button.default\">\n\t\t\t\t<div class=\"elementor-widget-container\">\n\t\t\t\t\t\t\t\t\t<div class=\"elementor-button-wrapper\">\n\t\t\t\t\t<a class=\"elementor-button elementor-button-link elementor-size-sm\" href=\"#\">\n\t\t\t\t\t\t<span class=\"elementor-button-content-wrapper\">\n\t\t\t\t\t\t\t\t\t<span class=\"elementor-button-text\">Convenio Mexico<\/span>\n\t\t\t\t\t<\/span>\n\t\t\t\t\t<\/a>\n\t\t\t\t<\/div>\n\t\t\t\t\t\t\t\t<\/div>\n\t\t\t\t<\/div>\n\t\t\t\t\t<\/div>\n\t\t<\/div>\n\t\t\t\t\t<\/div>\n\t\t<\/section>\n\t\t\t\t<section class=\"elementor-section elementor-top-section elementor-element elementor-element-12f783f elementor-section-boxed elementor-section-height-default elementor-section-height-default\" data-id=\"12f783f\" data-element_type=\"section\" data-e-type=\"section\">\n\t\t\t\t\t\t<div class=\"elementor-container elementor-column-gap-default\">\n\t\t\t\t\t<div class=\"elementor-column elementor-col-100 elementor-top-column elementor-element elementor-element-bcdbb32\" data-id=\"bcdbb32\" data-element_type=\"column\" data-e-type=\"column\">\n\t\t\t<div class=\"elementor-widget-wrap elementor-element-populated\">\n\t\t\t\t\t\t<div class=\"elementor-element elementor-element-e3ecdb5 elementor-widget elementor-widget-spacer\" data-id=\"e3ecdb5\" data-element_type=\"widget\" data-e-type=\"widget\" data-widget_type=\"spacer.default\">\n\t\t\t\t<div class=\"elementor-widget-container\">\n\t\t\t\t\t\t\t<div class=\"elementor-spacer\">\n\t\t\t<div class=\"elementor-spacer-inner\"><\/div>\n\t\t<\/div>\n\t\t\t\t\t\t<\/div>\n\t\t\t\t<\/div>\n\t\t\t\t\t<\/div>\n\t\t<\/div>\n\t\t\t\t\t<\/div>\n\t\t<\/section>\n\t\t\t\t<section class=\"elementor-section elementor-top-section elementor-element elementor-element-63231c5 elementor-section-boxed elementor-section-height-default elementor-section-height-default\" data-id=\"63231c5\" data-element_type=\"section\" data-e-type=\"section\">\n\t\t\t\t\t\t<div class=\"elementor-container elementor-column-gap-default\">\n\t\t\t\t\t<div class=\"elementor-column elementor-col-100 elementor-top-column elementor-element elementor-element-8f39f2e\" data-id=\"8f39f2e\" data-element_type=\"column\" data-e-type=\"column\">\n\t\t\t<div class=\"elementor-widget-wrap elementor-element-populated\">\n\t\t\t\t\t\t<div class=\"elementor-element elementor-element-28b4f09 elementor-widget elementor-widget-image\" data-id=\"28b4f09\" data-element_type=\"widget\" data-e-type=\"widget\" data-widget_type=\"image.default\">\n\t\t\t\t<div class=\"elementor-widget-container\">\n\t\t\t\t\t\t\t\t\t\t\t\t\t\t\t<img fetchpriority=\"high\" decoding=\"async\" width=\"585\" height=\"526\" src=\"https:\/\/www.cpip.gov.co\/wp-content\/uploads\/2025\/08\/Cim.jpg\" class=\"attachment-large size-large wp-image-15788\" alt=\"\" srcset=\"https:\/\/www.cpip.gov.co\/wp-content\/uploads\/2025\/08\/Cim.jpg 585w, https:\/\/www.cpip.gov.co\/wp-content\/uploads\/2025\/08\/Cim-300x270.jpg 300w\" sizes=\"(max-width: 585px) 100vw, 585px\" \/>\t\t\t\t\t\t\t\t\t\t\t\t\t\t\t<\/div>\n\t\t\t\t<\/div>\n\t\t\t\t\t<\/div>\n\t\t<\/div>\n\t\t\t\t\t<\/div>\n\t\t<\/section>\n\t\t\t\t<\/div>\n\t\t","protected":false},"excerpt":{"rendered":"<p>COMISI\u00d3N DE INTERNACIONALIZACI\u00d3N Y MOVILIDAD &#8211; CIM Resoluci\u00f3n de Creaci\u00f3n de Comisi\u00f3n de Innovaci\u00f3n e Internacionalizaci\u00f3n FUNCIONES Y ACTIVIDADES DE LA CIM \u00a0La Comisi\u00f3n CIM,&hellip;<\/p>\n","protected":false},"author":1,"featured_media":0,"parent":0,"menu_order":0,"comment_status":"closed","ping_status":"closed","template":"","meta":{"footnotes":""},"class_list":["post-15782","page","type-page","status-publish","hentry"],"yoast_head":"<!-- This site is optimized with the Yoast SEO plugin v27.3 - https:\/\/yoast.com\/product\/yoast-seo-wordpress\/ -->\n<title>Comisi\u00f3n de Internacionalizaci\u00f3n y movilidad - CPIP - Consejo Profesional de Ingenier&iacute;a de Petr&oacute;leos<\/title>\n<meta name=\"robots\" content=\"index, follow, max-snippet:-1, max-image-preview:large, max-video-preview:-1\" \/>\n<link rel=\"canonical\" href=\"https:\/\/www.cpip.gov.co\/index.php\/comision-de-internacionalizacion-y-movilidad\/\" \/>\n<meta property=\"og:locale\" content=\"es_ES\" \/>\n<meta property=\"og:type\" content=\"article\" \/>\n<meta property=\"og:title\" content=\"Comisi\u00f3n de Internacionalizaci\u00f3n y movilidad - CPIP - Consejo Profesional de Ingenier&iacute;a de Petr&oacute;leos\" \/>\n<meta property=\"og:description\" content=\"COMISI\u00d3N DE INTERNACIONALIZACI\u00d3N Y MOVILIDAD &#8211; CIM Resoluci\u00f3n de Creaci\u00f3n de Comisi\u00f3n de Innovaci\u00f3n e Internacionalizaci\u00f3n FUNCIONES Y ACTIVIDADES DE LA CIM \u00a0La Comisi\u00f3n CIM,&hellip;\" \/>\n<meta property=\"og:url\" content=\"https:\/\/www.cpip.gov.co\/index.php\/comision-de-internacionalizacion-y-movilidad\/\" \/>\n<meta property=\"og:site_name\" content=\"CPIP - Consejo Profesional de Ingenier&iacute;a de Petr&oacute;leos\" \/>\n<meta property=\"article:modified_time\" content=\"2025-09-25T17:13:13+00:00\" \/>\n<meta property=\"og:image\" content=\"https:\/\/www.cpip.gov.co\/wp-content\/uploads\/2025\/08\/Cim.jpg\" \/>\n\t<meta property=\"og:image:width\" content=\"585\" \/>\n\t<meta property=\"og:image:height\" content=\"526\" \/>\n\t<meta property=\"og:image:type\" content=\"image\/jpeg\" \/>\n<meta name=\"twitter:card\" content=\"summary_large_image\" \/>\n<meta name=\"twitter:label1\" content=\"Tiempo de lectura\" \/>\n\t<meta name=\"twitter:data1\" content=\"2 minutos\" \/>\n<script type=\"application\/ld+json\" class=\"yoast-schema-graph\">{\"@context\":\"https:\\\/\\\/schema.org\",\"@graph\":[{\"@type\":\"WebPage\",\"@id\":\"https:\\\/\\\/www.cpip.gov.co\\\/index.php\\\/comision-de-internacionalizacion-y-movilidad\\\/\",\"url\":\"https:\\\/\\\/www.cpip.gov.co\\\/index.php\\\/comision-de-internacionalizacion-y-movilidad\\\/\",\"name\":\"Comisi\u00f3n de Internacionalizaci\u00f3n y movilidad - CPIP - Consejo Profesional de Ingenier&iacute;a de Petr&oacute;leos\",\"isPartOf\":{\"@id\":\"https:\\\/\\\/www.cpip.gov.co\\\/#website\"},\"primaryImageOfPage\":{\"@id\":\"https:\\\/\\\/www.cpip.gov.co\\\/index.php\\\/comision-de-internacionalizacion-y-movilidad\\\/#primaryimage\"},\"image\":{\"@id\":\"https:\\\/\\\/www.cpip.gov.co\\\/index.php\\\/comision-de-internacionalizacion-y-movilidad\\\/#primaryimage\"},\"thumbnailUrl\":\"https:\\\/\\\/www.cpip.gov.co\\\/wp-content\\\/uploads\\\/2025\\\/08\\\/Cim.jpg\",\"datePublished\":\"2025-08-28T20:27:57+00:00\",\"dateModified\":\"2025-09-25T17:13:13+00:00\",\"breadcrumb\":{\"@id\":\"https:\\\/\\\/www.cpip.gov.co\\\/index.php\\\/comision-de-internacionalizacion-y-movilidad\\\/#breadcrumb\"},\"inLanguage\":\"es-CO\",\"potentialAction\":[{\"@type\":\"ReadAction\",\"target\":[\"https:\\\/\\\/www.cpip.gov.co\\\/index.php\\\/comision-de-internacionalizacion-y-movilidad\\\/\"]}]},{\"@type\":\"ImageObject\",\"inLanguage\":\"es-CO\",\"@id\":\"https:\\\/\\\/www.cpip.gov.co\\\/index.php\\\/comision-de-internacionalizacion-y-movilidad\\\/#primaryimage\",\"url\":\"https:\\\/\\\/www.cpip.gov.co\\\/wp-content\\\/uploads\\\/2025\\\/08\\\/Cim.jpg\",\"contentUrl\":\"https:\\\/\\\/www.cpip.gov.co\\\/wp-content\\\/uploads\\\/2025\\\/08\\\/Cim.jpg\",\"width\":585,\"height\":526},{\"@type\":\"BreadcrumbList\",\"@id\":\"https:\\\/\\\/www.cpip.gov.co\\\/index.php\\\/comision-de-internacionalizacion-y-movilidad\\\/#breadcrumb\",\"itemListElement\":[{\"@type\":\"ListItem\",\"position\":1,\"name\":\"Home\",\"item\":\"https:\\\/\\\/www.cpip.gov.co\\\/\"},{\"@type\":\"ListItem\",\"position\":2,\"name\":\"Comisi\u00f3n de Internacionalizaci\u00f3n y movilidad\"}]},{\"@type\":\"WebSite\",\"@id\":\"https:\\\/\\\/www.cpip.gov.co\\\/#website\",\"url\":\"https:\\\/\\\/www.cpip.gov.co\\\/\",\"name\":\"CPIP - Consejo Profesional de Ingenier&iacute;a de Petr&oacute;leos\",\"description\":\"Entidad Gubernamental encargada de ejecutar la Inspecci&oacute;n y Vigilancia del Ejercico Legal de la Ingenieria de Petr&oacute;leos en Colombia.\",\"publisher\":{\"@id\":\"https:\\\/\\\/www.cpip.gov.co\\\/#organization\"},\"potentialAction\":[{\"@type\":\"SearchAction\",\"target\":{\"@type\":\"EntryPoint\",\"urlTemplate\":\"https:\\\/\\\/www.cpip.gov.co\\\/?s={search_term_string}\"},\"query-input\":{\"@type\":\"PropertyValueSpecification\",\"valueRequired\":true,\"valueName\":\"search_term_string\"}}],\"inLanguage\":\"es-CO\"},{\"@type\":\"Organization\",\"@id\":\"https:\\\/\\\/www.cpip.gov.co\\\/#organization\",\"name\":\"CPIP - Consejo Profesional de Ingenier&iacute;a de Petr&oacute;leos\",\"url\":\"https:\\\/\\\/www.cpip.gov.co\\\/\",\"logo\":{\"@type\":\"ImageObject\",\"inLanguage\":\"es-CO\",\"@id\":\"https:\\\/\\\/www.cpip.gov.co\\\/#\\\/schema\\\/logo\\\/image\\\/\",\"url\":\"https:\\\/\\\/www.cpip.gov.co\\\/wp-content\\\/uploads\\\/2024\\\/06\\\/cropped-cpip-1.png\",\"contentUrl\":\"https:\\\/\\\/www.cpip.gov.co\\\/wp-content\\\/uploads\\\/2024\\\/06\\\/cropped-cpip-1.png\",\"width\":1354,\"height\":399,\"caption\":\"CPIP - Consejo Profesional de Ingenier&iacute;a de Petr&oacute;leos\"},\"image\":{\"@id\":\"https:\\\/\\\/www.cpip.gov.co\\\/#\\\/schema\\\/logo\\\/image\\\/\"}}]}<\/script>\n<!-- \/ Yoast SEO plugin. -->","yoast_head_json":{"title":"Comisi\u00f3n de Internacionalizaci\u00f3n y movilidad - CPIP - Consejo Profesional de Ingenier&iacute;a de Petr&oacute;leos","robots":{"index":"index","follow":"follow","max-snippet":"max-snippet:-1","max-image-preview":"max-image-preview:large","max-video-preview":"max-video-preview:-1"},"canonical":"https:\/\/www.cpip.gov.co\/index.php\/comision-de-internacionalizacion-y-movilidad\/","og_locale":"es_ES","og_type":"article","og_title":"Comisi\u00f3n de Internacionalizaci\u00f3n y movilidad - CPIP - Consejo Profesional de Ingenier&iacute;a de Petr&oacute;leos","og_description":"COMISI\u00d3N DE INTERNACIONALIZACI\u00d3N Y MOVILIDAD &#8211; CIM Resoluci\u00f3n de Creaci\u00f3n de Comisi\u00f3n de Innovaci\u00f3n e Internacionalizaci\u00f3n FUNCIONES Y ACTIVIDADES DE LA CIM \u00a0La Comisi\u00f3n CIM,&hellip;","og_url":"https:\/\/www.cpip.gov.co\/index.php\/comision-de-internacionalizacion-y-movilidad\/","og_site_name":"CPIP - Consejo Profesional de Ingenier&iacute;a de Petr&oacute;leos","article_modified_time":"2025-09-25T17:13:13+00:00","og_image":[{"width":585,"height":526,"url":"https:\/\/www.cpip.gov.co\/wp-content\/uploads\/2025\/08\/Cim.jpg","type":"image\/jpeg"}],"twitter_card":"summary_large_image","twitter_misc":{"Tiempo de lectura":"2 minutos"},"schema":{"@context":"https:\/\/schema.org","@graph":[{"@type":"WebPage","@id":"https:\/\/www.cpip.gov.co\/index.php\/comision-de-internacionalizacion-y-movilidad\/","url":"https:\/\/www.cpip.gov.co\/index.php\/comision-de-internacionalizacion-y-movilidad\/","name":"Comisi\u00f3n de Internacionalizaci\u00f3n y movilidad - CPIP - Consejo Profesional de Ingenier&iacute;a de Petr&oacute;leos","isPartOf":{"@id":"https:\/\/www.cpip.gov.co\/#website"},"primaryImageOfPage":{"@id":"https:\/\/www.cpip.gov.co\/index.php\/comision-de-internacionalizacion-y-movilidad\/#primaryimage"},"image":{"@id":"https:\/\/www.cpip.gov.co\/index.php\/comision-de-internacionalizacion-y-movilidad\/#primaryimage"},"thumbnailUrl":"https:\/\/www.cpip.gov.co\/wp-content\/uploads\/2025\/08\/Cim.jpg","datePublished":"2025-08-28T20:27:57+00:00","dateModified":"2025-09-25T17:13:13+00:00","breadcrumb":{"@id":"https:\/\/www.cpip.gov.co\/index.php\/comision-de-internacionalizacion-y-movilidad\/#breadcrumb"},"inLanguage":"es-CO","potentialAction":[{"@type":"ReadAction","target":["https:\/\/www.cpip.gov.co\/index.php\/comision-de-internacionalizacion-y-movilidad\/"]}]},{"@type":"ImageObject","inLanguage":"es-CO","@id":"https:\/\/www.cpip.gov.co\/index.php\/comision-de-internacionalizacion-y-movilidad\/#primaryimage","url":"https:\/\/www.cpip.gov.co\/wp-content\/uploads\/2025\/08\/Cim.jpg","contentUrl":"https:\/\/www.cpip.gov.co\/wp-content\/uploads\/2025\/08\/Cim.jpg","width":585,"height":526},{"@type":"BreadcrumbList","@id":"https:\/\/www.cpip.gov.co\/index.php\/comision-de-internacionalizacion-y-movilidad\/#breadcrumb","itemListElement":[{"@type":"ListItem","position":1,"name":"Home","item":"https:\/\/www.cpip.gov.co\/"},{"@type":"ListItem","position":2,"name":"Comisi\u00f3n de Internacionalizaci\u00f3n y movilidad"}]},{"@type":"WebSite","@id":"https:\/\/www.cpip.gov.co\/#website","url":"https:\/\/www.cpip.gov.co\/","name":"CPIP - Consejo Profesional de Ingenier&iacute;a de Petr&oacute;leos","description":"Entidad Gubernamental encargada de ejecutar la Inspecci&oacute;n y Vigilancia del Ejercico Legal de la Ingenieria de Petr&oacute;leos en Colombia.","publisher":{"@id":"https:\/\/www.cpip.gov.co\/#organization"},"potentialAction":[{"@type":"SearchAction","target":{"@type":"EntryPoint","urlTemplate":"https:\/\/www.cpip.gov.co\/?s={search_term_string}"},"query-input":{"@type":"PropertyValueSpecification","valueRequired":true,"valueName":"search_term_string"}}],"inLanguage":"es-CO"},{"@type":"Organization","@id":"https:\/\/www.cpip.gov.co\/#organization","name":"CPIP - Consejo Profesional de Ingenier&iacute;a de Petr&oacute;leos","url":"https:\/\/www.cpip.gov.co\/","logo":{"@type":"ImageObject","inLanguage":"es-CO","@id":"https:\/\/www.cpip.gov.co\/#\/schema\/logo\/image\/","url":"https:\/\/www.cpip.gov.co\/wp-content\/uploads\/2024\/06\/cropped-cpip-1.png","contentUrl":"https:\/\/www.cpip.gov.co\/wp-content\/uploads\/2024\/06\/cropped-cpip-1.png","width":1354,"height":399,"caption":"CPIP - Consejo Profesional de Ingenier&iacute;a de Petr&oacute;leos"},"image":{"@id":"https:\/\/www.cpip.gov.co\/#\/schema\/logo\/image\/"}}]}},"_links":{"self":[{"href":"https:\/\/www.cpip.gov.co\/index.php\/wp-json\/wp\/v2\/pages\/15782","targetHints":{"allow":["GET"]}}],"collection":[{"href":"https:\/\/www.cpip.gov.co\/index.php\/wp-json\/wp\/v2\/pages"}],"about":[{"href":"https:\/\/www.cpip.gov.co\/index.php\/wp-json\/wp\/v2\/types\/page"}],"author":[{"embeddable":true,"href":"https:\/\/www.cpip.gov.co\/index.php\/wp-json\/wp\/v2\/users\/1"}],"replies":[{"embeddable":true,"href":"https:\/\/www.cpip.gov.co\/index.php\/wp-json\/wp\/v2\/comments?post=15782"}],"version-history":[{"count":20,"href":"https:\/\/www.cpip.gov.co\/index.php\/wp-json\/wp\/v2\/pages\/15782\/revisions"}],"predecessor-version":[{"id":15985,"href":"https:\/\/www.cpip.gov.co\/index.php\/wp-json\/wp\/v2\/pages\/15782\/revisions\/15985"}],"wp:attachment":[{"href":"https:\/\/www.cpip.gov.co\/index.php\/wp-json\/wp\/v2\/media?parent=15782"}],"curies":[{"name":"wp","href":"https:\/\/api.w.org\/{rel}","templated":true}]}}