{"id":7033,"date":"2022-03-24T19:57:24","date_gmt":"2022-03-24T19:57:24","guid":{"rendered":"https:\/\/www.cpip.gov.co\/?page_id=7033"},"modified":"2025-11-18T14:31:36","modified_gmt":"2025-11-18T14:31:36","slug":"micpi","status":"publish","type":"page","link":"https:\/\/www.cpip.gov.co\/index.php\/micpi\/","title":{"rendered":"micpi"},"content":{"rendered":"\t\t<div data-elementor-type=\"wp-page\" data-elementor-id=\"7033\" class=\"elementor elementor-7033\">\n\t\t\t\t\t\t<section class=\"elementor-section elementor-top-section elementor-element elementor-element-84c4322 elementor-section-boxed elementor-section-height-default elementor-section-height-default\" data-id=\"84c4322\" data-element_type=\"section\" data-e-type=\"section\">\n\t\t\t\t\t\t<div class=\"elementor-container elementor-column-gap-default\">\n\t\t\t\t\t<div class=\"elementor-column elementor-col-100 elementor-top-column elementor-element elementor-element-62199a3\" data-id=\"62199a3\" data-element_type=\"column\" data-e-type=\"column\">\n\t\t\t<div class=\"elementor-widget-wrap elementor-element-populated\">\n\t\t\t\t\t\t<div class=\"elementor-element elementor-element-21f0586 elementor-widget elementor-widget-heading\" data-id=\"21f0586\" data-element_type=\"widget\" data-e-type=\"widget\" data-widget_type=\"heading.default\">\n\t\t\t\t<div class=\"elementor-widget-container\">\n\t\t\t\t\t<h3 class=\"elementor-heading-title elementor-size-default\">MESA INTERINSTITUCIONAL DE CONSEJOS PROFESIONALES DE INGENIERIA (MICPI)<\/h3>\t\t\t\t<\/div>\n\t\t\t\t<\/div>\n\t\t\t\t\t<\/div>\n\t\t<\/div>\n\t\t\t\t\t<\/div>\n\t\t<\/section>\n\t\t\t\t<section class=\"elementor-section elementor-top-section elementor-element elementor-element-3c547c0 elementor-section-boxed elementor-section-height-default elementor-section-height-default\" data-id=\"3c547c0\" data-element_type=\"section\" data-e-type=\"section\">\n\t\t\t\t\t\t<div class=\"elementor-container elementor-column-gap-default\">\n\t\t\t\t\t<div class=\"elementor-column elementor-col-100 elementor-top-column elementor-element elementor-element-a69c437\" data-id=\"a69c437\" data-element_type=\"column\" data-e-type=\"column\">\n\t\t\t<div class=\"elementor-widget-wrap elementor-element-populated\">\n\t\t\t\t\t\t<div class=\"elementor-element elementor-element-9a306c8 elementor-widget elementor-widget-text-editor\" data-id=\"9a306c8\" data-element_type=\"widget\" data-e-type=\"widget\" data-widget_type=\"text-editor.default\">\n\t\t\t\t<div class=\"elementor-widget-container\">\n\t\t\t\t\t\t\t\t\t<p>EL MICPI es una mesa institucional organizada por seis (6) consejos de Ingenieria en Colombia y su aliado estrat\u00e9gico &#8211; ACOFI (Asociaci\u00f3n Colombiana de Facultades de Ingenieria)<\/p>\n<ul>\n<li>Consejo Profesional de Ingenieria de Petr\u00f3leos \u2013 CPIP<\/li>\n<li>Consejo Profesional de Ingenieria Qu\u00edmica de Colombia \u2013 CPIQ<\/li>\n<li>Consejo Profesional de Transportes y V\u00edas de Colombia \u2013 CPNTVC<\/li>\n<li>Consejo Profesional Nacional de Ingenieria \u2013 COPNIA<\/li>\n<li>Consejo Profesional Nacional de Ingenier\u00edas Electicas, Mec\u00e1nicas y profesiones afines \u2013 CPNIEMPA<\/li>\n<li>Consejo Profesional Nacional de Topograf\u00eda &#8211; CPNT.<\/li>\n<\/ul>\t\t\t\t\t\t\t\t<\/div>\n\t\t\t\t<\/div>\n\t\t\t\t\t<\/div>\n\t\t<\/div>\n\t\t\t\t\t<\/div>\n\t\t<\/section>\n\t\t\t\t<section class=\"elementor-section elementor-top-section elementor-element elementor-element-8a4f1ed elementor-section-boxed elementor-section-height-default elementor-section-height-default\" data-id=\"8a4f1ed\" data-element_type=\"section\" data-e-type=\"section\">\n\t\t\t\t\t\t<div class=\"elementor-container elementor-column-gap-default\">\n\t\t\t\t\t<div class=\"elementor-column elementor-col-100 elementor-top-column elementor-element elementor-element-a89c4b7\" data-id=\"a89c4b7\" data-element_type=\"column\" data-e-type=\"column\">\n\t\t\t<div class=\"elementor-widget-wrap elementor-element-populated\">\n\t\t\t\t\t\t<div class=\"elementor-element elementor-element-cdd0243 elementor-widget elementor-widget-image\" data-id=\"cdd0243\" data-element_type=\"widget\" data-e-type=\"widget\" data-widget_type=\"image.default\">\n\t\t\t\t<div class=\"elementor-widget-container\">\n\t\t\t\t\t\t\t\t\t\t\t\t\t\t\t<img fetchpriority=\"high\" decoding=\"async\" width=\"953\" height=\"511\" src=\"https:\/\/www.cpip.gov.co\/wp-content\/uploads\/2025\/11\/PHOTO-2025-11-18-09-15-28.jpg\" class=\"attachment-full size-full wp-image-16078\" alt=\"\" srcset=\"https:\/\/www.cpip.gov.co\/wp-content\/uploads\/2025\/11\/PHOTO-2025-11-18-09-15-28.jpg 953w, https:\/\/www.cpip.gov.co\/wp-content\/uploads\/2025\/11\/PHOTO-2025-11-18-09-15-28-300x161.jpg 300w, https:\/\/www.cpip.gov.co\/wp-content\/uploads\/2025\/11\/PHOTO-2025-11-18-09-15-28-768x412.jpg 768w\" sizes=\"(max-width: 953px) 100vw, 953px\" \/>\t\t\t\t\t\t\t\t\t\t\t\t\t\t\t<\/div>\n\t\t\t\t<\/div>\n\t\t\t\t\t<\/div>\n\t\t<\/div>\n\t\t\t\t\t<\/div>\n\t\t<\/section>\n\t\t\t\t<section class=\"elementor-section elementor-top-section elementor-element elementor-element-2a81009 elementor-section-boxed elementor-section-height-default elementor-section-height-default\" data-id=\"2a81009\" data-element_type=\"section\" data-e-type=\"section\">\n\t\t\t\t\t\t<div class=\"elementor-container elementor-column-gap-default\">\n\t\t\t\t\t<div class=\"elementor-column elementor-col-100 elementor-top-column elementor-element elementor-element-a1ede9f\" data-id=\"a1ede9f\" data-element_type=\"column\" data-e-type=\"column\">\n\t\t\t<div class=\"elementor-widget-wrap elementor-element-populated\">\n\t\t\t\t\t\t<div class=\"elementor-element elementor-element-4601f15 elementor-widget elementor-widget-text-editor\" data-id=\"4601f15\" data-element_type=\"widget\" data-e-type=\"widget\" data-widget_type=\"text-editor.default\">\n\t\t\t\t<div class=\"elementor-widget-container\">\n\t\t\t\t\t\t\t\t\t<p>EL MICPI tiene como objetivo general en contribuir en la construcci\u00f3n de la cultura \u00e9tica dentro del ejercicio profesional de la ingenier\u00eda, generando un espacio de an\u00e1lisis y reflexi\u00f3n, que lleve a plantear estrategias para profundizar y apropiar los valores, principios \u00e9ticos y la transparencia en la practica profesional del ingeniero.<\/p>\n<p>Dentro de sus objetivos espec\u00edficos el MICPI analiza el papel de los ingenieros frente a la sociedad, dar a conocer la importancia de la \u00e9tica, resaltar la \u00e9tica profesional como eje de desarrollo, reflexi\u00f3n sobre el actuar \u00e9tico y coordinar acciones a futuro con los diferentes actores para llegar al escenario prospectivo deseado.\u00a0\u00a0 El MICP para logar estos objetivos realiza el Congreso Internacional de \u00c9tica cada dos (2) a\u00f1os desde 2017.\u00a0<\/p>\n<p>Los miembros del MICPI se re\u00fanen mensualmente y desarrollan principalmente las siguientes cuatro l\u00edneas estrat\u00e9gicas.<\/p>\n<ul>\n<li>Congreso Internacional de \u00c9tica \u2013 2023<\/li>\n<li>Alianza del Pacifico<\/li>\n<li>Catedra Iberoamericana de \u00c9tica<\/li>\n<li>Defensa de la profesi\u00f3n y temas legales.<\/li>\n<\/ul>\t\t\t\t\t\t\t\t<\/div>\n\t\t\t\t<\/div>\n\t\t\t\t\t<\/div>\n\t\t<\/div>\n\t\t\t\t\t<\/div>\n\t\t<\/section>\n\t\t\t\t<section class=\"elementor-section elementor-top-section elementor-element elementor-element-0170679 elementor-section-boxed elementor-section-height-default elementor-section-height-default\" data-id=\"0170679\" data-element_type=\"section\" data-e-type=\"section\">\n\t\t\t\t\t\t<div class=\"elementor-container elementor-column-gap-default\">\n\t\t\t\t\t<div class=\"elementor-column elementor-col-100 elementor-top-column elementor-element elementor-element-76958c6\" data-id=\"76958c6\" data-element_type=\"column\" data-e-type=\"column\">\n\t\t\t<div class=\"elementor-widget-wrap elementor-element-populated\">\n\t\t\t\t\t\t<div class=\"elementor-element elementor-element-fb52d0a elementor-widget elementor-widget-text-editor\" data-id=\"fb52d0a\" data-element_type=\"widget\" data-e-type=\"widget\" data-widget_type=\"text-editor.default\">\n\t\t\t\t<div class=\"elementor-widget-container\">\n\t\t\t\t\t\t\t\t\t<p style=\"text-align: center;\">PARTICIPACI\u00d3N DURANTE EL CONGRESO INTERNACIONAL DE \u00c9TICA<\/p>\t\t\t\t\t\t\t\t<\/div>\n\t\t\t\t<\/div>\n\t\t\t\t\t<\/div>\n\t\t<\/div>\n\t\t\t\t\t<\/div>\n\t\t<\/section>\n\t\t\t\t<section class=\"elementor-section elementor-top-section elementor-element elementor-element-598a816 elementor-section-boxed elementor-section-height-default elementor-section-height-default\" data-id=\"598a816\" data-element_type=\"section\" data-e-type=\"section\">\n\t\t\t\t\t\t<div class=\"elementor-container elementor-column-gap-default\">\n\t\t\t\t\t<div class=\"elementor-column elementor-col-100 elementor-top-column elementor-element elementor-element-4a9dc6f\" data-id=\"4a9dc6f\" data-element_type=\"column\" data-e-type=\"column\">\n\t\t\t<div class=\"elementor-widget-wrap elementor-element-populated\">\n\t\t\t\t\t\t<div class=\"elementor-element elementor-element-821fc7e elementor-widget elementor-widget-image\" data-id=\"821fc7e\" data-element_type=\"widget\" data-e-type=\"widget\" data-widget_type=\"image.default\">\n\t\t\t\t<div class=\"elementor-widget-container\">\n\t\t\t\t\t\t\t\t\t\t\t\t\t\t\t<img decoding=\"async\" width=\"300\" height=\"192\" src=\"https:\/\/www.cpip.gov.co\/wp-content\/uploads\/2022\/03\/micpi1.jpg\" class=\"attachment-large size-large wp-image-7078\" alt=\"\" \/>\t\t\t\t\t\t\t\t\t\t\t\t\t\t\t<\/div>\n\t\t\t\t<\/div>\n\t\t\t\t\t<\/div>\n\t\t<\/div>\n\t\t\t\t\t<\/div>\n\t\t<\/section>\n\t\t\t\t<section class=\"elementor-section elementor-top-section elementor-element elementor-element-e149167 elementor-section-boxed elementor-section-height-default elementor-section-height-default\" data-id=\"e149167\" data-element_type=\"section\" data-e-type=\"section\">\n\t\t\t\t\t\t<div class=\"elementor-container elementor-column-gap-default\">\n\t\t\t\t\t<div class=\"elementor-column elementor-col-100 elementor-top-column elementor-element elementor-element-eed35fe\" data-id=\"eed35fe\" data-element_type=\"column\" data-e-type=\"column\">\n\t\t\t<div class=\"elementor-widget-wrap elementor-element-populated\">\n\t\t\t\t\t\t<div class=\"elementor-element elementor-element-672f38c elementor-widget elementor-widget-spacer\" data-id=\"672f38c\" data-element_type=\"widget\" data-e-type=\"widget\" data-widget_type=\"spacer.default\">\n\t\t\t\t<div class=\"elementor-widget-container\">\n\t\t\t\t\t\t\t<div class=\"elementor-spacer\">\n\t\t\t<div class=\"elementor-spacer-inner\"><\/div>\n\t\t<\/div>\n\t\t\t\t\t\t<\/div>\n\t\t\t\t<\/div>\n\t\t\t\t\t<\/div>\n\t\t<\/div>\n\t\t\t\t\t<\/div>\n\t\t<\/section>\n\t\t\t\t<section class=\"elementor-section elementor-top-section elementor-element elementor-element-c4ba043 elementor-section-full_width elementor-section-stretched elementor-section-height-default elementor-section-height-default\" data-id=\"c4ba043\" data-element_type=\"section\" data-e-type=\"section\" data-settings=\"{&quot;stretch_section&quot;:&quot;section-stretched&quot;}\">\n\t\t\t\t\t\t<div class=\"elementor-container elementor-column-gap-default\">\n\t\t\t\t\t<div class=\"elementor-column elementor-col-100 elementor-top-column elementor-element elementor-element-70773ba\" data-id=\"70773ba\" data-element_type=\"column\" data-e-type=\"column\">\n\t\t\t<div class=\"elementor-widget-wrap elementor-element-populated\">\n\t\t\t\t\t\t<section class=\"elementor-section elementor-inner-section elementor-element elementor-element-8c57cd9 elementor-section-full_width elementor-section-height-default elementor-section-height-default\" data-id=\"8c57cd9\" data-element_type=\"section\" data-e-type=\"section\">\n\t\t\t\t\t\t<div class=\"elementor-container elementor-column-gap-default\">\n\t\t\t\t\t<div class=\"elementor-column elementor-col-50 elementor-inner-column elementor-element elementor-element-345101c\" data-id=\"345101c\" data-element_type=\"column\" data-e-type=\"column\">\n\t\t\t<div class=\"elementor-widget-wrap elementor-element-populated\">\n\t\t\t\t\t\t<div class=\"elementor-element elementor-element-17db935 elementor-widget elementor-widget-text-editor\" data-id=\"17db935\" data-element_type=\"widget\" data-e-type=\"widget\" data-widget_type=\"text-editor.default\">\n\t\t\t\t<div class=\"elementor-widget-container\">\n\t\t\t\t\t\t\t\t\t<div class=\"mb-4 h3\">Consejo Profesional de Ingenier\u00eda de Petr\u00f3leos &#8211; CPIP<\/div><p>Edificio Centro 95 &#8211; Cra. 11a No. 94A -56 Ofcina 401 Bogot\u00e1, Colombia &#8211; C\u00f3digo Postal 111711<\/p><p>Tel\u00e9fono Conmutador:\u00a0<a href=\"tel:6013443460\">+57 601 7045300<\/a> &#8211; L\u00ednea Celular: <a href=\"tel:018000914014\">3115383775<\/a><\/p><p>L\u00ednea Anticorrupci\u00f3n:\u00a0<a href=\"tel:018000912667\">3115383775<\/a><\/p><p>Correo Institucional: contacto@cpip.gov.co<\/p><p>Denuncias por actos de corrupci\u00f3n: <a href=\"mailto:liderjuridico@cpip.gov.co\">liderjuridico@cpip.gov.co<\/a><\/p><p>Horario de Atenci\u00f3n Presencial:<\/p><p>lunes a viernes de 9:00 a.m. \u2013 5:00 p.m. Jornada Continua<\/p><p><span style=\"text-decoration: underline;\"><strong><a href=\"https:\/\/www.cpip.gov.co\/wp-content\/uploads\/2021\/12\/PE-POL-015-POL%C3%8DTICA-DE-TRATAMIENTO-Y-PROTECCI%C3%93N-DE-DATOS-PERSONALES-DEL-CONSEJO-PROFESIONAL-DE-INGENIERIA-DE-PETR%C3%93LEOS.pdf\">Pol\u00edticas de Privacidad y Condiciones de uso<\/a><\/strong><\/span><\/p>\t\t\t\t\t\t\t\t<\/div>\n\t\t\t\t<\/div>\n\t\t\t\t<div class=\"elementor-element elementor-element-c7d8d9c elementor-shape-circle e-grid-align-left elementor-grid-0 elementor-widget elementor-widget-social-icons\" data-id=\"c7d8d9c\" data-element_type=\"widget\" data-e-type=\"widget\" data-widget_type=\"social-icons.default\">\n\t\t\t\t<div class=\"elementor-widget-container\">\n\t\t\t\t\t\t\t<div class=\"elementor-social-icons-wrapper elementor-grid\" role=\"list\">\n\t\t\t\t\t\t\t<span class=\"elementor-grid-item\" role=\"listitem\">\n\t\t\t\t\t<a class=\"elementor-icon elementor-social-icon elementor-social-icon-facebook elementor-repeater-item-f6cd25f\" href=\"https:\/\/www.facebook.com\/ConsejoProfesionaldeIngenieriadePetroleos.CPIP.3\/\" target=\"_blank\">\n\t\t\t\t\t\t<span class=\"elementor-screen-only\">Facebook<\/span>\n\t\t\t\t\t\t<i aria-hidden=\"true\" class=\"fab fa-facebook\"><\/i>\t\t\t\t\t<\/a>\n\t\t\t\t<\/span>\n\t\t\t\t\t\t\t<span class=\"elementor-grid-item\" role=\"listitem\">\n\t\t\t\t\t<a class=\"elementor-icon elementor-social-icon elementor-social-icon-instagram elementor-repeater-item-2f514ab\" href=\"https:\/\/www.instagram.com\/cpip_colombia\/\" target=\"_blank\">\n\t\t\t\t\t\t<span class=\"elementor-screen-only\">Instagram<\/span>\n\t\t\t\t\t\t<i aria-hidden=\"true\" class=\"fab fa-instagram\"><\/i>\t\t\t\t\t<\/a>\n\t\t\t\t<\/span>\n\t\t\t\t\t\t\t<span class=\"elementor-grid-item\" role=\"listitem\">\n\t\t\t\t\t<a class=\"elementor-icon elementor-social-icon elementor-social-icon-youtube elementor-repeater-item-6b41cf6\" href=\"https:\/\/www.youtube.com\/channel\/UC4yGygq4bVq0lHSKpTQBKiA\/playlists\" target=\"_blank\">\n\t\t\t\t\t\t<span class=\"elementor-screen-only\">Youtube<\/span>\n\t\t\t\t\t\t<i aria-hidden=\"true\" class=\"fab fa-youtube\"><\/i>\t\t\t\t\t<\/a>\n\t\t\t\t<\/span>\n\t\t\t\t\t<\/div>\n\t\t\t\t\t\t<\/div>\n\t\t\t\t<\/div>\n\t\t\t\t\t<\/div>\n\t\t<\/div>\n\t\t\t\t<div class=\"elementor-column elementor-col-50 elementor-inner-column elementor-element elementor-element-396c89d\" data-id=\"396c89d\" data-element_type=\"column\" data-e-type=\"column\">\n\t\t\t<div class=\"elementor-widget-wrap elementor-element-populated\">\n\t\t\t\t\t\t<div class=\"elementor-element elementor-element-f7b21c1 elementor-widget elementor-widget-image\" data-id=\"f7b21c1\" data-element_type=\"widget\" data-e-type=\"widget\" data-widget_type=\"image.default\">\n\t\t\t\t<div class=\"elementor-widget-container\">\n\t\t\t\t\t\t\t\t\t\t\t\t\t\t\t<img decoding=\"async\" width=\"331\" height=\"227\" src=\"https:\/\/www.cpip.gov.co\/wp-content\/uploads\/2022\/08\/escudo-y-iso-1.jpg\" class=\"attachment-full size-full wp-image-8813\" alt=\"\" srcset=\"https:\/\/www.cpip.gov.co\/wp-content\/uploads\/2022\/08\/escudo-y-iso-1.jpg 331w, https:\/\/www.cpip.gov.co\/wp-content\/uploads\/2022\/08\/escudo-y-iso-1-300x206.jpg 300w\" sizes=\"(max-width: 331px) 100vw, 331px\" \/>\t\t\t\t\t\t\t\t\t\t\t\t\t\t\t<\/div>\n\t\t\t\t<\/div>\n\t\t\t\t\t<\/div>\n\t\t<\/div>\n\t\t\t\t\t<\/div>\n\t\t<\/section>\n\t\t\t\t\t<\/div>\n\t\t<\/div>\n\t\t\t\t\t<\/div>\n\t\t<\/section>\n\t\t\t\t<\/div>\n\t\t","protected":false},"excerpt":{"rendered":"<p>MESA INTERINSTITUCIONAL DE CONSEJOS PROFESIONALES DE INGENIERIA (MICPI) EL MICPI es una mesa institucional organizada por seis (6) consejos de Ingenieria en Colombia y su&hellip;<\/p>\n","protected":false},"author":1,"featured_media":0,"parent":0,"menu_order":0,"comment_status":"closed","ping_status":"closed","template":"","meta":{"footnotes":""},"class_list":["post-7033","page","type-page","status-publish","hentry"],"yoast_head":"<!-- This site is optimized with the Yoast SEO plugin v27.3 - https:\/\/yoast.com\/product\/yoast-seo-wordpress\/ -->\n<title>micpi - CPIP - Consejo Profesional de Ingenier&iacute;a de Petr&oacute;leos<\/title>\n<meta name=\"robots\" content=\"index, follow, max-snippet:-1, max-image-preview:large, max-video-preview:-1\" \/>\n<link rel=\"canonical\" href=\"https:\/\/www.cpip.gov.co\/index.php\/micpi\/\" \/>\n<meta property=\"og:locale\" content=\"es_ES\" \/>\n<meta property=\"og:type\" content=\"article\" \/>\n<meta property=\"og:title\" content=\"micpi - CPIP - Consejo Profesional de Ingenier&iacute;a de Petr&oacute;leos\" \/>\n<meta property=\"og:description\" content=\"MESA INTERINSTITUCIONAL DE CONSEJOS PROFESIONALES DE INGENIERIA (MICPI) EL MICPI es una mesa institucional organizada por seis (6) consejos de Ingenieria en Colombia y su&hellip;\" \/>\n<meta property=\"og:url\" content=\"https:\/\/www.cpip.gov.co\/index.php\/micpi\/\" \/>\n<meta property=\"og:site_name\" content=\"CPIP - Consejo Profesional de Ingenier&iacute;a de Petr&oacute;leos\" \/>\n<meta property=\"article:modified_time\" content=\"2025-11-18T14:31:36+00:00\" \/>\n<meta property=\"og:image\" content=\"https:\/\/www.cpip.gov.co\/wp-content\/uploads\/2025\/11\/PHOTO-2025-11-18-09-15-28.jpg\" \/>\n<meta name=\"twitter:card\" content=\"summary_large_image\" \/>\n<meta name=\"twitter:label1\" content=\"Tiempo de lectura\" \/>\n\t<meta name=\"twitter:data1\" content=\"3 minutos\" \/>\n<script type=\"application\/ld+json\" class=\"yoast-schema-graph\">{\"@context\":\"https:\\\/\\\/schema.org\",\"@graph\":[{\"@type\":\"WebPage\",\"@id\":\"https:\\\/\\\/www.cpip.gov.co\\\/index.php\\\/micpi\\\/\",\"url\":\"https:\\\/\\\/www.cpip.gov.co\\\/index.php\\\/micpi\\\/\",\"name\":\"micpi - CPIP - Consejo Profesional de Ingenier&iacute;a de Petr&oacute;leos\",\"isPartOf\":{\"@id\":\"https:\\\/\\\/www.cpip.gov.co\\\/#website\"},\"primaryImageOfPage\":{\"@id\":\"https:\\\/\\\/www.cpip.gov.co\\\/index.php\\\/micpi\\\/#primaryimage\"},\"image\":{\"@id\":\"https:\\\/\\\/www.cpip.gov.co\\\/index.php\\\/micpi\\\/#primaryimage\"},\"thumbnailUrl\":\"https:\\\/\\\/www.cpip.gov.co\\\/wp-content\\\/uploads\\\/2025\\\/11\\\/PHOTO-2025-11-18-09-15-28.jpg\",\"datePublished\":\"2022-03-24T19:57:24+00:00\",\"dateModified\":\"2025-11-18T14:31:36+00:00\",\"breadcrumb\":{\"@id\":\"https:\\\/\\\/www.cpip.gov.co\\\/index.php\\\/micpi\\\/#breadcrumb\"},\"inLanguage\":\"es-CO\",\"potentialAction\":[{\"@type\":\"ReadAction\",\"target\":[\"https:\\\/\\\/www.cpip.gov.co\\\/index.php\\\/micpi\\\/\"]}]},{\"@type\":\"ImageObject\",\"inLanguage\":\"es-CO\",\"@id\":\"https:\\\/\\\/www.cpip.gov.co\\\/index.php\\\/micpi\\\/#primaryimage\",\"url\":\"https:\\\/\\\/www.cpip.gov.co\\\/wp-content\\\/uploads\\\/2025\\\/11\\\/PHOTO-2025-11-18-09-15-28.jpg\",\"contentUrl\":\"https:\\\/\\\/www.cpip.gov.co\\\/wp-content\\\/uploads\\\/2025\\\/11\\\/PHOTO-2025-11-18-09-15-28.jpg\",\"width\":953,\"height\":511},{\"@type\":\"BreadcrumbList\",\"@id\":\"https:\\\/\\\/www.cpip.gov.co\\\/index.php\\\/micpi\\\/#breadcrumb\",\"itemListElement\":[{\"@type\":\"ListItem\",\"position\":1,\"name\":\"Home\",\"item\":\"https:\\\/\\\/www.cpip.gov.co\\\/\"},{\"@type\":\"ListItem\",\"position\":2,\"name\":\"micpi\"}]},{\"@type\":\"WebSite\",\"@id\":\"https:\\\/\\\/www.cpip.gov.co\\\/#website\",\"url\":\"https:\\\/\\\/www.cpip.gov.co\\\/\",\"name\":\"CPIP - Consejo Profesional de Ingenier&iacute;a de Petr&oacute;leos\",\"description\":\"Entidad Gubernamental encargada de ejecutar la Inspecci&oacute;n y Vigilancia del Ejercico Legal de la Ingenieria de Petr&oacute;leos en Colombia.\",\"publisher\":{\"@id\":\"https:\\\/\\\/www.cpip.gov.co\\\/#organization\"},\"potentialAction\":[{\"@type\":\"SearchAction\",\"target\":{\"@type\":\"EntryPoint\",\"urlTemplate\":\"https:\\\/\\\/www.cpip.gov.co\\\/?s={search_term_string}\"},\"query-input\":{\"@type\":\"PropertyValueSpecification\",\"valueRequired\":true,\"valueName\":\"search_term_string\"}}],\"inLanguage\":\"es-CO\"},{\"@type\":\"Organization\",\"@id\":\"https:\\\/\\\/www.cpip.gov.co\\\/#organization\",\"name\":\"CPIP - Consejo Profesional de Ingenier&iacute;a de Petr&oacute;leos\",\"url\":\"https:\\\/\\\/www.cpip.gov.co\\\/\",\"logo\":{\"@type\":\"ImageObject\",\"inLanguage\":\"es-CO\",\"@id\":\"https:\\\/\\\/www.cpip.gov.co\\\/#\\\/schema\\\/logo\\\/image\\\/\",\"url\":\"https:\\\/\\\/www.cpip.gov.co\\\/wp-content\\\/uploads\\\/2024\\\/06\\\/cropped-cpip-1.png\",\"contentUrl\":\"https:\\\/\\\/www.cpip.gov.co\\\/wp-content\\\/uploads\\\/2024\\\/06\\\/cropped-cpip-1.png\",\"width\":1354,\"height\":399,\"caption\":\"CPIP - Consejo Profesional de Ingenier&iacute;a de Petr&oacute;leos\"},\"image\":{\"@id\":\"https:\\\/\\\/www.cpip.gov.co\\\/#\\\/schema\\\/logo\\\/image\\\/\"}}]}<\/script>\n<!-- \/ Yoast SEO plugin. -->","yoast_head_json":{"title":"micpi - CPIP - Consejo Profesional de Ingenier&iacute;a de Petr&oacute;leos","robots":{"index":"index","follow":"follow","max-snippet":"max-snippet:-1","max-image-preview":"max-image-preview:large","max-video-preview":"max-video-preview:-1"},"canonical":"https:\/\/www.cpip.gov.co\/index.php\/micpi\/","og_locale":"es_ES","og_type":"article","og_title":"micpi - CPIP - Consejo Profesional de Ingenier&iacute;a de Petr&oacute;leos","og_description":"MESA INTERINSTITUCIONAL DE CONSEJOS PROFESIONALES DE INGENIERIA (MICPI) EL MICPI es una mesa institucional organizada por seis (6) consejos de Ingenieria en Colombia y su&hellip;","og_url":"https:\/\/www.cpip.gov.co\/index.php\/micpi\/","og_site_name":"CPIP - Consejo Profesional de Ingenier&iacute;a de Petr&oacute;leos","article_modified_time":"2025-11-18T14:31:36+00:00","og_image":[{"url":"https:\/\/www.cpip.gov.co\/wp-content\/uploads\/2025\/11\/PHOTO-2025-11-18-09-15-28.jpg","type":"","width":"","height":""}],"twitter_card":"summary_large_image","twitter_misc":{"Tiempo de lectura":"3 minutos"},"schema":{"@context":"https:\/\/schema.org","@graph":[{"@type":"WebPage","@id":"https:\/\/www.cpip.gov.co\/index.php\/micpi\/","url":"https:\/\/www.cpip.gov.co\/index.php\/micpi\/","name":"micpi - CPIP - Consejo Profesional de Ingenier&iacute;a de Petr&oacute;leos","isPartOf":{"@id":"https:\/\/www.cpip.gov.co\/#website"},"primaryImageOfPage":{"@id":"https:\/\/www.cpip.gov.co\/index.php\/micpi\/#primaryimage"},"image":{"@id":"https:\/\/www.cpip.gov.co\/index.php\/micpi\/#primaryimage"},"thumbnailUrl":"https:\/\/www.cpip.gov.co\/wp-content\/uploads\/2025\/11\/PHOTO-2025-11-18-09-15-28.jpg","datePublished":"2022-03-24T19:57:24+00:00","dateModified":"2025-11-18T14:31:36+00:00","breadcrumb":{"@id":"https:\/\/www.cpip.gov.co\/index.php\/micpi\/#breadcrumb"},"inLanguage":"es-CO","potentialAction":[{"@type":"ReadAction","target":["https:\/\/www.cpip.gov.co\/index.php\/micpi\/"]}]},{"@type":"ImageObject","inLanguage":"es-CO","@id":"https:\/\/www.cpip.gov.co\/index.php\/micpi\/#primaryimage","url":"https:\/\/www.cpip.gov.co\/wp-content\/uploads\/2025\/11\/PHOTO-2025-11-18-09-15-28.jpg","contentUrl":"https:\/\/www.cpip.gov.co\/wp-content\/uploads\/2025\/11\/PHOTO-2025-11-18-09-15-28.jpg","width":953,"height":511},{"@type":"BreadcrumbList","@id":"https:\/\/www.cpip.gov.co\/index.php\/micpi\/#breadcrumb","itemListElement":[{"@type":"ListItem","position":1,"name":"Home","item":"https:\/\/www.cpip.gov.co\/"},{"@type":"ListItem","position":2,"name":"micpi"}]},{"@type":"WebSite","@id":"https:\/\/www.cpip.gov.co\/#website","url":"https:\/\/www.cpip.gov.co\/","name":"CPIP - Consejo Profesional de Ingenier&iacute;a de Petr&oacute;leos","description":"Entidad Gubernamental encargada de ejecutar la Inspecci&oacute;n y Vigilancia del Ejercico Legal de la Ingenieria de Petr&oacute;leos en Colombia.","publisher":{"@id":"https:\/\/www.cpip.gov.co\/#organization"},"potentialAction":[{"@type":"SearchAction","target":{"@type":"EntryPoint","urlTemplate":"https:\/\/www.cpip.gov.co\/?s={search_term_string}"},"query-input":{"@type":"PropertyValueSpecification","valueRequired":true,"valueName":"search_term_string"}}],"inLanguage":"es-CO"},{"@type":"Organization","@id":"https:\/\/www.cpip.gov.co\/#organization","name":"CPIP - Consejo Profesional de Ingenier&iacute;a de Petr&oacute;leos","url":"https:\/\/www.cpip.gov.co\/","logo":{"@type":"ImageObject","inLanguage":"es-CO","@id":"https:\/\/www.cpip.gov.co\/#\/schema\/logo\/image\/","url":"https:\/\/www.cpip.gov.co\/wp-content\/uploads\/2024\/06\/cropped-cpip-1.png","contentUrl":"https:\/\/www.cpip.gov.co\/wp-content\/uploads\/2024\/06\/cropped-cpip-1.png","width":1354,"height":399,"caption":"CPIP - Consejo Profesional de Ingenier&iacute;a de Petr&oacute;leos"},"image":{"@id":"https:\/\/www.cpip.gov.co\/#\/schema\/logo\/image\/"}}]}},"_links":{"self":[{"href":"https:\/\/www.cpip.gov.co\/index.php\/wp-json\/wp\/v2\/pages\/7033","targetHints":{"allow":["GET"]}}],"collection":[{"href":"https:\/\/www.cpip.gov.co\/index.php\/wp-json\/wp\/v2\/pages"}],"about":[{"href":"https:\/\/www.cpip.gov.co\/index.php\/wp-json\/wp\/v2\/types\/page"}],"author":[{"embeddable":true,"href":"https:\/\/www.cpip.gov.co\/index.php\/wp-json\/wp\/v2\/users\/1"}],"replies":[{"embeddable":true,"href":"https:\/\/www.cpip.gov.co\/index.php\/wp-json\/wp\/v2\/comments?post=7033"}],"version-history":[{"count":52,"href":"https:\/\/www.cpip.gov.co\/index.php\/wp-json\/wp\/v2\/pages\/7033\/revisions"}],"predecessor-version":[{"id":16081,"href":"https:\/\/www.cpip.gov.co\/index.php\/wp-json\/wp\/v2\/pages\/7033\/revisions\/16081"}],"wp:attachment":[{"href":"https:\/\/www.cpip.gov.co\/index.php\/wp-json\/wp\/v2\/media?parent=7033"}],"curies":[{"name":"wp","href":"https:\/\/api.w.org\/{rel}","templated":true}]}}