{"id":9269,"date":"2022-09-09T20:47:47","date_gmt":"2022-09-09T20:47:47","guid":{"rendered":"https:\/\/www.cpip.gov.co\/?page_id=9269"},"modified":"2025-11-13T22:00:04","modified_gmt":"2025-11-13T22:00:04","slug":"instrumentos-de-gestion-de-la-informacion","status":"publish","type":"page","link":"https:\/\/www.cpip.gov.co\/index.php\/instrumentos-de-gestion-de-la-informacion\/","title":{"rendered":"Instrumentos de Gesti\u00f3n de la Informaci\u00f3n"},"content":{"rendered":"\t\t<div data-elementor-type=\"wp-page\" data-elementor-id=\"9269\" class=\"elementor elementor-9269\">\n\t\t\t\t\t\t<section class=\"elementor-section elementor-top-section elementor-element elementor-element-5c8034e elementor-section-boxed elementor-section-height-default elementor-section-height-default\" data-id=\"5c8034e\" data-element_type=\"section\" data-e-type=\"section\">\n\t\t\t\t\t\t<div class=\"elementor-container elementor-column-gap-default\">\n\t\t\t\t\t<div class=\"elementor-column elementor-col-100 elementor-top-column elementor-element elementor-element-4f74594\" data-id=\"4f74594\" data-element_type=\"column\" data-e-type=\"column\">\n\t\t\t<div class=\"elementor-widget-wrap elementor-element-populated\">\n\t\t\t\t\t\t<div class=\"elementor-element elementor-element-eaa6f49 elementor-widget elementor-widget-heading\" data-id=\"eaa6f49\" data-element_type=\"widget\" data-e-type=\"widget\" data-widget_type=\"heading.default\">\n\t\t\t\t<div class=\"elementor-widget-container\">\n\t\t\t\t\t<h3 class=\"elementor-heading-title elementor-size-default\">INSTRUMENTOS DE GESTI\u00d3N DE LA INFORMACI\u00d3N<\/h3>\t\t\t\t<\/div>\n\t\t\t\t<\/div>\n\t\t\t\t\t<\/div>\n\t\t<\/div>\n\t\t\t\t\t<\/div>\n\t\t<\/section>\n\t\t\t\t<section class=\"elementor-section elementor-top-section elementor-element elementor-element-4b522d8 elementor-section-boxed elementor-section-height-default elementor-section-height-default\" data-id=\"4b522d8\" data-element_type=\"section\" data-e-type=\"section\">\n\t\t\t\t\t\t<div class=\"elementor-container elementor-column-gap-default\">\n\t\t\t\t\t<div class=\"elementor-column elementor-col-100 elementor-top-column elementor-element elementor-element-253f8d2\" data-id=\"253f8d2\" data-element_type=\"column\" data-e-type=\"column\">\n\t\t\t<div class=\"elementor-widget-wrap elementor-element-populated\">\n\t\t\t\t\t\t<div class=\"elementor-element elementor-element-d1578d2 elementor-widget elementor-widget-text-editor\" data-id=\"d1578d2\" data-element_type=\"widget\" data-e-type=\"widget\" data-widget_type=\"text-editor.default\">\n\t\t\t\t<div class=\"elementor-widget-container\">\n\t\t\t\t\t\t\t\t\t<p><a href=\"https:\/\/www.cpip.gov.co\/wp-content\/uploads\/2021\/06\/Esquema-de-Publicacion-CPIP.pdf\"><strong>7.1<\/strong><span style=\"text-decoration: underline;\"><strong> Registros de Activos de la Informaci\u00f3n<\/strong><\/span><\/a><\/p><p><strong><a href=\"https:\/\/www.cpip.gov.co\/wp-content\/uploads\/2022\/12\/Informacion-Clasificada-y-Reservada.pdf\"><span style=\"text-decoration: underline;\">7.1.2 Indice de Informaci\u00f3n Clasificada y Reservada<\/span><\/a><\/strong><\/p><p><a href=\"https:\/\/www.cpip.gov.co\/wp-content\/uploads\/2021\/06\/INVENTARIOS-DE-LOS-ACTIVOS-DE-LA-INFORMACI%C3%93N-CPIP.pdf\"><span style=\"text-decoration: underline;\"><strong>7.1.3 Indice de Informaci\u00f3n Clasificada y Reservada<\/strong><\/span><\/a><\/p><p><strong>7.1.4 PROGRAMA DE\u00a0 GESTI\u00d3N DOCUMENTAL<\/strong><span style=\"text-decoration: underline;\"><strong><br \/><\/strong><\/span><strong>7.1.4.a\u00a0 <a href=\"https:\/\/www.cpip.gov.co\/wp-content\/uploads\/2023\/05\/230327-MEMORIA-DESCRIPTIVA.pdf\"><span style=\"text-decoration: underline;\">Memoria Descriptiva<\/span><\/a><br \/><span style=\"text-decoration: underline;\">7.1.4.b <a href=\"https:\/\/www.cpip.gov.co\/wp-content\/uploads\/2023\/05\/Tablas-de-Valoracion-documental.pdf\">Tablas de Valoraci\u00f3n Documental<\/a><\/span><\/strong><\/p><p><a href=\"https:\/\/www.cpip.gov.co\/wp-content\/uploads\/2021\/05\/PE-POL-007-POL%C3%8DTICA-DE-GESTI%C3%93N-DOCUMENTAL-001.pdf\"><strong><span style=\"text-decoration: underline;\">7.1.4.a Pol\u00edticas para la Gesti\u00f3n de Documentos<\/span><\/strong><\/a><\/p><p><a href=\"https:\/\/www.cpip.gov.co\/wp-content\/uploads\/2025\/11\/3TRDDefinitiva.pdf\"><span style=\"text-decoration: underline;\"><strong>7.1.5 <\/strong><strong>Tablas de Retenci\u00f3n Documental<\/strong><\/span><\/a><\/p>\t\t\t\t\t\t\t\t<\/div>\n\t\t\t\t<\/div>\n\t\t\t\t\t<\/div>\n\t\t<\/div>\n\t\t\t\t\t<\/div>\n\t\t<\/section>\n\t\t\t\t<\/div>\n\t\t","protected":false},"excerpt":{"rendered":"<p>INSTRUMENTOS DE GESTI\u00d3N DE LA INFORMACI\u00d3N 7.1 Registros de Activos de la Informaci\u00f3n 7.1.2 Indice de Informaci\u00f3n Clasificada y Reservada 7.1.3 Indice de Informaci\u00f3n Clasificada&hellip;<\/p>\n","protected":false},"author":1,"featured_media":0,"parent":0,"menu_order":0,"comment_status":"closed","ping_status":"closed","template":"","meta":{"footnotes":""},"class_list":["post-9269","page","type-page","status-publish","hentry"],"yoast_head":"<!-- This site is optimized with the Yoast SEO plugin v27.4 - https:\/\/yoast.com\/product\/yoast-seo-wordpress\/ -->\n<title>Instrumentos de Gesti\u00f3n de la Informaci\u00f3n - CPIP - Consejo Profesional de Ingenier&iacute;a de Petr&oacute;leos<\/title>\n<meta name=\"robots\" content=\"index, follow, max-snippet:-1, max-image-preview:large, max-video-preview:-1\" \/>\n<link rel=\"canonical\" href=\"https:\/\/www.cpip.gov.co\/index.php\/instrumentos-de-gestion-de-la-informacion\/\" \/>\n<meta property=\"og:locale\" content=\"es_ES\" \/>\n<meta property=\"og:type\" content=\"article\" \/>\n<meta property=\"og:title\" content=\"Instrumentos de Gesti\u00f3n de la Informaci\u00f3n - CPIP - Consejo Profesional de Ingenier&iacute;a de Petr&oacute;leos\" \/>\n<meta property=\"og:description\" content=\"INSTRUMENTOS DE GESTI\u00d3N DE LA INFORMACI\u00d3N 7.1 Registros de Activos de la Informaci\u00f3n 7.1.2 Indice de Informaci\u00f3n Clasificada y Reservada 7.1.3 Indice de Informaci\u00f3n Clasificada&hellip;\" \/>\n<meta property=\"og:url\" content=\"https:\/\/www.cpip.gov.co\/index.php\/instrumentos-de-gestion-de-la-informacion\/\" \/>\n<meta property=\"og:site_name\" content=\"CPIP - Consejo Profesional de Ingenier&iacute;a de Petr&oacute;leos\" \/>\n<meta property=\"article:modified_time\" content=\"2025-11-13T22:00:04+00:00\" \/>\n<meta name=\"twitter:card\" content=\"summary_large_image\" \/>\n<meta name=\"twitter:label1\" content=\"Tiempo de lectura\" \/>\n\t<meta name=\"twitter:data1\" content=\"1 minuto\" \/>\n<script type=\"application\/ld+json\" class=\"yoast-schema-graph\">{\"@context\":\"https:\\\/\\\/schema.org\",\"@graph\":[{\"@type\":\"WebPage\",\"@id\":\"https:\\\/\\\/www.cpip.gov.co\\\/index.php\\\/instrumentos-de-gestion-de-la-informacion\\\/\",\"url\":\"https:\\\/\\\/www.cpip.gov.co\\\/index.php\\\/instrumentos-de-gestion-de-la-informacion\\\/\",\"name\":\"Instrumentos de Gesti\u00f3n de la Informaci\u00f3n - CPIP - Consejo Profesional de Ingenier&iacute;a de Petr&oacute;leos\",\"isPartOf\":{\"@id\":\"https:\\\/\\\/www.cpip.gov.co\\\/#website\"},\"datePublished\":\"2022-09-09T20:47:47+00:00\",\"dateModified\":\"2025-11-13T22:00:04+00:00\",\"breadcrumb\":{\"@id\":\"https:\\\/\\\/www.cpip.gov.co\\\/index.php\\\/instrumentos-de-gestion-de-la-informacion\\\/#breadcrumb\"},\"inLanguage\":\"es-CO\",\"potentialAction\":[{\"@type\":\"ReadAction\",\"target\":[\"https:\\\/\\\/www.cpip.gov.co\\\/index.php\\\/instrumentos-de-gestion-de-la-informacion\\\/\"]}]},{\"@type\":\"BreadcrumbList\",\"@id\":\"https:\\\/\\\/www.cpip.gov.co\\\/index.php\\\/instrumentos-de-gestion-de-la-informacion\\\/#breadcrumb\",\"itemListElement\":[{\"@type\":\"ListItem\",\"position\":1,\"name\":\"Home\",\"item\":\"https:\\\/\\\/www.cpip.gov.co\\\/\"},{\"@type\":\"ListItem\",\"position\":2,\"name\":\"Instrumentos de Gesti\u00f3n de la Informaci\u00f3n\"}]},{\"@type\":\"WebSite\",\"@id\":\"https:\\\/\\\/www.cpip.gov.co\\\/#website\",\"url\":\"https:\\\/\\\/www.cpip.gov.co\\\/\",\"name\":\"CPIP - Consejo Profesional de Ingenier&iacute;a de Petr&oacute;leos\",\"description\":\"Entidad Gubernamental encargada de ejecutar la Inspecci&oacute;n y Vigilancia del Ejercico Legal de la Ingenieria de Petr&oacute;leos en Colombia.\",\"publisher\":{\"@id\":\"https:\\\/\\\/www.cpip.gov.co\\\/#organization\"},\"potentialAction\":[{\"@type\":\"SearchAction\",\"target\":{\"@type\":\"EntryPoint\",\"urlTemplate\":\"https:\\\/\\\/www.cpip.gov.co\\\/?s={search_term_string}\"},\"query-input\":{\"@type\":\"PropertyValueSpecification\",\"valueRequired\":true,\"valueName\":\"search_term_string\"}}],\"inLanguage\":\"es-CO\"},{\"@type\":\"Organization\",\"@id\":\"https:\\\/\\\/www.cpip.gov.co\\\/#organization\",\"name\":\"CPIP - Consejo Profesional de Ingenier&iacute;a de Petr&oacute;leos\",\"url\":\"https:\\\/\\\/www.cpip.gov.co\\\/\",\"logo\":{\"@type\":\"ImageObject\",\"inLanguage\":\"es-CO\",\"@id\":\"https:\\\/\\\/www.cpip.gov.co\\\/#\\\/schema\\\/logo\\\/image\\\/\",\"url\":\"https:\\\/\\\/www.cpip.gov.co\\\/wp-content\\\/uploads\\\/2024\\\/06\\\/cropped-cpip-1.png\",\"contentUrl\":\"https:\\\/\\\/www.cpip.gov.co\\\/wp-content\\\/uploads\\\/2024\\\/06\\\/cropped-cpip-1.png\",\"width\":1354,\"height\":399,\"caption\":\"CPIP - Consejo Profesional de Ingenier&iacute;a de Petr&oacute;leos\"},\"image\":{\"@id\":\"https:\\\/\\\/www.cpip.gov.co\\\/#\\\/schema\\\/logo\\\/image\\\/\"}}]}<\/script>\n<!-- \/ Yoast SEO plugin. -->","yoast_head_json":{"title":"Instrumentos de Gesti\u00f3n de la Informaci\u00f3n - CPIP - Consejo Profesional de Ingenier&iacute;a de Petr&oacute;leos","robots":{"index":"index","follow":"follow","max-snippet":"max-snippet:-1","max-image-preview":"max-image-preview:large","max-video-preview":"max-video-preview:-1"},"canonical":"https:\/\/www.cpip.gov.co\/index.php\/instrumentos-de-gestion-de-la-informacion\/","og_locale":"es_ES","og_type":"article","og_title":"Instrumentos de Gesti\u00f3n de la Informaci\u00f3n - CPIP - Consejo Profesional de Ingenier&iacute;a de Petr&oacute;leos","og_description":"INSTRUMENTOS DE GESTI\u00d3N DE LA INFORMACI\u00d3N 7.1 Registros de Activos de la Informaci\u00f3n 7.1.2 Indice de Informaci\u00f3n Clasificada y Reservada 7.1.3 Indice de Informaci\u00f3n Clasificada&hellip;","og_url":"https:\/\/www.cpip.gov.co\/index.php\/instrumentos-de-gestion-de-la-informacion\/","og_site_name":"CPIP - Consejo Profesional de Ingenier&iacute;a de Petr&oacute;leos","article_modified_time":"2025-11-13T22:00:04+00:00","twitter_card":"summary_large_image","twitter_misc":{"Tiempo de lectura":"1 minuto"},"schema":{"@context":"https:\/\/schema.org","@graph":[{"@type":"WebPage","@id":"https:\/\/www.cpip.gov.co\/index.php\/instrumentos-de-gestion-de-la-informacion\/","url":"https:\/\/www.cpip.gov.co\/index.php\/instrumentos-de-gestion-de-la-informacion\/","name":"Instrumentos de Gesti\u00f3n de la Informaci\u00f3n - CPIP - Consejo Profesional de Ingenier&iacute;a de Petr&oacute;leos","isPartOf":{"@id":"https:\/\/www.cpip.gov.co\/#website"},"datePublished":"2022-09-09T20:47:47+00:00","dateModified":"2025-11-13T22:00:04+00:00","breadcrumb":{"@id":"https:\/\/www.cpip.gov.co\/index.php\/instrumentos-de-gestion-de-la-informacion\/#breadcrumb"},"inLanguage":"es-CO","potentialAction":[{"@type":"ReadAction","target":["https:\/\/www.cpip.gov.co\/index.php\/instrumentos-de-gestion-de-la-informacion\/"]}]},{"@type":"BreadcrumbList","@id":"https:\/\/www.cpip.gov.co\/index.php\/instrumentos-de-gestion-de-la-informacion\/#breadcrumb","itemListElement":[{"@type":"ListItem","position":1,"name":"Home","item":"https:\/\/www.cpip.gov.co\/"},{"@type":"ListItem","position":2,"name":"Instrumentos de Gesti\u00f3n de la Informaci\u00f3n"}]},{"@type":"WebSite","@id":"https:\/\/www.cpip.gov.co\/#website","url":"https:\/\/www.cpip.gov.co\/","name":"CPIP - Consejo Profesional de Ingenier&iacute;a de Petr&oacute;leos","description":"Entidad Gubernamental encargada de ejecutar la Inspecci&oacute;n y Vigilancia del Ejercico Legal de la Ingenieria de Petr&oacute;leos en Colombia.","publisher":{"@id":"https:\/\/www.cpip.gov.co\/#organization"},"potentialAction":[{"@type":"SearchAction","target":{"@type":"EntryPoint","urlTemplate":"https:\/\/www.cpip.gov.co\/?s={search_term_string}"},"query-input":{"@type":"PropertyValueSpecification","valueRequired":true,"valueName":"search_term_string"}}],"inLanguage":"es-CO"},{"@type":"Organization","@id":"https:\/\/www.cpip.gov.co\/#organization","name":"CPIP - Consejo Profesional de Ingenier&iacute;a de Petr&oacute;leos","url":"https:\/\/www.cpip.gov.co\/","logo":{"@type":"ImageObject","inLanguage":"es-CO","@id":"https:\/\/www.cpip.gov.co\/#\/schema\/logo\/image\/","url":"https:\/\/www.cpip.gov.co\/wp-content\/uploads\/2024\/06\/cropped-cpip-1.png","contentUrl":"https:\/\/www.cpip.gov.co\/wp-content\/uploads\/2024\/06\/cropped-cpip-1.png","width":1354,"height":399,"caption":"CPIP - Consejo Profesional de Ingenier&iacute;a de Petr&oacute;leos"},"image":{"@id":"https:\/\/www.cpip.gov.co\/#\/schema\/logo\/image\/"}}]}},"_links":{"self":[{"href":"https:\/\/www.cpip.gov.co\/index.php\/wp-json\/wp\/v2\/pages\/9269","targetHints":{"allow":["GET"]}}],"collection":[{"href":"https:\/\/www.cpip.gov.co\/index.php\/wp-json\/wp\/v2\/pages"}],"about":[{"href":"https:\/\/www.cpip.gov.co\/index.php\/wp-json\/wp\/v2\/types\/page"}],"author":[{"embeddable":true,"href":"https:\/\/www.cpip.gov.co\/index.php\/wp-json\/wp\/v2\/users\/1"}],"replies":[{"embeddable":true,"href":"https:\/\/www.cpip.gov.co\/index.php\/wp-json\/wp\/v2\/comments?post=9269"}],"version-history":[{"count":65,"href":"https:\/\/www.cpip.gov.co\/index.php\/wp-json\/wp\/v2\/pages\/9269\/revisions"}],"predecessor-version":[{"id":16069,"href":"https:\/\/www.cpip.gov.co\/index.php\/wp-json\/wp\/v2\/pages\/9269\/revisions\/16069"}],"wp:attachment":[{"href":"https:\/\/www.cpip.gov.co\/index.php\/wp-json\/wp\/v2\/media?parent=9269"}],"curies":[{"name":"wp","href":"https:\/\/api.w.org\/{rel}","templated":true}]}}