{"id":9515,"date":"2022-09-13T16:14:39","date_gmt":"2022-09-13T16:14:39","guid":{"rendered":"https:\/\/www.cpip.gov.co\/?page_id=9515"},"modified":"2026-02-03T19:47:49","modified_gmt":"2026-02-03T19:47:49","slug":"mapas-y-cartas-descriptivas-de-los-procesos","status":"publish","type":"page","link":"https:\/\/www.cpip.gov.co\/index.php\/mapas-y-cartas-descriptivas-de-los-procesos\/","title":{"rendered":"Mapas y cartas descriptivas de los procesos"},"content":{"rendered":"\t\t<div data-elementor-type=\"wp-page\" data-elementor-id=\"9515\" class=\"elementor elementor-9515\">\n\t\t\t\t\t\t<section class=\"elementor-section elementor-top-section elementor-element elementor-element-bb6abf9 elementor-section-boxed elementor-section-height-default elementor-section-height-default\" data-id=\"bb6abf9\" data-element_type=\"section\" data-e-type=\"section\">\n\t\t\t\t\t\t<div class=\"elementor-container elementor-column-gap-default\">\n\t\t\t\t\t<div class=\"elementor-column elementor-col-100 elementor-top-column elementor-element elementor-element-52d2506\" data-id=\"52d2506\" data-element_type=\"column\" data-e-type=\"column\">\n\t\t\t<div class=\"elementor-widget-wrap elementor-element-populated\">\n\t\t\t\t\t\t<div class=\"elementor-element elementor-element-ea2d43b elementor-widget elementor-widget-text-editor\" data-id=\"ea2d43b\" data-element_type=\"widget\" data-e-type=\"widget\" data-widget_type=\"text-editor.default\">\n\t\t\t\t<div class=\"elementor-widget-container\">\n\t\t\t\t\t\t\t\t\t<p>\u00a0<\/p><p><span style=\"text-decoration: underline;\"><a href=\"https:\/\/www.cpip.gov.co\/wp-content\/uploads\/2024\/10\/MAPA-DE-PROCESOS-CPIP.pdf\">Mapa de procesos<\/a><br \/><a href=\"https:\/\/www.cpip.gov.co\/wp-content\/uploads\/2021\/05\/PE-POL-001-Pol\u00edtica-Integral-001-1.pdf\">Politica Integral<\/a><br \/><a href=\"https:\/\/www.cpip.gov.co\/wp-content\/uploads\/2021\/05\/PE-POL-002-Pol\u00edtica-Acoso-Laboral-001.pdf\">Pol\u00edtica de Acoso Laboral<\/a><br \/><a href=\"https:\/\/www.cpip.gov.co\/wp-content\/uploads\/2021\/01\/PE-POL-003-POL\u00cdTICA-DE-USO-DE-INSTALACIONES-COMPUTO.pdf\">Politica de Uso de Instalaciones de Computo<\/a><br \/><a href=\"https:\/\/www.cpip.gov.co\/wp-content\/uploads\/2021\/05\/PE-POL-004-POLITICA-DE-ADMINISTRACI\u00d3N-DEL-RIESGO.pdf\">Pol\u00edticas de Riesgo<\/a><br \/><a href=\"https:\/\/www.cpip.gov.co\/wp-content\/uploads\/2021\/05\/PE-POL-005-PREVENCI\u00d3N-DE-CONSUMO-SUSTANCIAS-PSICOACTIVAS-001-1.pdf\">Prevenci\u00f3n de Consumo de Sustancias Psicoativas<\/a><br \/><a href=\"https:\/\/www.cpip.gov.co\/wp-content\/uploads\/2021\/05\/PE-POL-006-POL\u00cdTICA-DE-SERVICIO-AL-CIUDADANO-001-1.pdf\">Pol\u00edticas de Servicio al Ciudadano<\/a><br \/><a href=\"https:\/\/www.cpip.gov.co\/wp-content\/uploads\/2021\/05\/PE-POL-008-POL\u00cdTICA-DE-TRANSPARENCIA-Y-ACCESO-A-LA-INFORMACI\u00d3N-P\u00daBLICA-Y-LUCHA-CONTRA-LA-CORRUPCI\u00d3N-1.pdf\">Pol\u00edticas de Transparencia y Acceso a la Informaci\u00f3n P\u00fablica<\/a><br \/><a href=\"https:\/\/www.cpip.gov.co\/wp-content\/uploads\/2021\/01\/PE-POL-009-POL\u00cdTICA-DE-CONTROL-INTERNO.pdf\">Pol\u00edtica de Control Interno<\/a><br \/><a href=\"https:\/\/www.cpip.gov.co\/wp-content\/uploads\/2021\/05\/PE-POL-010-POL\u00cdTICA-DE-SEGURIDAD-DE-LA-INFORMACI\u00d3N-001-1.pdf\">Pol\u00edtica de Seguridad de la Informaci\u00f3n<\/a><br \/><a href=\"https:\/\/www.cpip.gov.co\/wp-content\/uploads\/2021\/05\/PE-POL-012-POL\u00cdTICA-DE-SEGURIDAD-DE-REDES-001.pdf\">Pol\u00edtica de Seguridad de Redes<\/a><br \/><a href=\"https:\/\/www.cpip.gov.co\/wp-content\/uploads\/2021\/05\/PE-POL-007-POL\u00cdTICA-DE-GESTI\u00d3N-DOCUMENTAL-001.pdf\">Pol\u00edtica de Gestion Documental<\/a><br \/><a href=\"https:\/\/www.cpip.gov.co\/wp-content\/uploads\/2021\/12\/PE-POL-014-POLITICA-DE-GESTI\u00d3N-DEL-CONOCIMIENTO-Y-LA-INNOVACI\u00d3N-1.pdf\">Politica de Gesti\u00f3n del Conocimiento y la Innovaci\u00f3n<\/a><br \/><a href=\"https:\/\/www.cpip.gov.co\/wp-content\/uploads\/2021\/12\/PE-POL-015-POL\u00cdTICA-DE-TRATAMIENTO-Y-PROTECCI\u00d3N-DE-DATOS-PERSONALES-DEL-CONSEJO-PROFESIONAL-DE-INGENIERIA-DE-PETR\u00d3LEOS.pdf\">Pol\u00edtica de tratamiento y protecci\u00f3n de datos<\/a><br \/><a href=\"https:\/\/www.cpip.gov.co\/wp-content\/uploads\/2024\/10\/GI-MAN-004-Manual-del-SGC-001.pdf\">Manual del SGC<\/a><br \/><a href=\"https:\/\/www.cpip.gov.co\/wp-content\/uploads\/2022\/06\/Manual-de-politicas-contables.pdf\">Manual de Pol\u00edticas Contables<\/a><br \/><a href=\"https:\/\/www.cpip.gov.co\/wp-content\/uploads\/2025\/05\/250211-PE-MAN-002-REGLAMENTO-INTERNO-DE-TRABAJO.pdf\">Reglamento Interno de Trabajo<\/a><br \/><a href=\"https:\/\/www.cpip.gov.co\/wp-content\/uploads\/2022\/08\/Manual-de-Bioseguridad.pdf\">Manual de Bioseguridad<\/a><br \/><a href=\"https:\/\/www.cpip.gov.co\/wp-content\/uploads\/2024\/07\/Manual-de-identidad-visual-CPIP-2024-1.pdf\">Manual de Identidad Visual<\/a><br \/><\/span><span style=\"text-decoration: underline;\"><a href=\"https:\/\/www.cpip.gov.co\/wp-content\/uploads\/2021\/05\/ALCANCE-DEL-SISTEMA-INTEGRADO-DE-GESTIO\u0301N.pdf\">Alcance del Sistema Integrado de Gesti\u00f3n del CPIP<\/a><br \/><\/span><a href=\"https:\/\/www.cpip.gov.co\/wp-content\/uploads\/2025\/02\/250206-INFORME-DE-ENCUESTA-DE-SATISFACCION-DEL-CONSEJO-PROFESIONAL-DE-INGENIERIA-DE-PETROLEOS.pdf\"><span style=\"text-decoration: underline;\">Encuesta de Satisfacci\u00f3n 2024<\/span><\/a><br \/><a href=\"https:\/\/www.cpip.gov.co\/wp-content\/uploads\/2026\/02\/260122-INFORME-DE-ENCUESTA-DE-SATISFACCION-2025.pdf\"><span style=\"text-decoration: underline;\">Encuesta de Satisfacci\u00f3n 2025<\/span><\/a><\/p>\t\t\t\t\t\t\t\t<\/div>\n\t\t\t\t<\/div>\n\t\t\t\t\t<\/div>\n\t\t<\/div>\n\t\t\t\t\t<\/div>\n\t\t<\/section>\n\t\t\t\t<section class=\"elementor-section elementor-top-section elementor-element elementor-element-636c27d elementor-section-boxed elementor-section-height-default elementor-section-height-default\" data-id=\"636c27d\" data-element_type=\"section\" data-e-type=\"section\">\n\t\t\t\t\t\t<div class=\"elementor-container elementor-column-gap-default\">\n\t\t\t\t\t<div class=\"elementor-column elementor-col-100 elementor-top-column elementor-element elementor-element-5422d3b\" data-id=\"5422d3b\" data-element_type=\"column\" data-e-type=\"column\">\n\t\t\t<div class=\"elementor-widget-wrap elementor-element-populated\">\n\t\t\t\t\t\t<div class=\"elementor-element elementor-element-b2648bf elementor-widget elementor-widget-spacer\" data-id=\"b2648bf\" data-element_type=\"widget\" data-e-type=\"widget\" data-widget_type=\"spacer.default\">\n\t\t\t\t<div class=\"elementor-widget-container\">\n\t\t\t\t\t\t\t<div class=\"elementor-spacer\">\n\t\t\t<div class=\"elementor-spacer-inner\"><\/div>\n\t\t<\/div>\n\t\t\t\t\t\t<\/div>\n\t\t\t\t<\/div>\n\t\t\t\t\t<\/div>\n\t\t<\/div>\n\t\t\t\t\t<\/div>\n\t\t<\/section>\n\t\t\t\t<section class=\"elementor-section elementor-top-section elementor-element elementor-element-b7b7aa6 elementor-section-full_width elementor-section-stretched elementor-section-height-default elementor-section-height-default\" data-id=\"b7b7aa6\" data-element_type=\"section\" data-e-type=\"section\" data-settings=\"{&quot;stretch_section&quot;:&quot;section-stretched&quot;}\">\n\t\t\t\t\t\t<div class=\"elementor-container elementor-column-gap-default\">\n\t\t\t\t\t<div class=\"elementor-column elementor-col-100 elementor-top-column elementor-element elementor-element-28126a5\" data-id=\"28126a5\" data-element_type=\"column\" data-e-type=\"column\">\n\t\t\t<div class=\"elementor-widget-wrap elementor-element-populated\">\n\t\t\t\t\t\t<section class=\"elementor-section elementor-inner-section elementor-element elementor-element-4845562 elementor-section-full_width elementor-section-height-default elementor-section-height-default\" data-id=\"4845562\" data-element_type=\"section\" data-e-type=\"section\">\n\t\t\t\t\t\t<div class=\"elementor-container elementor-column-gap-default\">\n\t\t\t\t\t<div class=\"elementor-column elementor-col-50 elementor-inner-column elementor-element elementor-element-efff0bd\" data-id=\"efff0bd\" data-element_type=\"column\" data-e-type=\"column\">\n\t\t\t<div class=\"elementor-widget-wrap elementor-element-populated\">\n\t\t\t\t\t\t<div class=\"elementor-element elementor-element-78b647b elementor-widget elementor-widget-text-editor\" data-id=\"78b647b\" data-element_type=\"widget\" data-e-type=\"widget\" data-widget_type=\"text-editor.default\">\n\t\t\t\t<div class=\"elementor-widget-container\">\n\t\t\t\t\t\t\t\t\t<div class=\"mb-4 h3\">Consejo Profesional de Ingenier\u00eda de Petr\u00f3leos &#8211; CPIP<\/div><p>Edificio Centro 95 &#8211; Cra. 11a No. 94A -56 Ofcina 401 Bogot\u00e1, Colombia &#8211; C\u00f3digo Postal 111711<\/p><p>Tel\u00e9fono Conmutador:\u00a0<a href=\"tel:6013443460\">+57 601 7045300<\/a> &#8211; L\u00ednea Celular: <a href=\"tel:018000914014\">3115383775<\/a><\/p><p>L\u00ednea Anticorrupci\u00f3n:\u00a0<a href=\"tel:018000912667\">3115383775<\/a><\/p><p>Correo Institucional: contacto@cpip.gov.co<\/p><p>Denuncias por actos de corrupci\u00f3n: <a href=\"mailto:liderjuridico@cpip.gov.co\">liderjuridico@cpip.gov.co<\/a><\/p><p>Horario de Atenci\u00f3n Presencial:<\/p><p>lunes a viernes de 9:00 a.m. \u2013 5:00 p.m. Jornada Continua<\/p><p><span style=\"text-decoration: underline;\"><strong><a href=\"https:\/\/www.cpip.gov.co\/wp-content\/uploads\/2021\/12\/PE-POL-015-POL%C3%8DTICA-DE-TRATAMIENTO-Y-PROTECCI%C3%93N-DE-DATOS-PERSONALES-DEL-CONSEJO-PROFESIONAL-DE-INGENIERIA-DE-PETR%C3%93LEOS.pdf\">Pol\u00edticas de Privacidad y Condiciones de uso<\/a><\/strong><\/span><\/p>\t\t\t\t\t\t\t\t<\/div>\n\t\t\t\t<\/div>\n\t\t\t\t<div class=\"elementor-element elementor-element-c10d62a elementor-shape-circle e-grid-align-left elementor-grid-0 elementor-widget elementor-widget-social-icons\" data-id=\"c10d62a\" data-element_type=\"widget\" data-e-type=\"widget\" data-widget_type=\"social-icons.default\">\n\t\t\t\t<div class=\"elementor-widget-container\">\n\t\t\t\t\t\t\t<div class=\"elementor-social-icons-wrapper elementor-grid\" role=\"list\">\n\t\t\t\t\t\t\t<span class=\"elementor-grid-item\" role=\"listitem\">\n\t\t\t\t\t<a class=\"elementor-icon elementor-social-icon elementor-social-icon-facebook elementor-repeater-item-f6cd25f\" href=\"https:\/\/www.facebook.com\/ConsejoProfesionaldeIngenieriadePetroleos.CPIP.3\/\" target=\"_blank\">\n\t\t\t\t\t\t<span class=\"elementor-screen-only\">Facebook<\/span>\n\t\t\t\t\t\t<i aria-hidden=\"true\" class=\"fab fa-facebook\"><\/i>\t\t\t\t\t<\/a>\n\t\t\t\t<\/span>\n\t\t\t\t\t\t\t<span class=\"elementor-grid-item\" role=\"listitem\">\n\t\t\t\t\t<a class=\"elementor-icon elementor-social-icon elementor-social-icon-instagram elementor-repeater-item-2f514ab\" href=\"https:\/\/www.instagram.com\/cpip_colombia\/\" target=\"_blank\">\n\t\t\t\t\t\t<span class=\"elementor-screen-only\">Instagram<\/span>\n\t\t\t\t\t\t<i aria-hidden=\"true\" class=\"fab fa-instagram\"><\/i>\t\t\t\t\t<\/a>\n\t\t\t\t<\/span>\n\t\t\t\t\t\t\t<span class=\"elementor-grid-item\" role=\"listitem\">\n\t\t\t\t\t<a class=\"elementor-icon elementor-social-icon elementor-social-icon-youtube elementor-repeater-item-6b41cf6\" href=\"https:\/\/www.youtube.com\/channel\/UC4yGygq4bVq0lHSKpTQBKiA\/playlists\" target=\"_blank\">\n\t\t\t\t\t\t<span class=\"elementor-screen-only\">Youtube<\/span>\n\t\t\t\t\t\t<i aria-hidden=\"true\" class=\"fab fa-youtube\"><\/i>\t\t\t\t\t<\/a>\n\t\t\t\t<\/span>\n\t\t\t\t\t<\/div>\n\t\t\t\t\t\t<\/div>\n\t\t\t\t<\/div>\n\t\t\t\t\t<\/div>\n\t\t<\/div>\n\t\t\t\t<div class=\"elementor-column elementor-col-50 elementor-inner-column elementor-element elementor-element-eae286a\" data-id=\"eae286a\" data-element_type=\"column\" data-e-type=\"column\">\n\t\t\t<div class=\"elementor-widget-wrap elementor-element-populated\">\n\t\t\t\t\t\t<div class=\"elementor-element elementor-element-5bb0cae elementor-widget elementor-widget-image\" data-id=\"5bb0cae\" data-element_type=\"widget\" data-e-type=\"widget\" data-widget_type=\"image.default\">\n\t\t\t\t<div class=\"elementor-widget-container\">\n\t\t\t\t\t\t\t\t\t\t\t\t\t\t\t<img fetchpriority=\"high\" decoding=\"async\" width=\"1423\" height=\"618\" src=\"https:\/\/www.cpip.gov.co\/wp-content\/uploads\/2026\/02\/LOGO-CPIP_2024-04.png\" class=\"attachment-full size-full wp-image-16323\" alt=\"\" srcset=\"https:\/\/www.cpip.gov.co\/wp-content\/uploads\/2026\/02\/LOGO-CPIP_2024-04.png 1423w, https:\/\/www.cpip.gov.co\/wp-content\/uploads\/2026\/02\/LOGO-CPIP_2024-04-300x130.png 300w, https:\/\/www.cpip.gov.co\/wp-content\/uploads\/2026\/02\/LOGO-CPIP_2024-04-1024x445.png 1024w, https:\/\/www.cpip.gov.co\/wp-content\/uploads\/2026\/02\/LOGO-CPIP_2024-04-768x334.png 768w\" sizes=\"(max-width: 1423px) 100vw, 1423px\" \/>\t\t\t\t\t\t\t\t\t\t\t\t\t\t\t<\/div>\n\t\t\t\t<\/div>\n\t\t\t\t\t<\/div>\n\t\t<\/div>\n\t\t\t\t\t<\/div>\n\t\t<\/section>\n\t\t\t\t\t<\/div>\n\t\t<\/div>\n\t\t\t\t\t<\/div>\n\t\t<\/section>\n\t\t\t\t<\/div>\n\t\t","protected":false},"excerpt":{"rendered":"<p>\u00a0 Mapa de procesosPolitica IntegralPol\u00edtica de Acoso LaboralPolitica de Uso de Instalaciones de ComputoPol\u00edticas de RiesgoPrevenci\u00f3n de Consumo de Sustancias PsicoativasPol\u00edticas de Servicio al CiudadanoPol\u00edticas&hellip;<\/p>\n","protected":false},"author":1,"featured_media":0,"parent":0,"menu_order":0,"comment_status":"closed","ping_status":"closed","template":"","meta":{"footnotes":""},"class_list":["post-9515","page","type-page","status-publish","hentry"],"yoast_head":"<!-- This site is optimized with the Yoast SEO plugin v27.4 - https:\/\/yoast.com\/product\/yoast-seo-wordpress\/ -->\n<title>Mapas y cartas descriptivas de los procesos - CPIP - Consejo Profesional de Ingenier&iacute;a de Petr&oacute;leos<\/title>\n<meta name=\"robots\" content=\"index, follow, max-snippet:-1, max-image-preview:large, max-video-preview:-1\" \/>\n<link rel=\"canonical\" href=\"https:\/\/www.cpip.gov.co\/index.php\/mapas-y-cartas-descriptivas-de-los-procesos\/\" \/>\n<meta property=\"og:locale\" content=\"es_ES\" \/>\n<meta property=\"og:type\" content=\"article\" \/>\n<meta property=\"og:title\" content=\"Mapas y cartas descriptivas de los procesos - CPIP - Consejo Profesional de Ingenier&iacute;a de Petr&oacute;leos\" \/>\n<meta property=\"og:description\" content=\"\u00a0 Mapa de procesosPolitica IntegralPol\u00edtica de Acoso LaboralPolitica de Uso de Instalaciones de ComputoPol\u00edticas de RiesgoPrevenci\u00f3n de Consumo de Sustancias PsicoativasPol\u00edticas de Servicio al CiudadanoPol\u00edticas&hellip;\" \/>\n<meta property=\"og:url\" content=\"https:\/\/www.cpip.gov.co\/index.php\/mapas-y-cartas-descriptivas-de-los-procesos\/\" \/>\n<meta property=\"og:site_name\" content=\"CPIP - Consejo Profesional de Ingenier&iacute;a de Petr&oacute;leos\" \/>\n<meta property=\"article:modified_time\" content=\"2026-02-03T19:47:49+00:00\" \/>\n<meta property=\"og:image\" content=\"https:\/\/www.cpip.gov.co\/wp-content\/uploads\/2026\/02\/LOGO-CPIP_2024-04.png\" \/>\n<meta name=\"twitter:card\" content=\"summary_large_image\" \/>\n<meta name=\"twitter:label1\" content=\"Tiempo de lectura\" \/>\n\t<meta name=\"twitter:data1\" content=\"2 minutos\" \/>\n<script type=\"application\/ld+json\" class=\"yoast-schema-graph\">{\"@context\":\"https:\\\/\\\/schema.org\",\"@graph\":[{\"@type\":\"WebPage\",\"@id\":\"https:\\\/\\\/www.cpip.gov.co\\\/index.php\\\/mapas-y-cartas-descriptivas-de-los-procesos\\\/\",\"url\":\"https:\\\/\\\/www.cpip.gov.co\\\/index.php\\\/mapas-y-cartas-descriptivas-de-los-procesos\\\/\",\"name\":\"Mapas y cartas descriptivas de los procesos - CPIP - Consejo Profesional de Ingenier&iacute;a de Petr&oacute;leos\",\"isPartOf\":{\"@id\":\"https:\\\/\\\/www.cpip.gov.co\\\/#website\"},\"primaryImageOfPage\":{\"@id\":\"https:\\\/\\\/www.cpip.gov.co\\\/index.php\\\/mapas-y-cartas-descriptivas-de-los-procesos\\\/#primaryimage\"},\"image\":{\"@id\":\"https:\\\/\\\/www.cpip.gov.co\\\/index.php\\\/mapas-y-cartas-descriptivas-de-los-procesos\\\/#primaryimage\"},\"thumbnailUrl\":\"https:\\\/\\\/www.cpip.gov.co\\\/wp-content\\\/uploads\\\/2026\\\/02\\\/LOGO-CPIP_2024-04.png\",\"datePublished\":\"2022-09-13T16:14:39+00:00\",\"dateModified\":\"2026-02-03T19:47:49+00:00\",\"breadcrumb\":{\"@id\":\"https:\\\/\\\/www.cpip.gov.co\\\/index.php\\\/mapas-y-cartas-descriptivas-de-los-procesos\\\/#breadcrumb\"},\"inLanguage\":\"es-CO\",\"potentialAction\":[{\"@type\":\"ReadAction\",\"target\":[\"https:\\\/\\\/www.cpip.gov.co\\\/index.php\\\/mapas-y-cartas-descriptivas-de-los-procesos\\\/\"]}]},{\"@type\":\"ImageObject\",\"inLanguage\":\"es-CO\",\"@id\":\"https:\\\/\\\/www.cpip.gov.co\\\/index.php\\\/mapas-y-cartas-descriptivas-de-los-procesos\\\/#primaryimage\",\"url\":\"https:\\\/\\\/www.cpip.gov.co\\\/wp-content\\\/uploads\\\/2026\\\/02\\\/LOGO-CPIP_2024-04.png\",\"contentUrl\":\"https:\\\/\\\/www.cpip.gov.co\\\/wp-content\\\/uploads\\\/2026\\\/02\\\/LOGO-CPIP_2024-04.png\",\"width\":1423,\"height\":618},{\"@type\":\"BreadcrumbList\",\"@id\":\"https:\\\/\\\/www.cpip.gov.co\\\/index.php\\\/mapas-y-cartas-descriptivas-de-los-procesos\\\/#breadcrumb\",\"itemListElement\":[{\"@type\":\"ListItem\",\"position\":1,\"name\":\"Home\",\"item\":\"https:\\\/\\\/www.cpip.gov.co\\\/\"},{\"@type\":\"ListItem\",\"position\":2,\"name\":\"Mapas y cartas descriptivas de los procesos\"}]},{\"@type\":\"WebSite\",\"@id\":\"https:\\\/\\\/www.cpip.gov.co\\\/#website\",\"url\":\"https:\\\/\\\/www.cpip.gov.co\\\/\",\"name\":\"CPIP - Consejo Profesional de Ingenier&iacute;a de Petr&oacute;leos\",\"description\":\"Entidad Gubernamental encargada de ejecutar la Inspecci&oacute;n y Vigilancia del Ejercico Legal de la Ingenieria de Petr&oacute;leos en Colombia.\",\"publisher\":{\"@id\":\"https:\\\/\\\/www.cpip.gov.co\\\/#organization\"},\"potentialAction\":[{\"@type\":\"SearchAction\",\"target\":{\"@type\":\"EntryPoint\",\"urlTemplate\":\"https:\\\/\\\/www.cpip.gov.co\\\/?s={search_term_string}\"},\"query-input\":{\"@type\":\"PropertyValueSpecification\",\"valueRequired\":true,\"valueName\":\"search_term_string\"}}],\"inLanguage\":\"es-CO\"},{\"@type\":\"Organization\",\"@id\":\"https:\\\/\\\/www.cpip.gov.co\\\/#organization\",\"name\":\"CPIP - Consejo Profesional de Ingenier&iacute;a de Petr&oacute;leos\",\"url\":\"https:\\\/\\\/www.cpip.gov.co\\\/\",\"logo\":{\"@type\":\"ImageObject\",\"inLanguage\":\"es-CO\",\"@id\":\"https:\\\/\\\/www.cpip.gov.co\\\/#\\\/schema\\\/logo\\\/image\\\/\",\"url\":\"https:\\\/\\\/www.cpip.gov.co\\\/wp-content\\\/uploads\\\/2024\\\/06\\\/cropped-cpip-1.png\",\"contentUrl\":\"https:\\\/\\\/www.cpip.gov.co\\\/wp-content\\\/uploads\\\/2024\\\/06\\\/cropped-cpip-1.png\",\"width\":1354,\"height\":399,\"caption\":\"CPIP - Consejo Profesional de Ingenier&iacute;a de Petr&oacute;leos\"},\"image\":{\"@id\":\"https:\\\/\\\/www.cpip.gov.co\\\/#\\\/schema\\\/logo\\\/image\\\/\"}}]}<\/script>\n<!-- \/ Yoast SEO plugin. -->","yoast_head_json":{"title":"Mapas y cartas descriptivas de los procesos - CPIP - Consejo Profesional de Ingenier&iacute;a de Petr&oacute;leos","robots":{"index":"index","follow":"follow","max-snippet":"max-snippet:-1","max-image-preview":"max-image-preview:large","max-video-preview":"max-video-preview:-1"},"canonical":"https:\/\/www.cpip.gov.co\/index.php\/mapas-y-cartas-descriptivas-de-los-procesos\/","og_locale":"es_ES","og_type":"article","og_title":"Mapas y cartas descriptivas de los procesos - CPIP - Consejo Profesional de Ingenier&iacute;a de Petr&oacute;leos","og_description":"\u00a0 Mapa de procesosPolitica IntegralPol\u00edtica de Acoso LaboralPolitica de Uso de Instalaciones de ComputoPol\u00edticas de RiesgoPrevenci\u00f3n de Consumo de Sustancias PsicoativasPol\u00edticas de Servicio al CiudadanoPol\u00edticas&hellip;","og_url":"https:\/\/www.cpip.gov.co\/index.php\/mapas-y-cartas-descriptivas-de-los-procesos\/","og_site_name":"CPIP - Consejo Profesional de Ingenier&iacute;a de Petr&oacute;leos","article_modified_time":"2026-02-03T19:47:49+00:00","og_image":[{"url":"https:\/\/www.cpip.gov.co\/wp-content\/uploads\/2026\/02\/LOGO-CPIP_2024-04.png","type":"","width":"","height":""}],"twitter_card":"summary_large_image","twitter_misc":{"Tiempo de lectura":"2 minutos"},"schema":{"@context":"https:\/\/schema.org","@graph":[{"@type":"WebPage","@id":"https:\/\/www.cpip.gov.co\/index.php\/mapas-y-cartas-descriptivas-de-los-procesos\/","url":"https:\/\/www.cpip.gov.co\/index.php\/mapas-y-cartas-descriptivas-de-los-procesos\/","name":"Mapas y cartas descriptivas de los procesos - CPIP - Consejo Profesional de Ingenier&iacute;a de Petr&oacute;leos","isPartOf":{"@id":"https:\/\/www.cpip.gov.co\/#website"},"primaryImageOfPage":{"@id":"https:\/\/www.cpip.gov.co\/index.php\/mapas-y-cartas-descriptivas-de-los-procesos\/#primaryimage"},"image":{"@id":"https:\/\/www.cpip.gov.co\/index.php\/mapas-y-cartas-descriptivas-de-los-procesos\/#primaryimage"},"thumbnailUrl":"https:\/\/www.cpip.gov.co\/wp-content\/uploads\/2026\/02\/LOGO-CPIP_2024-04.png","datePublished":"2022-09-13T16:14:39+00:00","dateModified":"2026-02-03T19:47:49+00:00","breadcrumb":{"@id":"https:\/\/www.cpip.gov.co\/index.php\/mapas-y-cartas-descriptivas-de-los-procesos\/#breadcrumb"},"inLanguage":"es-CO","potentialAction":[{"@type":"ReadAction","target":["https:\/\/www.cpip.gov.co\/index.php\/mapas-y-cartas-descriptivas-de-los-procesos\/"]}]},{"@type":"ImageObject","inLanguage":"es-CO","@id":"https:\/\/www.cpip.gov.co\/index.php\/mapas-y-cartas-descriptivas-de-los-procesos\/#primaryimage","url":"https:\/\/www.cpip.gov.co\/wp-content\/uploads\/2026\/02\/LOGO-CPIP_2024-04.png","contentUrl":"https:\/\/www.cpip.gov.co\/wp-content\/uploads\/2026\/02\/LOGO-CPIP_2024-04.png","width":1423,"height":618},{"@type":"BreadcrumbList","@id":"https:\/\/www.cpip.gov.co\/index.php\/mapas-y-cartas-descriptivas-de-los-procesos\/#breadcrumb","itemListElement":[{"@type":"ListItem","position":1,"name":"Home","item":"https:\/\/www.cpip.gov.co\/"},{"@type":"ListItem","position":2,"name":"Mapas y cartas descriptivas de los procesos"}]},{"@type":"WebSite","@id":"https:\/\/www.cpip.gov.co\/#website","url":"https:\/\/www.cpip.gov.co\/","name":"CPIP - Consejo Profesional de Ingenier&iacute;a de Petr&oacute;leos","description":"Entidad Gubernamental encargada de ejecutar la Inspecci&oacute;n y Vigilancia del Ejercico Legal de la Ingenieria de Petr&oacute;leos en Colombia.","publisher":{"@id":"https:\/\/www.cpip.gov.co\/#organization"},"potentialAction":[{"@type":"SearchAction","target":{"@type":"EntryPoint","urlTemplate":"https:\/\/www.cpip.gov.co\/?s={search_term_string}"},"query-input":{"@type":"PropertyValueSpecification","valueRequired":true,"valueName":"search_term_string"}}],"inLanguage":"es-CO"},{"@type":"Organization","@id":"https:\/\/www.cpip.gov.co\/#organization","name":"CPIP - Consejo Profesional de Ingenier&iacute;a de Petr&oacute;leos","url":"https:\/\/www.cpip.gov.co\/","logo":{"@type":"ImageObject","inLanguage":"es-CO","@id":"https:\/\/www.cpip.gov.co\/#\/schema\/logo\/image\/","url":"https:\/\/www.cpip.gov.co\/wp-content\/uploads\/2024\/06\/cropped-cpip-1.png","contentUrl":"https:\/\/www.cpip.gov.co\/wp-content\/uploads\/2024\/06\/cropped-cpip-1.png","width":1354,"height":399,"caption":"CPIP - Consejo Profesional de Ingenier&iacute;a de Petr&oacute;leos"},"image":{"@id":"https:\/\/www.cpip.gov.co\/#\/schema\/logo\/image\/"}}]}},"_links":{"self":[{"href":"https:\/\/www.cpip.gov.co\/index.php\/wp-json\/wp\/v2\/pages\/9515","targetHints":{"allow":["GET"]}}],"collection":[{"href":"https:\/\/www.cpip.gov.co\/index.php\/wp-json\/wp\/v2\/pages"}],"about":[{"href":"https:\/\/www.cpip.gov.co\/index.php\/wp-json\/wp\/v2\/types\/page"}],"author":[{"embeddable":true,"href":"https:\/\/www.cpip.gov.co\/index.php\/wp-json\/wp\/v2\/users\/1"}],"replies":[{"embeddable":true,"href":"https:\/\/www.cpip.gov.co\/index.php\/wp-json\/wp\/v2\/comments?post=9515"}],"version-history":[{"count":122,"href":"https:\/\/www.cpip.gov.co\/index.php\/wp-json\/wp\/v2\/pages\/9515\/revisions"}],"predecessor-version":[{"id":16326,"href":"https:\/\/www.cpip.gov.co\/index.php\/wp-json\/wp\/v2\/pages\/9515\/revisions\/16326"}],"wp:attachment":[{"href":"https:\/\/www.cpip.gov.co\/index.php\/wp-json\/wp\/v2\/media?parent=9515"}],"curies":[{"name":"wp","href":"https:\/\/api.w.org\/{rel}","templated":true}]}}